{"id":7391,"date":"2015-12-14T07:14:55","date_gmt":"2015-12-14T07:14:55","guid":{"rendered":"https:\/\/benefituctovnictvo.sk\/domov\/"},"modified":"2024-10-31T09:48:09","modified_gmt":"2024-10-31T09:48:09","slug":"domov","status":"publish","type":"page","link":"https:\/\/benefituctovnictvo.sk\/hu\/","title":{"rendered":"Kezd\u0151lap"},"content":{"rendered":"<p>[vc_row][vc_column][rev_slider_vc alias=&#8221;highlight-carousel7&#8243;][\/vc_column][\/vc_row][vc_row full_width=&#8221;stretch_row&#8221; css=&#8221;.vc_custom_1563445029372{background-color: #eeeff1 !important;}&#8221;][vc_column][stm_spacing lg_spacing=&#8221;75&#8243; md_spacing=&#8221;70&#8243; sm_spacing=&#8221;60&#8243; xs_spacing=&#8221;50&#8243;][vc_row_inner content_placement=&#8221;middle&#8221;][vc_column_inner offset=&#8221;vc_col-lg-12 vc_col-md-12&#8243;][vc_custom_heading text=&#8221;Szolg\u00e1ltat\u00e1saink&#8221; font_container=&#8221;tag:h2|text_align:center&#8221; use_theme_fonts=&#8221;yes&#8221; el_class=&#8221;hide_indents mobile_align_center&#8221;][\/vc_column_inner][\/vc_row_inner][stm_spacing lg_spacing=&#8221;10&#8243; md_spacing=&#8221;10&#8243; sm_spacing=&#8221;10&#8243; xs_spacing=&#8221;10&#8243;][vc_row_inner equal_height=&#8221;yes&#8221;][vc_column_inner width=&#8221;1\/2&#8243; offset=&#8221;vc_col-lg-4 vc_col-md-4 vc_col-xs-12&#8243;][stm_spacing lg_spacing=&#8221;56&#8243; md_spacing=&#8221;56&#8243; sm_spacing=&#8221;40&#8243; xs_spacing=&#8221;30&#8243;][stm_icon_box box_style=&#8221;style_5&#8243; add_link=&#8221;enable&#8221; icon=&#8221;stm-online-calculator&#8221; icon_size=&#8221;50&#8243; icon_color=&#8221;secondary&#8221; title=&#8221;K\u00f6nyvel\u00e9s&#8221; title_font_size=&#8221;18&#8243; title_line_height=&#8221;22&#8243; link=&#8221;url:https%3A%2F%2Fbenefituctovnictvo.sk%2Fhu%2Fkonyveles%2F|title:K%C3%B6nyvel%C3%A9s&#8221;]Legyen m\u00f6g\u00f6tted egy er\u0151s \u00e9s profi csapat. A jelenlegi t\u00f6rv\u00e9nyeknek \u00e9s el\u0151\u00edr\u00e1soknak megfelel\u0151 k\u00f6nyvel\u00e9s minden sikeres \u00fczlet elengedhetetlen r\u00e9sze.[\/stm_icon_box][\/vc_column_inner][vc_column_inner width=&#8221;1\/2&#8243; offset=&#8221;vc_col-lg-4 vc_col-md-4 vc_col-xs-12&#8243;][stm_spacing lg_spacing=&#8221;56&#8243; md_spacing=&#8221;56&#8243; sm_spacing=&#8221;40&#8243; xs_spacing=&#8221;40&#8243;][stm_icon_box box_style=&#8221;style_5&#8243; add_link=&#8221;enable&#8221; icon=&#8221;stm-mumbai_people&#8221; icon_size=&#8221;50&#8243; icon_color=&#8221;secondary&#8221; title=&#8221;B\u00e9rsz\u00e1mfejt\u00e9s&#8221; title_font_size=&#8221;18&#8243; title_line_height=&#8221;22&#8243; link=&#8221;url:https%3A%2F%2Fbenefituctovnictvo.sk%2Fhu%2Fberszamfejtes%2F|title:Mzdov%C3%A9%20%C3%BA%C4%8Dtovn%C3%ADctvo|target:_blank&#8221;]Tegye a v\u00e1llunkra a HR-rel \u00e9s az \u00e1tfog\u00f3 munkav\u00e1llal\u00f3i menetrenddel kapcsolatos aggodalmait.[\/stm_icon_box][\/vc_column_inner][vc_column_inner width=&#8221;1\/2&#8243; offset=&#8221;vc_col-lg-4 vc_col-md-4 vc_col-xs-12&#8243;][stm_spacing lg_spacing=&#8221;56&#8243; md_spacing=&#8221;56&#8243; sm_spacing=&#8221;40&#8243; xs_spacing=&#8221;40&#8243;][stm_icon_box box_style=&#8221;style_5&#8243; add_link=&#8221;enable&#8221; icon=&#8221;stm-online-address&#8221; icon_size=&#8221;50&#8243; icon_color=&#8221;secondary&#8221; title=&#8221;Virtu\u00e1lna adresa&#8221; title_font_size=&#8221;18&#8243; title_line_height=&#8221;22&#8243; link=&#8221;url:https%3A%2F%2Fbenefituctovnictvo.sk%2Fhu%2Fvirtualis-cim%2F|title:Virtu%C3%A1lna%20adresa|target:_blank&#8221;]Takar\u00edtson meg k\u00f6lts\u00e9geket, \u00e9s hozzon l\u00e9tre egy virtu\u00e1lis irod\u00e1t, postafi\u00f3kot a dunaszerdahelyi c\u00edm\u00fcnk\u00f6n.[\/stm_icon_box][\/vc_column_inner][\/vc_row_inner][vc_row_inner equal_height=&#8221;yes&#8221;][vc_column_inner width=&#8221;1\/2&#8243; offset=&#8221;vc_col-lg-4 vc_col-md-4 vc_col-xs-12&#8243;][stm_spacing lg_spacing=&#8221;56&#8243; md_spacing=&#8221;56&#8243; sm_spacing=&#8221;40&#8243; xs_spacing=&#8221;30&#8243;][stm_icon_box box_style=&#8221;style_5&#8243; add_link=&#8221;enable&#8221; icon=&#8221;stm-delhi-horse&#8221; icon_size=&#8221;50&#8243; icon_color=&#8221;secondary&#8221; title=&#8221;Jogi szolg\u00e1ltat\u00e1sok&#8221; title_font_size=&#8221;18&#8243; title_line_height=&#8221;22&#8243; link=&#8221;url:https%3A%2F%2Fbenefituctovnictvo.sk%2Fhu%2Fjogi-szolgaltatasok%2F|title:Pr%C3%A1vne%20slu%C5%BEby|target:_blank&#8221;]C\u00e9g\u00fcnk a jogi szolg\u00e1ltat\u00e1sok sz\u00e9les sk\u00e1l\u00e1j\u00e1ra \u00f6sszpontos\u00edt, amelyeket nemcsak v\u00e1llalkoz\u00f3k, hanem term\u00e9szetes szem\u00e9lyek is ig\u00e9nybe vehetnek k\u00fcl\u00f6nb\u00f6z\u0151 \u00e9lethelyzetekben.[\/stm_icon_box][\/vc_column_inner][vc_column_inner width=&#8221;1\/2&#8243; offset=&#8221;vc_col-lg-4 vc_col-md-4 vc_col-xs-12&#8243;][stm_spacing lg_spacing=&#8221;56&#8243; md_spacing=&#8221;56&#8243; sm_spacing=&#8221;40&#8243; xs_spacing=&#8221;40&#8243;][stm_icon_box box_style=&#8221;style_5&#8243; add_link=&#8221;enable&#8221; icon=&#8221;stm-world&#8221; icon_size=&#8221;50&#8243; icon_color=&#8221;secondary&#8221; title=&#8221;V\u00e1m\u00fcgyint\u00e9z\u00e9s&#8221; title_font_size=&#8221;18&#8243; title_line_height=&#8221;22&#8243; link=&#8221;url:https%3A%2F%2Fbenefituctovnictvo.sk%2Fhu%2Fvamugyintezes%2F|title:Coln%C3%A9%20slu%C5%BEby|target:_blank&#8221;]\u00c1tfog\u00f3 v\u00e1mszolg\u00e1ltat\u00e1si csomagunkkal gondoskodunk az import \u00e9s export logisztikai folyamatainak \u00e9s dokument\u00e1ci\u00f3j\u00e1nak kellemetlen kezel\u00e9s\u00e9r\u0151l.[\/stm_icon_box][\/vc_column_inner][vc_column_inner width=&#8221;1\/2&#8243; offset=&#8221;vc_col-lg-4 vc_col-md-4 vc_col-xs-12&#8243;][stm_spacing lg_spacing=&#8221;56&#8243; md_spacing=&#8221;56&#8243; sm_spacing=&#8221;40&#8243; xs_spacing=&#8221;40&#8243;][stm_icon_box box_style=&#8221;style_5&#8243; add_link=&#8221;enable&#8221; icon=&#8221;stm-financial-services&#8221; icon_size=&#8221;50&#8243; icon_color=&#8221;secondary&#8221; title=&#8221;Projektek&#8221; title_font_size=&#8221;18&#8243; title_line_height=&#8221;22&#8243; link=&#8221;url:https%3A%2F%2Fbenefituctovnictvo.sk%2Fhu%2Fprojektek%2F|title:Projekty|target:_blank&#8221;]V\u00e1llalkoz\u00e1st ind\u00edt, de nem tudja, hol kezdje? Ne menjen neki forr\u00f3 fejjel, hanem mindent gondosan tervezzen meg.[\/stm_icon_box][\/vc_column_inner][\/vc_row_inner][stm_spacing lg_spacing=&#8221;100&#8243; md_spacing=&#8221;80&#8243; sm_spacing=&#8221;70&#8243; xs_spacing=&#8221;60&#8243;][\/vc_column][\/vc_row][vc_row][vc_column][stm_spacing lg_spacing=&#8221;90&#8243; md_spacing=&#8221;80&#8243; sm_spacing=&#8221;60&#8243; xs_spacing=&#8221;40&#8243;][vc_row_inner equal_height=&#8221;yes&#8221;][vc_column_inner width=&#8221;1\/2&#8243;][vc_custom_heading text=&#8221;O n\u00e1s&#8221; font_container=&#8221;tag:h2|font_size:36px|text_align:left|line_height:36px&#8221; use_theme_fonts=&#8221;yes&#8221;][vc_column_text css=&#8221;.vc_custom_1659436453715{margin-bottom: 28px !important;}&#8221;]<strong>Zakladaj\u00fac na dlhoro\u010dnej praxe, ktor\u00fa som za\u010dala ako fyzick\u00e1 osoba podnikate\u013eka a ktor\u00e1 siaha od roku 1991, sme sa rozhodli, \u017ee na\u0161e sk\u00fasenosti z\u00faro\u010d\u00edme aj pre V\u00e1s. Od roku 2001, s\u00fabe\u017ene aj ako pr\u00e1vnick\u00e1 osoba pod n\u00e1zvom Inter Harmony, spol. s r.o., pon\u00fakame na\u0161e slu\u017eby tak pr\u00e1vnick\u00fdm, ako aj fyzick\u00fdm osob\u00e1m. S\u00eddlime vo vlastn\u00fdch priestoroch, vo vlastnej nehnute\u013enosti. Nie sme v\u0161ak viazan\u00fd na na\u0161e s\u00eddlo, sme mobiln\u00fd V\u00e1m na dosah, ktor\u00ed n\u00e1s potrebujete aj mimo \u00fazemia Slovenska.<\/strong><\/p>\n<p><i>\u201cV\u0161etci, ktor\u00ed dosiahli ve\u013ek\u00fdch vec\u00ed, mali vysok\u00fd cie\u013e, cie\u013e, ktor\u00fd sa ob\u010das zdal neuskuto\u010dnite\u013en\u00fd\u2026\u201c\u00a0 <\/i><i>(Orison Swett Marden)<\/i><\/p>\n<p>N\u00e1\u0161 t\u00edm V\u00e1s povedie Va\u0161im cie\u013eom, zabezpe\u010d\u00ed V\u00e1m kvalitn\u00e9, odborn\u00e9 z\u00e1zemie v oblasti vedenia komplexn\u00e9ho \u00fa\u010dtovn\u00edctva. Vieme zabezpe\u010di\u0165 \u0161irok\u00e9 spektrum ekonomick\u00fdch a \u00fa\u010dtovn\u00fdch slu\u017eieb, rie\u0161ime na\u0161im klientom aj pr\u00e1vne ot\u00e1zky. Vykon\u00e1vame slu\u017eby v oblasti projektovania, anal\u00fdzy a tvorbe finan\u010dn\u00fdch pl\u00e1nov ako aj financovania z\u00e1merov spolo\u010dnosti v bankov\u00fdch in\u0161tit\u00faci\u00e1ch. Medzi na\u0161e slu\u017eby patria aj znaleck\u00e9 posudky v odbore ekon\u00f3mie a mana\u017ementu ako aj komplexn\u00e9 coln\u00e9 slu\u017eby.[\/vc_column_text][\/vc_column_inner][vc_column_inner width=&#8221;1\/2&#8243; css=&#8221;.vc_custom_1659430587040{background-image: url(https:\/\/benefituctovnictvo.sk\/wp-content\/uploads\/2022\/06\/spolahlivost.jpg?id=7049) !important;background-position: center !important;background-repeat: no-repeat !important;background-size: cover !important;}&#8221; offset=&#8221;vc_hidden-sm vc_hidden-xs&#8221;][\/vc_column_inner][\/vc_row_inner][stm_spacing lg_spacing=&#8221;90&#8243; md_spacing=&#8221;80&#8243; sm_spacing=&#8221;70&#8243; xs_spacing=&#8221;60&#8243;][\/vc_column][\/vc_row][vc_row][vc_column][vc_row_inner equal_height=&#8221;yes&#8221;][vc_column_inner][vc_custom_heading text=&#8221;Na\u0161i partneri&#8221; font_container=&#8221;tag:h2|font_size:36px|text_align:center|line_height:36px&#8221; use_theme_fonts=&#8221;yes&#8221;][\/vc_column_inner][\/vc_row_inner]<div class=\"lshowcase-clear-both\">&nbsp;<\/div><div class=\"lshowcase-logos \"><div class='lshowcase-flex' ><div  data-entry-id='7101' class='lshowcase-thumb lshowcase-normal lshowcase-box-7 '><div style=\"padding:5%;\" class=\"lshowcase-wrap-responsive\"><div data-entry-id=\"7101\" class=\"lshowcase-boxInner\"><img data-no-lazy='1' data-original-title='Bioprodukt' data-entry-id='7101' src='https:\/\/benefituctovnictvo.sk\/wp-content\/uploads\/2022\/07\/bioprodukt.jpg'  width='111'  height = '105'  alt='Bioprodukt' title='' class='lshowcase-thumb'  \/><\/div><\/div><\/div><div  data-entry-id='7111' class='lshowcase-thumb lshowcase-normal lshowcase-box-7 '><div style=\"padding:5%;\" class=\"lshowcase-wrap-responsive\"><div data-entry-id=\"7111\" class=\"lshowcase-boxInner\"><img data-no-lazy='1' data-original-title='Ferrolux' data-entry-id='7111' src='https:\/\/benefituctovnictvo.sk\/wp-content\/uploads\/2022\/07\/ferrolux-141x200.jpg'  width='141'  height = '200'  alt='Ferrolux' title='' class='lshowcase-thumb'  \/><\/div><\/div><\/div><div  data-entry-id='7117' class='lshowcase-thumb lshowcase-normal lshowcase-box-7 '><div style=\"padding:5%;\" class=\"lshowcase-wrap-responsive\"><div data-entry-id=\"7117\" class=\"lshowcase-boxInner\"><img data-no-lazy='1' data-original-title='Technoline' data-entry-id='7117' src='https:\/\/benefituctovnictvo.sk\/wp-content\/uploads\/2022\/07\/technoline-200x200.jpg'  width='200'  height = '200'  alt='Technoline' title='' class='lshowcase-thumb'  \/><\/div><\/div><\/div><div  data-entry-id='7112' class='lshowcase-thumb lshowcase-normal lshowcase-box-7 '><div style=\"padding:5%;\" class=\"lshowcase-wrap-responsive\"><div data-entry-id=\"7112\" class=\"lshowcase-boxInner\"><img data-no-lazy='1' data-original-title='Lenergy' data-entry-id='7112' src='https:\/\/benefituctovnictvo.sk\/wp-content\/uploads\/2022\/07\/lenergy-200x43.jpg'  width='200'  height = '43'  alt='Lenergy' title='' class='lshowcase-thumb'  \/><\/div><\/div><\/div><div  data-entry-id='7118' class='lshowcase-thumb lshowcase-normal lshowcase-box-7 '><div style=\"padding:5%;\" class=\"lshowcase-wrap-responsive\"><div data-entry-id=\"7118\" class=\"lshowcase-boxInner\"><img data-no-lazy='1' data-original-title='Universal Trans' data-entry-id='7118' src='https:\/\/benefituctovnictvo.sk\/wp-content\/uploads\/2022\/07\/universal-trans-200x133.jpg'  width='200'  height = '133'  alt='Universal Trans' title='' class='lshowcase-thumb'  \/><\/div><\/div><\/div><div  data-entry-id='7114' class='lshowcase-thumb lshowcase-normal lshowcase-box-7 '><div style=\"padding:5%;\" class=\"lshowcase-wrap-responsive\"><div data-entry-id=\"7114\" class=\"lshowcase-boxInner\"><img data-no-lazy='1' data-original-title='Maxgarden' data-entry-id='7114' src='https:\/\/benefituctovnictvo.sk\/wp-content\/uploads\/2022\/07\/maxgarden_logo-200x87.jpg'  width='200'  height = '87'  alt='Maxgarden' title='' class='lshowcase-thumb'  \/><\/div><\/div><\/div><\/div><\/div><div class=\"lshowcase-clear-both\">&nbsp;<\/div>[stm_spacing lg_spacing=&#8221;90&#8243; md_spacing=&#8221;80&#8243; sm_spacing=&#8221;70&#8243; xs_spacing=&#8221;60&#8243;][\/vc_column][\/vc_row]<\/p>\n","protected":false},"excerpt":{"rendered":"<p>[vc_row][vc_column][rev_slider_vc alias=&#8221;highlight-carousel7&#8243;][\/vc_column][\/vc_row][vc_row full_width=&#8221;stretch_row&#8221; css=&#8221;.vc_custom_1563445029372{background-color: #eeeff1 !important;}&#8221;][vc_column][stm_spacing lg_spacing=&#8221;75&#8243; md_spacing=&#8221;70&#8243; sm_spacing=&#8221;60&#8243; xs_spacing=&#8221;50&#8243;][vc_row_inner content_placement=&#8221;middle&#8221;][vc_column_inner offset=&#8221;vc_col-lg-12 vc_col-md-12&#8243;][vc_custom_heading text=&#8221;Szolg\u00e1ltat\u00e1saink&#8221; font_container=&#8221;tag:h2|text_align:center&#8221; use_theme_fonts=&#8221;yes&#8221; el_class=&#8221;hide_indents mobile_align_center&#8221;][\/vc_column_inner][\/vc_row_inner][stm_spacing lg_spacing=&#8221;10&#8243; md_spacing=&#8221;10&#8243; sm_spacing=&#8221;10&#8243; xs_spacing=&#8221;10&#8243;][vc_row_inner equal_height=&#8221;yes&#8221;][vc_column_inner width=&#8221;1\/2&#8243; offset=&#8221;vc_col-lg-4 vc_col-md-4 vc_col-xs-12&#8243;][stm_spacing lg_spacing=&#8221;56&#8243; md_spacing=&#8221;56&#8243; sm_spacing=&#8221;40&#8243; xs_spacing=&#8221;30&#8243;][stm_icon_box box_style=&#8221;style_5&#8243; add_link=&#8221;enable&#8221; icon=&#8221;stm-online-calculator&#8221; icon_size=&#8221;50&#8243; icon_color=&#8221;secondary&#8221; title=&#8221;K\u00f6nyvel\u00e9s&#8221; title_font_size=&#8221;18&#8243; title_line_height=&#8221;22&#8243; link=&#8221;url:https%3A%2F%2Fbenefituctovnictvo.sk%2Fhu%2Fkonyveles%2F|title:K%C3%B6nyvel%C3%A9s&#8221;]Legyen m\u00f6g\u00f6tted egy er\u0151s \u00e9s profi csapat. A jelenlegi t\u00f6rv\u00e9nyeknek \u00e9s el\u0151\u00edr\u00e1soknak megfelel\u0151 k\u00f6nyvel\u00e9s minden sikeres<\/p>\n","protected":false},"author":1,"featured_media":0,"parent":0,"menu_order":0,"comment_status":"closed","ping_status":"closed","template":"","meta":{"footnotes":""},"class_list":["post-7391","page","type-page","status-publish","hentry"],"yoast_head":"<!-- This site is optimized with the Yoast SEO plugin v23.7 - https:\/\/yoast.com\/wordpress\/plugins\/seo\/ -->\r\n<title>Kezd\u0151lap - Inter Harmony<\/title>\r\n<meta name=\"description\" content=\"N\u00e1\u0161 t\u00edm V\u00e1s povedie Va\u0161im cie\u013eom, zabezpe\u010d\u00ed V\u00e1m kvalitn\u00e9, odborn\u00e9 z\u00e1zemie v oblasti vedenia komplexn\u00e9ho \u00fa\u010dtovn\u00edctva.\" \/>\r\n<meta name=\"robots\" content=\"index, follow, max-snippet:-1, max-image-preview:large, max-video-preview:-1\" \/>\r\n<link rel=\"canonical\" href=\"https:\/\/benefituctovnictvo.sk\/hu\/\" \/>\r\n<meta property=\"og:locale\" content=\"hu_HU\" \/>\r\n<meta property=\"og:type\" content=\"article\" \/>\r\n<meta property=\"og:title\" content=\"Kezd\u0151lap - Inter Harmony\" \/>\r\n<meta property=\"og:description\" content=\"N\u00e1\u0161 t\u00edm V\u00e1s povedie Va\u0161im cie\u013eom, zabezpe\u010d\u00ed V\u00e1m kvalitn\u00e9, odborn\u00e9 z\u00e1zemie v oblasti vedenia komplexn\u00e9ho \u00fa\u010dtovn\u00edctva.\" \/>\r\n<meta property=\"og:url\" content=\"https:\/\/benefituctovnictvo.sk\/hu\/\" \/>\r\n<meta property=\"og:site_name\" content=\"Inter Harmony\" \/>\r\n<meta property=\"article:modified_time\" content=\"2024-10-31T09:48:09+00:00\" \/>\r\n<meta name=\"twitter:card\" content=\"summary_large_image\" \/>\r\n<meta name=\"twitter:label1\" content=\"Becs\u00fclt olvas\u00e1si id\u0151\" \/>\n\t<meta name=\"twitter:data1\" content=\"3 perc\" \/>\r\n<script type=\"application\/ld+json\" class=\"yoast-schema-graph\">{\"@context\":\"https:\/\/schema.org\",\"@graph\":[{\"@type\":\"WebPage\",\"@id\":\"https:\/\/benefituctovnictvo.sk\/hu\/\",\"url\":\"https:\/\/benefituctovnictvo.sk\/hu\/\",\"name\":\"Kezd\u0151lap - Inter Harmony\",\"isPartOf\":{\"@id\":\"https:\/\/benefituctovnictvo.sk\/hu\/#website\"},\"datePublished\":\"2015-12-14T07:14:55+00:00\",\"dateModified\":\"2024-10-31T09:48:09+00:00\",\"description\":\"N\u00e1\u0161 t\u00edm V\u00e1s povedie Va\u0161im cie\u013eom, zabezpe\u010d\u00ed V\u00e1m kvalitn\u00e9, odborn\u00e9 z\u00e1zemie v oblasti vedenia komplexn\u00e9ho \u00fa\u010dtovn\u00edctva.\",\"breadcrumb\":{\"@id\":\"https:\/\/benefituctovnictvo.sk\/hu\/#breadcrumb\"},\"inLanguage\":\"hu\",\"potentialAction\":[{\"@type\":\"ReadAction\",\"target\":[\"https:\/\/benefituctovnictvo.sk\/hu\/\"]}]},{\"@type\":\"BreadcrumbList\",\"@id\":\"https:\/\/benefituctovnictvo.sk\/hu\/#breadcrumb\",\"itemListElement\":[{\"@type\":\"ListItem\",\"position\":1,\"name\":\"Domovsk\u00e1 str\u00e1nka\",\"item\":\"https:\/\/benefituctovnictvo.sk\/hu\/\"},{\"@type\":\"ListItem\",\"position\":2,\"name\":\"Kezd\u0151lap\"}]},{\"@type\":\"WebSite\",\"@id\":\"https:\/\/benefituctovnictvo.sk\/hu\/#website\",\"url\":\"https:\/\/benefituctovnictvo.sk\/hu\/\",\"name\":\"Inter Harmony\",\"description\":\"\u00da\u010dtovn\u00e1 kancel\u00e1ria a poradenstvo\",\"publisher\":{\"@id\":\"https:\/\/benefituctovnictvo.sk\/hu\/#organization\"},\"potentialAction\":[{\"@type\":\"SearchAction\",\"target\":{\"@type\":\"EntryPoint\",\"urlTemplate\":\"https:\/\/benefituctovnictvo.sk\/hu\/?s={search_term_string}\"},\"query-input\":{\"@type\":\"PropertyValueSpecification\",\"valueRequired\":true,\"valueName\":\"search_term_string\"}}],\"inLanguage\":\"hu\"},{\"@type\":\"Organization\",\"@id\":\"https:\/\/benefituctovnictvo.sk\/hu\/#organization\",\"name\":\"Inter Harmony, spol. s r.o.\",\"url\":\"https:\/\/benefituctovnictvo.sk\/hu\/\",\"logo\":{\"@type\":\"ImageObject\",\"inLanguage\":\"hu\",\"@id\":\"https:\/\/benefituctovnictvo.sk\/hu\/#\/schema\/logo\/image\/\",\"url\":\"https:\/\/benefituctovnictvo.sk\/wp-content\/uploads\/2022\/08\/logo.jpg\",\"contentUrl\":\"https:\/\/benefituctovnictvo.sk\/wp-content\/uploads\/2022\/08\/logo.jpg\",\"width\":850,\"height\":850,\"caption\":\"Inter Harmony, spol. s r.o.\"},\"image\":{\"@id\":\"https:\/\/benefituctovnictvo.sk\/hu\/#\/schema\/logo\/image\/\"}}]}<\/script>\r\n<!-- \/ Yoast SEO plugin. -->","yoast_head_json":{"title":"Kezd\u0151lap - Inter Harmony","description":"N\u00e1\u0161 t\u00edm V\u00e1s povedie Va\u0161im cie\u013eom, zabezpe\u010d\u00ed V\u00e1m kvalitn\u00e9, odborn\u00e9 z\u00e1zemie v oblasti vedenia komplexn\u00e9ho \u00fa\u010dtovn\u00edctva.","robots":{"index":"index","follow":"follow","max-snippet":"max-snippet:-1","max-image-preview":"max-image-preview:large","max-video-preview":"max-video-preview:-1"},"canonical":"https:\/\/benefituctovnictvo.sk\/hu\/","og_locale":"hu_HU","og_type":"article","og_title":"Kezd\u0151lap - Inter Harmony","og_description":"N\u00e1\u0161 t\u00edm V\u00e1s povedie Va\u0161im cie\u013eom, zabezpe\u010d\u00ed V\u00e1m kvalitn\u00e9, odborn\u00e9 z\u00e1zemie v oblasti vedenia komplexn\u00e9ho \u00fa\u010dtovn\u00edctva.","og_url":"https:\/\/benefituctovnictvo.sk\/hu\/","og_site_name":"Inter Harmony","article_modified_time":"2024-10-31T09:48:09+00:00","twitter_card":"summary_large_image","twitter_misc":{"Becs\u00fclt olvas\u00e1si id\u0151":"3 perc"},"schema":{"@context":"https:\/\/schema.org","@graph":[{"@type":"WebPage","@id":"https:\/\/benefituctovnictvo.sk\/hu\/","url":"https:\/\/benefituctovnictvo.sk\/hu\/","name":"Kezd\u0151lap - Inter Harmony","isPartOf":{"@id":"https:\/\/benefituctovnictvo.sk\/hu\/#website"},"datePublished":"2015-12-14T07:14:55+00:00","dateModified":"2024-10-31T09:48:09+00:00","description":"N\u00e1\u0161 t\u00edm V\u00e1s povedie Va\u0161im cie\u013eom, zabezpe\u010d\u00ed V\u00e1m kvalitn\u00e9, odborn\u00e9 z\u00e1zemie v oblasti vedenia komplexn\u00e9ho \u00fa\u010dtovn\u00edctva.","breadcrumb":{"@id":"https:\/\/benefituctovnictvo.sk\/hu\/#breadcrumb"},"inLanguage":"hu","potentialAction":[{"@type":"ReadAction","target":["https:\/\/benefituctovnictvo.sk\/hu\/"]}]},{"@type":"BreadcrumbList","@id":"https:\/\/benefituctovnictvo.sk\/hu\/#breadcrumb","itemListElement":[{"@type":"ListItem","position":1,"name":"Domovsk\u00e1 str\u00e1nka","item":"https:\/\/benefituctovnictvo.sk\/hu\/"},{"@type":"ListItem","position":2,"name":"Kezd\u0151lap"}]},{"@type":"WebSite","@id":"https:\/\/benefituctovnictvo.sk\/hu\/#website","url":"https:\/\/benefituctovnictvo.sk\/hu\/","name":"Inter Harmony","description":"\u00da\u010dtovn\u00e1 kancel\u00e1ria a poradenstvo","publisher":{"@id":"https:\/\/benefituctovnictvo.sk\/hu\/#organization"},"potentialAction":[{"@type":"SearchAction","target":{"@type":"EntryPoint","urlTemplate":"https:\/\/benefituctovnictvo.sk\/hu\/?s={search_term_string}"},"query-input":{"@type":"PropertyValueSpecification","valueRequired":true,"valueName":"search_term_string"}}],"inLanguage":"hu"},{"@type":"Organization","@id":"https:\/\/benefituctovnictvo.sk\/hu\/#organization","name":"Inter Harmony, spol. s r.o.","url":"https:\/\/benefituctovnictvo.sk\/hu\/","logo":{"@type":"ImageObject","inLanguage":"hu","@id":"https:\/\/benefituctovnictvo.sk\/hu\/#\/schema\/logo\/image\/","url":"https:\/\/benefituctovnictvo.sk\/wp-content\/uploads\/2022\/08\/logo.jpg","contentUrl":"https:\/\/benefituctovnictvo.sk\/wp-content\/uploads\/2022\/08\/logo.jpg","width":850,"height":850,"caption":"Inter Harmony, spol. s r.o."},"image":{"@id":"https:\/\/benefituctovnictvo.sk\/hu\/#\/schema\/logo\/image\/"}}]}},"_links":{"self":[{"href":"https:\/\/benefituctovnictvo.sk\/hu\/wp-json\/wp\/v2\/pages\/7391"}],"collection":[{"href":"https:\/\/benefituctovnictvo.sk\/hu\/wp-json\/wp\/v2\/pages"}],"about":[{"href":"https:\/\/benefituctovnictvo.sk\/hu\/wp-json\/wp\/v2\/types\/page"}],"author":[{"embeddable":true,"href":"https:\/\/benefituctovnictvo.sk\/hu\/wp-json\/wp\/v2\/users\/1"}],"replies":[{"embeddable":true,"href":"https:\/\/benefituctovnictvo.sk\/hu\/wp-json\/wp\/v2\/comments?post=7391"}],"version-history":[{"count":5,"href":"https:\/\/benefituctovnictvo.sk\/hu\/wp-json\/wp\/v2\/pages\/7391\/revisions"}],"predecessor-version":[{"id":7410,"href":"https:\/\/benefituctovnictvo.sk\/hu\/wp-json\/wp\/v2\/pages\/7391\/revisions\/7410"}],"wp:attachment":[{"href":"https:\/\/benefituctovnictvo.sk\/hu\/wp-json\/wp\/v2\/media?parent=7391"}],"curies":[{"name":"wp","href":"https:\/\/api.w.org\/{rel}","templated":true}]}}