{"id":7385,"date":"2019-11-20T10:07:25","date_gmt":"2019-11-20T10:07:25","guid":{"rendered":"https:\/\/benefituctovnictvo.sk\/uctovnictvo\/"},"modified":"2024-10-30T14:45:18","modified_gmt":"2024-10-30T14:45:18","slug":"konyveles","status":"publish","type":"page","link":"https:\/\/benefituctovnictvo.sk\/hu\/konyveles\/","title":{"rendered":"K\u00f6nyvel\u00e9s"},"content":{"rendered":"<p>[vc_row full_width=&#8221;stretch_row&#8221; equal_height=&#8221;yes&#8221; css=&#8221;.vc_custom_1656402112204{background-color: #f2f4fa !important;}&#8221;][vc_column][stm_spacing lg_spacing=&#8221;90&#8243; md_spacing=&#8221;80&#8243; sm_spacing=&#8221;70&#8243; xs_spacing=&#8221;60&#8243;][vc_row_inner equal_height=&#8221;yes&#8221; gap=&#8221;20&#8243;][vc_column_inner width=&#8221;1\/2&#8243;][stm_info_box style=&#8221;style_7&#8243; title=&#8221;K\u00f6nyvel\u00e9s&#8221;]Legyen m\u00f6g\u00f6tted egy er\u0151s \u00e9s profi csapat. A jelenlegi t\u00f6rv\u00e9nyeknek \u00e9s el\u0151\u00edr\u00e1soknak megfelel\u0151 k\u00f6nyvel\u00e9s minden sikeres \u00fczlet elengedhetetlen r\u00e9sze. A hat\u00f3s\u00e1gokkal \u00e9s m\u00e1s szervezetekkel kapcsolatos neh\u00e9zs\u00e9gek elker\u00fcl\u00e9se \u00e9rdek\u00e9ben tapasztalt \u00e9s rendszeresen k\u00e9pzett k\u00f6nyvel\u0151ink v\u00e9gigvezetik \u00d6nt a bonyolult sz\u00e1mviteli napirendeken. Megb\u00edzhat\u00f3s\u00e1gunknak, maxim\u00e1lis munkaelk\u00f6telezetts\u00e9g\u00fcnknek \u00e9s alapos ellen\u0151rz\u00e9seinknek k\u00f6sz\u00f6nhet\u0151en mindig id\u0151ben \u00e9s pontosan t\u00e1j\u00e9koztatjuk \u00d6nt v\u00e1llalata aktu\u00e1lis p\u00e9nz\u00fcgyi helyzet\u00e9r\u0151l, valamint a t\u00f6rv\u00e9nyek vagy rendeletek k\u00f6zelg\u0151 v\u00e1ltoz\u00e1sair\u00f3l, ami megk\u00f6nny\u00edti a k\u00e9s\u0151bbi tervez\u00e9st, \u00e9s sokkal nagyobb \u00e1ttekint\u00e9st ny\u00fajt p\u00e9nzeszk\u00f6zeinek mozg\u00e1s\u00e1r\u00f3l.[\/stm_info_box][\/vc_column_inner][vc_column_inner width=&#8221;1\/2&#8243; css=&#8221;.vc_custom_1656412819322{background-image: url(https:\/\/benefituctovnictvo.sk\/wp-content\/uploads\/2022\/06\/uctovnictvo-inter-harmony.jpg?id=7007) !important;background-position: center !important;background-repeat: no-repeat !important;background-size: cover !important;}&#8221;][\/vc_column_inner][\/vc_row_inner][stm_spacing lg_spacing=&#8221;90&#8243; md_spacing=&#8221;80&#8243; sm_spacing=&#8221;70&#8243; xs_spacing=&#8221;60&#8243;][\/vc_column][\/vc_row][vc_row][vc_column][stm_spacing lg_spacing=&#8221;100&#8243; md_spacing=&#8221;80&#8243; sm_spacing=&#8221;70&#8243; xs_spacing=&#8221;60&#8243;][vc_custom_heading text=&#8221;Poskytujeme nasledovn\u00e9 \u00fa\u010dtovn\u00edcke slu\u017eby&#8221; font_container=&#8221;tag:h2|font_size:20px|text_align:center&#8221; use_theme_fonts=&#8221;yes&#8221;][stm_spacing lg_spacing=&#8221;20&#8243; md_spacing=&#8221;15&#8243; sm_spacing=&#8221;10&#8243; xs_spacing=&#8221;10&#8243;][vc_column_text el_class=&#8221;twocolumn&#8221;]<\/p>\n<ul>\n<li class=\"p1\">komplexn\u00e9 vedenie podvojn\u00e9ho \u00fa\u010dtovn\u00edctva<\/li>\n<li class=\"p1\">komplexn\u00e9 vedenie jednoduch\u00e9ho \u00fa\u010dtovn\u00edctva<\/li>\n<li class=\"p1\">\u00fa\u010dtovn\u00e9 a ekonomick\u00e9 poradenstvo<\/li>\n<li class=\"p1\">finan\u010dn\u00e9 pl\u00e1novanie<\/li>\n<li class=\"p1\">vypracovanie \u0161tatistick\u00fdch v\u00fdkazov<\/li>\n<li class=\"p1\">vypracovanie pozn\u00e1mok a in\u00fdch povinn\u00fdch pr\u00edloh k da\u0148ov\u00e9mu priznaniu<\/li>\n<li class=\"p1\">vypracovanie \u00fa\u010dtovn\u00fdch v\u00fdkazov v jednoduchom \u00fa\u010dtovn\u00edctve<\/li>\n<li class=\"p1\">vypracovanie \u00fa\u010dtovn\u00fdch v\u00fdkazov v podvojnom \u00fa\u010dtovn\u00edctve<\/li>\n<li class=\"p1\">vypracovanie da\u0148ov\u00fdch priznan\u00ed k pr\u00edjmom pr\u00e1vnick\u00fdch os\u00f4b<\/li>\n<li class=\"p1\">vypracovanie da\u0148ov\u00fdch priznan\u00ed k pr\u00edjmom fyzick\u00fdch os\u00f4b<\/li>\n<li class=\"p1\">vypracovanie DPH priznan\u00ed<\/li>\n<li class=\"p1\">vypracovanie s\u00fahrnn\u00fdch v\u00fdkazov k DPH<\/li>\n<li class=\"p1\">vypracovanie kontroln\u00fdch v\u00fdkazov k DPH<\/li>\n<li class=\"p1\">vypracovanie INTRASTAT v\u00fdkazov pre Coln\u00fd \u00farad<\/li>\n<li class=\"p1\">vedenie skladovej evidencie<\/li>\n<li class=\"p1\">vedenie knihy j\u00e1zd<\/li>\n<li class=\"p1\">zabezpe\u010denie auditu<\/li>\n<li class=\"p1\">vypracovanie vn\u00fatropodnikov\u00fdch smern\u00edc<\/li>\n<li class=\"p1\">zast\u00fapenie klienta pri styku s finan\u010dnou spr\u00e1vou<\/li>\n<li class=\"p1\">\u0161kolenia a kurzy<\/li>\n<li class=\"p1\">spolupr\u00e1ca pri registr\u00e1cii k DPH<\/li>\n<li class=\"p1\">zabezpe\u010denie elektronickej komunik\u00e1cie s da\u0148ov\u00fdm \u00faradom<\/li>\n<\/ul>\n<p>[\/vc_column_text][stm_spacing lg_spacing=&#8221;100&#8243; md_spacing=&#8221;80&#8243; sm_spacing=&#8221;70&#8243; xs_spacing=&#8221;60&#8243;][\/vc_column][\/vc_row][vc_row full_width=&#8221;stretch_row&#8221; css=&#8221;.vc_custom_1656412615486{margin-bottom: -60px !important;background-image: url(https:\/\/benefituctovnictvo.sk\/wp-content\/uploads\/2022\/06\/cta.jpg?id=7004) !important;background-position: center !important;background-repeat: no-repeat !important;background-size: cover !important;}&#8221;][vc_column][stm_spacing lg_spacing=&#8221;100&#8243; md_spacing=&#8221;80&#8243; sm_spacing=&#8221;70&#8243; xs_spacing=&#8221;60&#8243;][vc_custom_heading stripe_pos=&#8221;hide&#8221; text=&#8221;Potrebujem \u00fa\u010dtovn\u00e9 slu\u017eby&#8221; font_container=&#8221;tag:h2|text_align:center|color:%23ffffff&#8221; use_theme_fonts=&#8221;yes&#8221; el_class=&#8221;hide_indents&#8221; link=&#8221;url:https%3A%2F%2Fbenefituctovnictvo.sk%2Findex.php%2Fcontact-two%2F|title:Kontakt&#8221;][stm_spacing lg_spacing=&#8221;50&#8243; md_spacing=&#8221;40&#8243; sm_spacing=&#8221;30&#8243; xs_spacing=&#8221;30&#8243;][vc_btn title=&#8221;Kontaktujte n\u00e1s&#8221; style=&#8221;flat&#8221; color=&#8221;theme_style_3&#8243; align=&#8221;center&#8221; link=&#8221;url:https%3A%2F%2Fbenefituctovnictvo.sk%2Fkontakt|title:Kontaktujte%20n%C3%A1s&#8221;][stm_spacing lg_spacing=&#8221;100&#8243; md_spacing=&#8221;80&#8243; sm_spacing=&#8221;70&#8243; xs_spacing=&#8221;60&#8243;][\/vc_column][\/vc_row]<\/p>\n","protected":false},"excerpt":{"rendered":"<p>[vc_row full_width=&#8221;stretch_row&#8221; equal_height=&#8221;yes&#8221; css=&#8221;.vc_custom_1656402112204{background-color: #f2f4fa !important;}&#8221;][vc_column][stm_spacing lg_spacing=&#8221;90&#8243; md_spacing=&#8221;80&#8243; sm_spacing=&#8221;70&#8243; xs_spacing=&#8221;60&#8243;][vc_row_inner equal_height=&#8221;yes&#8221; gap=&#8221;20&#8243;][vc_column_inner width=&#8221;1\/2&#8243;][stm_info_box style=&#8221;style_7&#8243; title=&#8221;K\u00f6nyvel\u00e9s&#8221;]Legyen m\u00f6g\u00f6tted egy er\u0151s \u00e9s profi csapat. A jelenlegi t\u00f6rv\u00e9nyeknek \u00e9s el\u0151\u00edr\u00e1soknak megfelel\u0151 k\u00f6nyvel\u00e9s minden sikeres \u00fczlet elengedhetetlen r\u00e9sze. A hat\u00f3s\u00e1gokkal \u00e9s m\u00e1s szervezetekkel kapcsolatos neh\u00e9zs\u00e9gek elker\u00fcl\u00e9se \u00e9rdek\u00e9ben tapasztalt \u00e9s rendszeresen k\u00e9pzett k\u00f6nyvel\u0151ink v\u00e9gigvezetik \u00d6nt a bonyolult sz\u00e1mviteli napirendeken. Megb\u00edzhat\u00f3s\u00e1gunknak, maxim\u00e1lis<\/p>\n","protected":false},"author":1,"featured_media":0,"parent":0,"menu_order":0,"comment_status":"closed","ping_status":"closed","template":"","meta":{"footnotes":""},"class_list":["post-7385","page","type-page","status-publish","hentry"],"yoast_head":"<!-- This site is optimized with the Yoast SEO plugin v23.7 - https:\/\/yoast.com\/wordpress\/plugins\/seo\/ -->\r\n<title>Vedenie \u00fa\u010dtovn\u00edctva - Inter Harmony<\/title>\r\n<meta name=\"description\" content=\"Vedenie \u00fa\u010dtovn\u00edctva v s\u00falade s aktu\u00e1lnymi z\u00e1konmi a predpismi je nevyhnutnou s\u00fa\u010das\u0165ou ka\u017ed\u00e9ho \u00faspe\u0161n\u00e9ho podnikania.\" \/>\r\n<meta name=\"robots\" content=\"index, follow, max-snippet:-1, max-image-preview:large, max-video-preview:-1\" \/>\r\n<link rel=\"canonical\" href=\"https:\/\/benefituctovnictvo.sk\/hu\/konyveles\/\" \/>\r\n<meta property=\"og:locale\" content=\"hu_HU\" \/>\r\n<meta property=\"og:type\" content=\"article\" \/>\r\n<meta property=\"og:title\" content=\"Vedenie \u00fa\u010dtovn\u00edctva - Inter Harmony\" \/>\r\n<meta property=\"og:description\" content=\"Vedenie \u00fa\u010dtovn\u00edctva v s\u00falade s aktu\u00e1lnymi z\u00e1konmi a predpismi je nevyhnutnou s\u00fa\u010das\u0165ou ka\u017ed\u00e9ho \u00faspe\u0161n\u00e9ho podnikania.\" \/>\r\n<meta property=\"og:url\" content=\"https:\/\/benefituctovnictvo.sk\/hu\/konyveles\/\" \/>\r\n<meta property=\"og:site_name\" content=\"Inter Harmony\" \/>\r\n<meta property=\"article:modified_time\" content=\"2024-10-30T14:45:18+00:00\" \/>\r\n<meta name=\"twitter:card\" content=\"summary_large_image\" \/>\r\n<meta name=\"twitter:label1\" content=\"Becs\u00fclt olvas\u00e1si id\u0151\" \/>\n\t<meta name=\"twitter:data1\" content=\"2 perc\" \/>\r\n<script type=\"application\/ld+json\" class=\"yoast-schema-graph\">{\"@context\":\"https:\/\/schema.org\",\"@graph\":[{\"@type\":\"WebPage\",\"@id\":\"https:\/\/benefituctovnictvo.sk\/hu\/konyveles\/\",\"url\":\"https:\/\/benefituctovnictvo.sk\/hu\/konyveles\/\",\"name\":\"Vedenie \u00fa\u010dtovn\u00edctva - Inter Harmony\",\"isPartOf\":{\"@id\":\"https:\/\/benefituctovnictvo.sk\/hu\/#website\"},\"datePublished\":\"2019-11-20T10:07:25+00:00\",\"dateModified\":\"2024-10-30T14:45:18+00:00\",\"description\":\"Vedenie \u00fa\u010dtovn\u00edctva v s\u00falade s aktu\u00e1lnymi z\u00e1konmi a predpismi je nevyhnutnou s\u00fa\u010das\u0165ou ka\u017ed\u00e9ho \u00faspe\u0161n\u00e9ho podnikania.\",\"breadcrumb\":{\"@id\":\"https:\/\/benefituctovnictvo.sk\/hu\/konyveles\/#breadcrumb\"},\"inLanguage\":\"hu\",\"potentialAction\":[{\"@type\":\"ReadAction\",\"target\":[\"https:\/\/benefituctovnictvo.sk\/hu\/konyveles\/\"]}]},{\"@type\":\"BreadcrumbList\",\"@id\":\"https:\/\/benefituctovnictvo.sk\/hu\/konyveles\/#breadcrumb\",\"itemListElement\":[{\"@type\":\"ListItem\",\"position\":1,\"name\":\"Domovsk\u00e1 str\u00e1nka\",\"item\":\"https:\/\/benefituctovnictvo.sk\/hu\/\"},{\"@type\":\"ListItem\",\"position\":2,\"name\":\"K\u00f6nyvel\u00e9s\"}]},{\"@type\":\"WebSite\",\"@id\":\"https:\/\/benefituctovnictvo.sk\/hu\/#website\",\"url\":\"https:\/\/benefituctovnictvo.sk\/hu\/\",\"name\":\"Inter Harmony\",\"description\":\"\u00da\u010dtovn\u00e1 kancel\u00e1ria a poradenstvo\",\"publisher\":{\"@id\":\"https:\/\/benefituctovnictvo.sk\/hu\/#organization\"},\"potentialAction\":[{\"@type\":\"SearchAction\",\"target\":{\"@type\":\"EntryPoint\",\"urlTemplate\":\"https:\/\/benefituctovnictvo.sk\/hu\/?s={search_term_string}\"},\"query-input\":{\"@type\":\"PropertyValueSpecification\",\"valueRequired\":true,\"valueName\":\"search_term_string\"}}],\"inLanguage\":\"hu\"},{\"@type\":\"Organization\",\"@id\":\"https:\/\/benefituctovnictvo.sk\/hu\/#organization\",\"name\":\"Inter Harmony, spol. s r.o.\",\"url\":\"https:\/\/benefituctovnictvo.sk\/hu\/\",\"logo\":{\"@type\":\"ImageObject\",\"inLanguage\":\"hu\",\"@id\":\"https:\/\/benefituctovnictvo.sk\/hu\/#\/schema\/logo\/image\/\",\"url\":\"https:\/\/benefituctovnictvo.sk\/wp-content\/uploads\/2022\/08\/logo.jpg\",\"contentUrl\":\"https:\/\/benefituctovnictvo.sk\/wp-content\/uploads\/2022\/08\/logo.jpg\",\"width\":850,\"height\":850,\"caption\":\"Inter Harmony, spol. s r.o.\"},\"image\":{\"@id\":\"https:\/\/benefituctovnictvo.sk\/hu\/#\/schema\/logo\/image\/\"}}]}<\/script>\r\n<!-- \/ Yoast SEO plugin. -->","yoast_head_json":{"title":"Vedenie \u00fa\u010dtovn\u00edctva - Inter Harmony","description":"Vedenie \u00fa\u010dtovn\u00edctva v s\u00falade s aktu\u00e1lnymi z\u00e1konmi a predpismi je nevyhnutnou s\u00fa\u010das\u0165ou ka\u017ed\u00e9ho \u00faspe\u0161n\u00e9ho podnikania.","robots":{"index":"index","follow":"follow","max-snippet":"max-snippet:-1","max-image-preview":"max-image-preview:large","max-video-preview":"max-video-preview:-1"},"canonical":"https:\/\/benefituctovnictvo.sk\/hu\/konyveles\/","og_locale":"hu_HU","og_type":"article","og_title":"Vedenie \u00fa\u010dtovn\u00edctva - Inter Harmony","og_description":"Vedenie \u00fa\u010dtovn\u00edctva v s\u00falade s aktu\u00e1lnymi z\u00e1konmi a predpismi je nevyhnutnou s\u00fa\u010das\u0165ou ka\u017ed\u00e9ho \u00faspe\u0161n\u00e9ho podnikania.","og_url":"https:\/\/benefituctovnictvo.sk\/hu\/konyveles\/","og_site_name":"Inter Harmony","article_modified_time":"2024-10-30T14:45:18+00:00","twitter_card":"summary_large_image","twitter_misc":{"Becs\u00fclt olvas\u00e1si id\u0151":"2 perc"},"schema":{"@context":"https:\/\/schema.org","@graph":[{"@type":"WebPage","@id":"https:\/\/benefituctovnictvo.sk\/hu\/konyveles\/","url":"https:\/\/benefituctovnictvo.sk\/hu\/konyveles\/","name":"Vedenie \u00fa\u010dtovn\u00edctva - Inter Harmony","isPartOf":{"@id":"https:\/\/benefituctovnictvo.sk\/hu\/#website"},"datePublished":"2019-11-20T10:07:25+00:00","dateModified":"2024-10-30T14:45:18+00:00","description":"Vedenie \u00fa\u010dtovn\u00edctva v s\u00falade s aktu\u00e1lnymi z\u00e1konmi a predpismi je nevyhnutnou s\u00fa\u010das\u0165ou ka\u017ed\u00e9ho \u00faspe\u0161n\u00e9ho podnikania.","breadcrumb":{"@id":"https:\/\/benefituctovnictvo.sk\/hu\/konyveles\/#breadcrumb"},"inLanguage":"hu","potentialAction":[{"@type":"ReadAction","target":["https:\/\/benefituctovnictvo.sk\/hu\/konyveles\/"]}]},{"@type":"BreadcrumbList","@id":"https:\/\/benefituctovnictvo.sk\/hu\/konyveles\/#breadcrumb","itemListElement":[{"@type":"ListItem","position":1,"name":"Domovsk\u00e1 str\u00e1nka","item":"https:\/\/benefituctovnictvo.sk\/hu\/"},{"@type":"ListItem","position":2,"name":"K\u00f6nyvel\u00e9s"}]},{"@type":"WebSite","@id":"https:\/\/benefituctovnictvo.sk\/hu\/#website","url":"https:\/\/benefituctovnictvo.sk\/hu\/","name":"Inter Harmony","description":"\u00da\u010dtovn\u00e1 kancel\u00e1ria a poradenstvo","publisher":{"@id":"https:\/\/benefituctovnictvo.sk\/hu\/#organization"},"potentialAction":[{"@type":"SearchAction","target":{"@type":"EntryPoint","urlTemplate":"https:\/\/benefituctovnictvo.sk\/hu\/?s={search_term_string}"},"query-input":{"@type":"PropertyValueSpecification","valueRequired":true,"valueName":"search_term_string"}}],"inLanguage":"hu"},{"@type":"Organization","@id":"https:\/\/benefituctovnictvo.sk\/hu\/#organization","name":"Inter Harmony, spol. s r.o.","url":"https:\/\/benefituctovnictvo.sk\/hu\/","logo":{"@type":"ImageObject","inLanguage":"hu","@id":"https:\/\/benefituctovnictvo.sk\/hu\/#\/schema\/logo\/image\/","url":"https:\/\/benefituctovnictvo.sk\/wp-content\/uploads\/2022\/08\/logo.jpg","contentUrl":"https:\/\/benefituctovnictvo.sk\/wp-content\/uploads\/2022\/08\/logo.jpg","width":850,"height":850,"caption":"Inter Harmony, spol. s r.o."},"image":{"@id":"https:\/\/benefituctovnictvo.sk\/hu\/#\/schema\/logo\/image\/"}}]}},"_links":{"self":[{"href":"https:\/\/benefituctovnictvo.sk\/hu\/wp-json\/wp\/v2\/pages\/7385"}],"collection":[{"href":"https:\/\/benefituctovnictvo.sk\/hu\/wp-json\/wp\/v2\/pages"}],"about":[{"href":"https:\/\/benefituctovnictvo.sk\/hu\/wp-json\/wp\/v2\/types\/page"}],"author":[{"embeddable":true,"href":"https:\/\/benefituctovnictvo.sk\/hu\/wp-json\/wp\/v2\/users\/1"}],"replies":[{"embeddable":true,"href":"https:\/\/benefituctovnictvo.sk\/hu\/wp-json\/wp\/v2\/comments?post=7385"}],"version-history":[{"count":2,"href":"https:\/\/benefituctovnictvo.sk\/hu\/wp-json\/wp\/v2\/pages\/7385\/revisions"}],"predecessor-version":[{"id":7406,"href":"https:\/\/benefituctovnictvo.sk\/hu\/wp-json\/wp\/v2\/pages\/7385\/revisions\/7406"}],"wp:attachment":[{"href":"https:\/\/benefituctovnictvo.sk\/hu\/wp-json\/wp\/v2\/media?parent=7385"}],"curies":[{"name":"wp","href":"https:\/\/api.w.org\/{rel}","templated":true}]}}