{"id":7285,"date":"2022-06-23T12:55:55","date_gmt":"2022-06-23T12:55:55","guid":{"rendered":"https:\/\/benefituctovnictvo.sk\/mzdove-uctovnictvo\/"},"modified":"2024-10-30T13:59:01","modified_gmt":"2024-10-30T13:59:01","slug":"berszamfejtes","status":"publish","type":"page","link":"https:\/\/benefituctovnictvo.sk\/hu\/berszamfejtes\/","title":{"rendered":"B\u00e9rsz\u00e1mfejt\u00e9s"},"content":{"rendered":"<p>[vc_row full_width=&#8221;stretch_row&#8221; equal_height=&#8221;yes&#8221; css=&#8221;.vc_custom_1656402112204{background-color: #f2f4fa !important;}&#8221;][vc_column][stm_spacing lg_spacing=&#8221;90&#8243; md_spacing=&#8221;80&#8243; sm_spacing=&#8221;70&#8243; xs_spacing=&#8221;60&#8243;][vc_row_inner equal_height=&#8221;yes&#8221; gap=&#8221;20&#8243;][vc_column_inner width=&#8221;1\/2&#8243;][stm_info_box style=&#8221;style_7&#8243; title=&#8221;B\u00e9rsz\u00e1mfejt\u00e9s&#8221;]A b\u00e9rsz\u00e1mfejt\u00e9s ter\u00fclet\u00e9n folyamatosan v\u00e1ltoz\u00f3 jogszab\u00e1lyok ismerete minden v\u00e1llalkoz\u00f3 sz\u00e1m\u00e1ra kih\u00edv\u00e1st jelent. Tegye a v\u00e1llunkra a HR-rel \u00e9s az \u00e1tfog\u00f3 munkav\u00e1llal\u00f3i menetrenddel kapcsolatos aggodalmait. Megb\u00edzhat\u00f3 k\u00f6nyvel\u0151ink a r\u00e9szletekre odafigyelve gondoskodnak a b\u00e9rsz\u00e1mfejt\u00e9s z\u00f6kken\u0151mentes, probl\u00e9mamentes \u00e9s korrekt m\u0171k\u00f6d\u00e9s\u00e9r\u0151l az \u00d6n v\u00e1llalat\u00e1n\u00e1l a leg\u00fajabb el\u0151\u00edr\u00e1soknak \u00e9s t\u00f6rv\u00e9nyeknek megfelel\u0151en.[\/stm_info_box][\/vc_column_inner][vc_column_inner width=&#8221;1\/2&#8243; css=&#8221;.vc_custom_1656419661792{background-image: url(https:\/\/benefituctovnictvo.sk\/wp-content\/uploads\/2022\/06\/mzdove-uctovnictvo-inter-harmony.jpeg?id=7015) !important;background-position: center !important;background-repeat: no-repeat !important;background-size: cover !important;}&#8221;][\/vc_column_inner][\/vc_row_inner][stm_spacing lg_spacing=&#8221;90&#8243; md_spacing=&#8221;80&#8243; sm_spacing=&#8221;70&#8243; xs_spacing=&#8221;60&#8243;][\/vc_column][\/vc_row][vc_row][vc_column][stm_spacing lg_spacing=&#8221;100&#8243; md_spacing=&#8221;80&#8243; sm_spacing=&#8221;70&#8243; xs_spacing=&#8221;60&#8243;][vc_custom_heading text=&#8221;Poskytujeme nasledovn\u00e9 mzdov\u00e9 slu\u017eby&#8221; font_container=&#8221;tag:h2|font_size:20px|text_align:center&#8221; use_theme_fonts=&#8221;yes&#8221;][stm_spacing lg_spacing=&#8221;20&#8243; md_spacing=&#8221;15&#8243; sm_spacing=&#8221;10&#8243; xs_spacing=&#8221;10&#8243;][vc_column_text el_class=&#8221;twocolumn&#8221;]<\/p>\n<ul>\n<li>komplexn\u00e9 vedenie personalistiky a mzdov\u00e9ho \u00fa\u010dtovn\u00edctva<\/li>\n<li>pr\u00edprava a vyhotovenie pracovn\u00fdch zml\u00fav a doh\u00f4d<\/li>\n<li>vyhotovenie r\u00f4znych potvrden\u00ed pre potreby zamestnancov<\/li>\n<li>prihl\u00e1senie a\u00a0odhl\u00e1senie zamestnancov cez elektronick\u00e9 pobo\u010dky pois\u0165ovn\u00ed<\/li>\n<li>zast\u00fapenie klienta pri styku s pois\u0165ov\u0148ami<\/li>\n<li>vypracovanie mesa\u010dn\u00fdch v\u00fdkazov pre pois\u0165ovne<\/li>\n<li>vypracovanie ro\u010dn\u00fdch z\u00e1po\u010dtov dane z\u00a0pr\u00edjmov<\/li>\n<li>vypracovanie ro\u010dn\u00e9ho hl\u00e1senia k\u00a0dani zo z\u00e1vislej \u010dinnosti<\/li>\n<li>vypracovanie mesa\u010dn\u00fdch preh\u013eadov k\u00a0dani zo z\u00e1vislej \u010dinnosti<\/li>\n<li>vypracovanie podkladov k\u00a0r\u00f4znym dot\u00e1ci\u00e1m<\/li>\n<li>vypracovanie eviden\u010dn\u00fdch listov d\u00f4chodkov\u00e9ho poistenia<\/li>\n<li>zabezpe\u010denie elektronickej komunik\u00e1cie s pois\u0165ov\u0148ami<\/li>\n<\/ul>\n<p>[\/vc_column_text][stm_spacing lg_spacing=&#8221;100&#8243; md_spacing=&#8221;80&#8243; sm_spacing=&#8221;70&#8243; xs_spacing=&#8221;60&#8243;][\/vc_column][\/vc_row][vc_row full_width=&#8221;stretch_row&#8221; css=&#8221;.vc_custom_1656412615486{margin-bottom: -60px !important;background-image: url(https:\/\/benefituctovnictvo.sk\/wp-content\/uploads\/2022\/06\/cta.jpg?id=7004) !important;background-position: center !important;background-repeat: no-repeat !important;background-size: cover !important;}&#8221;][vc_column][stm_spacing lg_spacing=&#8221;100&#8243; md_spacing=&#8221;80&#8243; sm_spacing=&#8221;70&#8243; xs_spacing=&#8221;60&#8243;][vc_custom_heading stripe_pos=&#8221;hide&#8221; text=&#8221;M\u00e1m z\u00e1ujem o mzdov\u00e9 \u00fa\u010dtovn\u00edctvo&#8221; font_container=&#8221;tag:h2|text_align:center|color:%23ffffff&#8221; use_theme_fonts=&#8221;yes&#8221; el_class=&#8221;hide_indents&#8221; link=&#8221;url:https%3A%2F%2Fbenefituctovnictvo.sk%2Findex.php%2Fcontact-two%2F|title:Kontakt&#8221;][stm_spacing lg_spacing=&#8221;50&#8243; md_spacing=&#8221;40&#8243; sm_spacing=&#8221;30&#8243; xs_spacing=&#8221;30&#8243;][vc_btn title=&#8221;Kontaktujte n\u00e1s&#8221; style=&#8221;flat&#8221; color=&#8221;theme_style_3&#8243; align=&#8221;center&#8221; link=&#8221;url:https%3A%2F%2Fbenefituctovnictvo.sk%2Findex.php%2Fcontact-two%2F|title:Apply%20for%20Services&#8221;][stm_spacing lg_spacing=&#8221;100&#8243; md_spacing=&#8221;80&#8243; sm_spacing=&#8221;70&#8243; xs_spacing=&#8221;60&#8243;][\/vc_column][\/vc_row]<\/p>\n","protected":false},"excerpt":{"rendered":"<p>[vc_row full_width=&#8221;stretch_row&#8221; equal_height=&#8221;yes&#8221; css=&#8221;.vc_custom_1656402112204{background-color: #f2f4fa !important;}&#8221;][vc_column][stm_spacing lg_spacing=&#8221;90&#8243; md_spacing=&#8221;80&#8243; sm_spacing=&#8221;70&#8243; xs_spacing=&#8221;60&#8243;][vc_row_inner equal_height=&#8221;yes&#8221; gap=&#8221;20&#8243;][vc_column_inner width=&#8221;1\/2&#8243;][stm_info_box style=&#8221;style_7&#8243; title=&#8221;B\u00e9rsz\u00e1mfejt\u00e9s&#8221;]A b\u00e9rsz\u00e1mfejt\u00e9s ter\u00fclet\u00e9n folyamatosan v\u00e1ltoz\u00f3 jogszab\u00e1lyok ismerete minden v\u00e1llalkoz\u00f3 sz\u00e1m\u00e1ra kih\u00edv\u00e1st jelent. Tegye a v\u00e1llunkra a HR-rel \u00e9s az \u00e1tfog\u00f3 munkav\u00e1llal\u00f3i menetrenddel kapcsolatos aggodalmait. Megb\u00edzhat\u00f3 k\u00f6nyvel\u0151ink a r\u00e9szletekre odafigyelve gondoskodnak a b\u00e9rsz\u00e1mfejt\u00e9s z\u00f6kken\u0151mentes, probl\u00e9mamentes \u00e9s korrekt m\u0171k\u00f6d\u00e9s\u00e9r\u0151l az \u00d6n v\u00e1llalat\u00e1n\u00e1l a<\/p>\n","protected":false},"author":1,"featured_media":0,"parent":0,"menu_order":0,"comment_status":"closed","ping_status":"closed","template":"","meta":{"footnotes":""},"class_list":["post-7285","page","type-page","status-publish","hentry"],"yoast_head":"<!-- This site is optimized with the Yoast SEO plugin v23.7 - https:\/\/yoast.com\/wordpress\/plugins\/seo\/ -->\r\n<title>B\u00e9rsz\u00e1mfejt\u00e9s - Inter Harmony<\/title>\r\n<meta name=\"description\" content=\"Mzdov\u00e9 \u00fa\u010dtovn\u00edctvo - preho\u010fte svoje starosti s personalistikou a komplexnou zamestnaneckou agendou na na\u0161e plecia.\" \/>\r\n<meta name=\"robots\" content=\"index, follow, max-snippet:-1, max-image-preview:large, max-video-preview:-1\" \/>\r\n<link rel=\"canonical\" href=\"https:\/\/benefituctovnictvo.sk\/hu\/berszamfejtes\/\" \/>\r\n<meta property=\"og:locale\" content=\"hu_HU\" \/>\r\n<meta property=\"og:type\" content=\"article\" \/>\r\n<meta property=\"og:title\" content=\"B\u00e9rsz\u00e1mfejt\u00e9s - Inter Harmony\" \/>\r\n<meta property=\"og:description\" content=\"Mzdov\u00e9 \u00fa\u010dtovn\u00edctvo - preho\u010fte svoje starosti s personalistikou a komplexnou zamestnaneckou agendou na na\u0161e plecia.\" \/>\r\n<meta property=\"og:url\" content=\"https:\/\/benefituctovnictvo.sk\/hu\/berszamfejtes\/\" \/>\r\n<meta property=\"og:site_name\" content=\"Inter Harmony\" \/>\r\n<meta property=\"article:modified_time\" content=\"2024-10-30T13:59:01+00:00\" \/>\r\n<meta name=\"twitter:card\" content=\"summary_large_image\" \/>\r\n<meta name=\"twitter:label1\" content=\"Becs\u00fclt olvas\u00e1si id\u0151\" \/>\n\t<meta name=\"twitter:data1\" content=\"2 perc\" \/>\r\n<script type=\"application\/ld+json\" class=\"yoast-schema-graph\">{\"@context\":\"https:\/\/schema.org\",\"@graph\":[{\"@type\":\"WebPage\",\"@id\":\"https:\/\/benefituctovnictvo.sk\/hu\/berszamfejtes\/\",\"url\":\"https:\/\/benefituctovnictvo.sk\/hu\/berszamfejtes\/\",\"name\":\"B\u00e9rsz\u00e1mfejt\u00e9s - Inter Harmony\",\"isPartOf\":{\"@id\":\"https:\/\/benefituctovnictvo.sk\/hu\/#website\"},\"datePublished\":\"2022-06-23T12:55:55+00:00\",\"dateModified\":\"2024-10-30T13:59:01+00:00\",\"description\":\"Mzdov\u00e9 \u00fa\u010dtovn\u00edctvo - preho\u010fte svoje starosti s personalistikou a komplexnou zamestnaneckou agendou na na\u0161e plecia.\",\"breadcrumb\":{\"@id\":\"https:\/\/benefituctovnictvo.sk\/hu\/berszamfejtes\/#breadcrumb\"},\"inLanguage\":\"hu\",\"potentialAction\":[{\"@type\":\"ReadAction\",\"target\":[\"https:\/\/benefituctovnictvo.sk\/hu\/berszamfejtes\/\"]}]},{\"@type\":\"BreadcrumbList\",\"@id\":\"https:\/\/benefituctovnictvo.sk\/hu\/berszamfejtes\/#breadcrumb\",\"itemListElement\":[{\"@type\":\"ListItem\",\"position\":1,\"name\":\"Domovsk\u00e1 str\u00e1nka\",\"item\":\"https:\/\/benefituctovnictvo.sk\/hu\/\"},{\"@type\":\"ListItem\",\"position\":2,\"name\":\"B\u00e9rsz\u00e1mfejt\u00e9s\"}]},{\"@type\":\"WebSite\",\"@id\":\"https:\/\/benefituctovnictvo.sk\/hu\/#website\",\"url\":\"https:\/\/benefituctovnictvo.sk\/hu\/\",\"name\":\"Inter Harmony\",\"description\":\"\u00da\u010dtovn\u00e1 kancel\u00e1ria a poradenstvo\",\"publisher\":{\"@id\":\"https:\/\/benefituctovnictvo.sk\/hu\/#organization\"},\"potentialAction\":[{\"@type\":\"SearchAction\",\"target\":{\"@type\":\"EntryPoint\",\"urlTemplate\":\"https:\/\/benefituctovnictvo.sk\/hu\/?s={search_term_string}\"},\"query-input\":{\"@type\":\"PropertyValueSpecification\",\"valueRequired\":true,\"valueName\":\"search_term_string\"}}],\"inLanguage\":\"hu\"},{\"@type\":\"Organization\",\"@id\":\"https:\/\/benefituctovnictvo.sk\/hu\/#organization\",\"name\":\"Inter Harmony, spol. s r.o.\",\"url\":\"https:\/\/benefituctovnictvo.sk\/hu\/\",\"logo\":{\"@type\":\"ImageObject\",\"inLanguage\":\"hu\",\"@id\":\"https:\/\/benefituctovnictvo.sk\/hu\/#\/schema\/logo\/image\/\",\"url\":\"https:\/\/benefituctovnictvo.sk\/wp-content\/uploads\/2022\/08\/logo.jpg\",\"contentUrl\":\"https:\/\/benefituctovnictvo.sk\/wp-content\/uploads\/2022\/08\/logo.jpg\",\"width\":850,\"height\":850,\"caption\":\"Inter Harmony, spol. s r.o.\"},\"image\":{\"@id\":\"https:\/\/benefituctovnictvo.sk\/hu\/#\/schema\/logo\/image\/\"}}]}<\/script>\r\n<!-- \/ Yoast SEO plugin. -->","yoast_head_json":{"title":"B\u00e9rsz\u00e1mfejt\u00e9s - Inter Harmony","description":"Mzdov\u00e9 \u00fa\u010dtovn\u00edctvo - preho\u010fte svoje starosti s personalistikou a komplexnou zamestnaneckou agendou na na\u0161e plecia.","robots":{"index":"index","follow":"follow","max-snippet":"max-snippet:-1","max-image-preview":"max-image-preview:large","max-video-preview":"max-video-preview:-1"},"canonical":"https:\/\/benefituctovnictvo.sk\/hu\/berszamfejtes\/","og_locale":"hu_HU","og_type":"article","og_title":"B\u00e9rsz\u00e1mfejt\u00e9s - Inter Harmony","og_description":"Mzdov\u00e9 \u00fa\u010dtovn\u00edctvo - preho\u010fte svoje starosti s personalistikou a komplexnou zamestnaneckou agendou na na\u0161e plecia.","og_url":"https:\/\/benefituctovnictvo.sk\/hu\/berszamfejtes\/","og_site_name":"Inter Harmony","article_modified_time":"2024-10-30T13:59:01+00:00","twitter_card":"summary_large_image","twitter_misc":{"Becs\u00fclt olvas\u00e1si id\u0151":"2 perc"},"schema":{"@context":"https:\/\/schema.org","@graph":[{"@type":"WebPage","@id":"https:\/\/benefituctovnictvo.sk\/hu\/berszamfejtes\/","url":"https:\/\/benefituctovnictvo.sk\/hu\/berszamfejtes\/","name":"B\u00e9rsz\u00e1mfejt\u00e9s - Inter Harmony","isPartOf":{"@id":"https:\/\/benefituctovnictvo.sk\/hu\/#website"},"datePublished":"2022-06-23T12:55:55+00:00","dateModified":"2024-10-30T13:59:01+00:00","description":"Mzdov\u00e9 \u00fa\u010dtovn\u00edctvo - preho\u010fte svoje starosti s personalistikou a komplexnou zamestnaneckou agendou na na\u0161e plecia.","breadcrumb":{"@id":"https:\/\/benefituctovnictvo.sk\/hu\/berszamfejtes\/#breadcrumb"},"inLanguage":"hu","potentialAction":[{"@type":"ReadAction","target":["https:\/\/benefituctovnictvo.sk\/hu\/berszamfejtes\/"]}]},{"@type":"BreadcrumbList","@id":"https:\/\/benefituctovnictvo.sk\/hu\/berszamfejtes\/#breadcrumb","itemListElement":[{"@type":"ListItem","position":1,"name":"Domovsk\u00e1 str\u00e1nka","item":"https:\/\/benefituctovnictvo.sk\/hu\/"},{"@type":"ListItem","position":2,"name":"B\u00e9rsz\u00e1mfejt\u00e9s"}]},{"@type":"WebSite","@id":"https:\/\/benefituctovnictvo.sk\/hu\/#website","url":"https:\/\/benefituctovnictvo.sk\/hu\/","name":"Inter Harmony","description":"\u00da\u010dtovn\u00e1 kancel\u00e1ria a poradenstvo","publisher":{"@id":"https:\/\/benefituctovnictvo.sk\/hu\/#organization"},"potentialAction":[{"@type":"SearchAction","target":{"@type":"EntryPoint","urlTemplate":"https:\/\/benefituctovnictvo.sk\/hu\/?s={search_term_string}"},"query-input":{"@type":"PropertyValueSpecification","valueRequired":true,"valueName":"search_term_string"}}],"inLanguage":"hu"},{"@type":"Organization","@id":"https:\/\/benefituctovnictvo.sk\/hu\/#organization","name":"Inter Harmony, spol. s r.o.","url":"https:\/\/benefituctovnictvo.sk\/hu\/","logo":{"@type":"ImageObject","inLanguage":"hu","@id":"https:\/\/benefituctovnictvo.sk\/hu\/#\/schema\/logo\/image\/","url":"https:\/\/benefituctovnictvo.sk\/wp-content\/uploads\/2022\/08\/logo.jpg","contentUrl":"https:\/\/benefituctovnictvo.sk\/wp-content\/uploads\/2022\/08\/logo.jpg","width":850,"height":850,"caption":"Inter Harmony, spol. s r.o."},"image":{"@id":"https:\/\/benefituctovnictvo.sk\/hu\/#\/schema\/logo\/image\/"}}]}},"_links":{"self":[{"href":"https:\/\/benefituctovnictvo.sk\/hu\/wp-json\/wp\/v2\/pages\/7285"}],"collection":[{"href":"https:\/\/benefituctovnictvo.sk\/hu\/wp-json\/wp\/v2\/pages"}],"about":[{"href":"https:\/\/benefituctovnictvo.sk\/hu\/wp-json\/wp\/v2\/types\/page"}],"author":[{"embeddable":true,"href":"https:\/\/benefituctovnictvo.sk\/hu\/wp-json\/wp\/v2\/users\/1"}],"replies":[{"embeddable":true,"href":"https:\/\/benefituctovnictvo.sk\/hu\/wp-json\/wp\/v2\/comments?post=7285"}],"version-history":[{"count":2,"href":"https:\/\/benefituctovnictvo.sk\/hu\/wp-json\/wp\/v2\/pages\/7285\/revisions"}],"predecessor-version":[{"id":7394,"href":"https:\/\/benefituctovnictvo.sk\/hu\/wp-json\/wp\/v2\/pages\/7285\/revisions\/7394"}],"wp:attachment":[{"href":"https:\/\/benefituctovnictvo.sk\/hu\/wp-json\/wp\/v2\/media?parent=7285"}],"curies":[{"name":"wp","href":"https:\/\/api.w.org\/{rel}","templated":true}]}}