{"id":7277,"date":"2022-06-23T12:58:39","date_gmt":"2022-06-23T12:58:39","guid":{"rendered":"https:\/\/benefituctovnictvo.sk\/virtualna-adresa\/"},"modified":"2024-10-30T14:04:26","modified_gmt":"2024-10-30T14:04:26","slug":"virtualis-cim","status":"publish","type":"page","link":"https:\/\/benefituctovnictvo.sk\/hu\/virtualis-cim\/","title":{"rendered":"Virtu\u00e1lis c\u00edm"},"content":{"rendered":"<p>[vc_row full_width=&#8221;stretch_row&#8221; equal_height=&#8221;yes&#8221; css=&#8221;.vc_custom_1656402112204{background-color: #f2f4fa !important;}&#8221;][vc_column][stm_spacing lg_spacing=&#8221;90&#8243; md_spacing=&#8221;80&#8243; sm_spacing=&#8221;70&#8243; xs_spacing=&#8221;60&#8243;][vc_row_inner equal_height=&#8221;yes&#8221; gap=&#8221;20&#8243;][vc_column_inner width=&#8221;1\/2&#8243;][stm_info_box style=&#8221;style_7&#8243; title=&#8221;Virtu\u00e1lis c\u00edm&#8221;]Takar\u00edtson meg k\u00f6lts\u00e9geket, \u00e9s hozzon l\u00e9tre egy virtu\u00e1lis irod\u00e1t, postafi\u00f3kot a dunaszerdahelyi c\u00edm\u00fcnk\u00f6n. Ez a b\u00e9rleti m\u00f3dszer k\u00fcl\u00f6n\u00f6sen el\u0151ny\u00f6s azokban az esetekben, amikor nem kell nagy irodater\u00fclet\u00e9rt fizetnie, nincsenek alkalmazottai a kiv\u00e1lasztott helyen, de fizikai levelez\u00e9st kap, \u00e9s egyszer\u0171en sz\u00fcks\u00e9g van egy fi\u00f3ktelepre a v\u00e1rosban az \u00fczleti tev\u00e9kenys\u00e9g\u00e9hez.<\/p>\n<p>A virtu\u00e1lis k\u00f6zpont sz\u00e1mos el\u0151nnyel j\u00e1r &#8211; a p\u00e9nzmegtakar\u00edt\u00e1st\u00f3l kezdve a postai k\u00fcldem\u00e9nyek, csomagok fogad\u00e1s\u00e1ig \u00e9s r\u00f6gz\u00edt\u00e9s\u00e9ig, valamint a levelek elektronikus \u00faton val\u00f3 tov\u00e1bb\u00edt\u00e1s\u00e1ig. Hivatalos fizikai c\u00edmk\u00e9nt szerepel tov\u00e1bb\u00e1 a kereskedelmi vagy a c\u00e9gnyilv\u00e1ntart\u00e1sban, vagy m\u00e1s nyilv\u00e1ntart\u00e1sokban, ahogy a t\u00f6rv\u00e9ny \u00e1ltal el\u0151 van \u00edrva.[\/stm_info_box][\/vc_column_inner][vc_column_inner width=&#8221;1\/2&#8243; css=&#8221;.vc_custom_1656414385324{background-image: url(https:\/\/benefituctovnictvo.sk\/wp-content\/uploads\/2022\/06\/virtualna-adresa.jpg?id=6971) !important;background-position: center !important;background-repeat: no-repeat !important;background-size: cover !important;}&#8221;][\/vc_column_inner][\/vc_row_inner][stm_spacing lg_spacing=&#8221;90&#8243; md_spacing=&#8221;80&#8243; sm_spacing=&#8221;70&#8243; xs_spacing=&#8221;60&#8243;][\/vc_column][\/vc_row][vc_row][vc_column][stm_spacing lg_spacing=&#8221;100&#8243; md_spacing=&#8221;80&#8243; sm_spacing=&#8221;70&#8243; xs_spacing=&#8221;60&#8243;][vc_custom_heading text=&#8221;V r\u00e1mci slu\u017eby virtu\u00e1lneho s\u00eddla poskytujeme&#8221; font_container=&#8221;tag:h2|font_size:20px|text_align:center&#8221; use_theme_fonts=&#8221;yes&#8221;][stm_spacing lg_spacing=&#8221;20&#8243; md_spacing=&#8221;15&#8243; sm_spacing=&#8221;10&#8243; xs_spacing=&#8221;10&#8243;][vc_row_inner][vc_column_inner width=&#8221;1\/3&#8243;][vc_column_text]<\/p>\n<ul>\n<li style=\"text-align: left;\">pren\u00e1jom virtu\u00e1lneho s\u00eddla firmy<\/li>\n<\/ul>\n<p>[\/vc_column_text][\/vc_column_inner][vc_column_inner width=&#8221;1\/3&#8243;][vc_column_text]<\/p>\n<ul>\n<li>vedenie po\u0161tovej knihy v\u00a0elektronickej forme s\u00a0online pr\u00edstupom<\/li>\n<\/ul>\n<p>[\/vc_column_text][\/vc_column_inner][vc_column_inner width=&#8221;1\/3&#8243;][vc_column_text]<\/p>\n<ul>\n<li>skenovanie prijatej po\u0161ty<\/li>\n<\/ul>\n<p>[\/vc_column_text][\/vc_column_inner][\/vc_row_inner][stm_spacing lg_spacing=&#8221;100&#8243; md_spacing=&#8221;80&#8243; sm_spacing=&#8221;70&#8243; xs_spacing=&#8221;60&#8243;][\/vc_column][\/vc_row][vc_row full_width=&#8221;stretch_row&#8221; css=&#8221;.vc_custom_1656412615486{margin-bottom: -60px !important;background-image: url(https:\/\/benefituctovnictvo.sk\/wp-content\/uploads\/2022\/06\/cta.jpg?id=7004) !important;background-position: center !important;background-repeat: no-repeat !important;background-size: cover !important;}&#8221;][vc_column][stm_spacing lg_spacing=&#8221;100&#8243; md_spacing=&#8221;80&#8243; sm_spacing=&#8221;70&#8243; xs_spacing=&#8221;60&#8243;][vc_custom_heading stripe_pos=&#8221;hide&#8221; text=&#8221;Potrebujem virtu\u00e1lnu adresu&#8221; font_container=&#8221;tag:h2|text_align:center|color:%23ffffff&#8221; use_theme_fonts=&#8221;yes&#8221; el_class=&#8221;hide_indents&#8221; link=&#8221;url:https%3A%2F%2Fbenefituctovnictvo.sk%2Findex.php%2Fcontact-two%2F|title:Kontakt&#8221;][stm_spacing lg_spacing=&#8221;50&#8243; md_spacing=&#8221;40&#8243; sm_spacing=&#8221;30&#8243; xs_spacing=&#8221;30&#8243;][vc_btn title=&#8221;Kontaktujte n\u00e1s&#8221; style=&#8221;flat&#8221; color=&#8221;theme_style_3&#8243; align=&#8221;center&#8221; link=&#8221;url:https%3A%2F%2Fbenefituctovnictvo.sk%2Fkontakt%2F|title:Kontaktujte%20n%C3%A1s&#8221;][stm_spacing lg_spacing=&#8221;100&#8243; md_spacing=&#8221;80&#8243; sm_spacing=&#8221;70&#8243; xs_spacing=&#8221;60&#8243;][\/vc_column][\/vc_row]<\/p>\n","protected":false},"excerpt":{"rendered":"<p>[vc_row full_width=&#8221;stretch_row&#8221; equal_height=&#8221;yes&#8221; css=&#8221;.vc_custom_1656402112204{background-color: #f2f4fa !important;}&#8221;][vc_column][stm_spacing lg_spacing=&#8221;90&#8243; md_spacing=&#8221;80&#8243; sm_spacing=&#8221;70&#8243; xs_spacing=&#8221;60&#8243;][vc_row_inner equal_height=&#8221;yes&#8221; gap=&#8221;20&#8243;][vc_column_inner width=&#8221;1\/2&#8243;][stm_info_box style=&#8221;style_7&#8243; title=&#8221;Virtu\u00e1lis c\u00edm&#8221;]Takar\u00edtson meg k\u00f6lts\u00e9geket, \u00e9s hozzon l\u00e9tre egy virtu\u00e1lis irod\u00e1t, postafi\u00f3kot a dunaszerdahelyi c\u00edm\u00fcnk\u00f6n. Ez a b\u00e9rleti m\u00f3dszer k\u00fcl\u00f6n\u00f6sen el\u0151ny\u00f6s azokban az esetekben, amikor nem kell nagy irodater\u00fclet\u00e9rt fizetnie, nincsenek alkalmazottai a kiv\u00e1lasztott helyen, de fizikai levelez\u00e9st kap, \u00e9s egyszer\u0171en sz\u00fcks\u00e9g<\/p>\n","protected":false},"author":1,"featured_media":0,"parent":0,"menu_order":0,"comment_status":"closed","ping_status":"closed","template":"","meta":{"footnotes":""},"class_list":["post-7277","page","type-page","status-publish","hentry"],"yoast_head":"<!-- This site is optimized with the Yoast SEO plugin v23.7 - https:\/\/yoast.com\/wordpress\/plugins\/seo\/ -->\r\n<title>Virtu\u00e1lis c\u00edm - Inter Harmony<\/title>\r\n<meta name=\"description\" content=\"U\u0161etrite na n\u00e1kladoch a zalo\u017ete si virtu\u00e1lne s\u00eddlo \u010di virtu\u00e1lny office va\u0161ej spolo\u010dnosti na jednej z na\u0161ich lukrat\u00edvnych adries v Bratislave.\" \/>\r\n<meta name=\"robots\" content=\"index, follow, max-snippet:-1, max-image-preview:large, max-video-preview:-1\" \/>\r\n<link rel=\"canonical\" href=\"https:\/\/benefituctovnictvo.sk\/hu\/virtualis-cim\/\" \/>\r\n<meta property=\"og:locale\" content=\"hu_HU\" \/>\r\n<meta property=\"og:type\" content=\"article\" \/>\r\n<meta property=\"og:title\" content=\"Virtu\u00e1lis c\u00edm - Inter Harmony\" \/>\r\n<meta property=\"og:description\" content=\"U\u0161etrite na n\u00e1kladoch a zalo\u017ete si virtu\u00e1lne s\u00eddlo \u010di virtu\u00e1lny office va\u0161ej spolo\u010dnosti na jednej z na\u0161ich lukrat\u00edvnych adries v Bratislave.\" \/>\r\n<meta property=\"og:url\" content=\"https:\/\/benefituctovnictvo.sk\/hu\/virtualis-cim\/\" \/>\r\n<meta property=\"og:site_name\" content=\"Inter Harmony\" \/>\r\n<meta property=\"article:modified_time\" content=\"2024-10-30T14:04:26+00:00\" \/>\r\n<meta name=\"twitter:card\" content=\"summary_large_image\" \/>\r\n<meta name=\"twitter:label1\" content=\"Becs\u00fclt olvas\u00e1si id\u0151\" \/>\n\t<meta name=\"twitter:data1\" content=\"2 perc\" \/>\r\n<script type=\"application\/ld+json\" class=\"yoast-schema-graph\">{\"@context\":\"https:\/\/schema.org\",\"@graph\":[{\"@type\":\"WebPage\",\"@id\":\"https:\/\/benefituctovnictvo.sk\/hu\/virtualis-cim\/\",\"url\":\"https:\/\/benefituctovnictvo.sk\/hu\/virtualis-cim\/\",\"name\":\"Virtu\u00e1lis c\u00edm - Inter Harmony\",\"isPartOf\":{\"@id\":\"https:\/\/benefituctovnictvo.sk\/hu\/#website\"},\"datePublished\":\"2022-06-23T12:58:39+00:00\",\"dateModified\":\"2024-10-30T14:04:26+00:00\",\"description\":\"U\u0161etrite na n\u00e1kladoch a zalo\u017ete si virtu\u00e1lne s\u00eddlo \u010di virtu\u00e1lny office va\u0161ej spolo\u010dnosti na jednej z na\u0161ich lukrat\u00edvnych adries v Bratislave.\",\"breadcrumb\":{\"@id\":\"https:\/\/benefituctovnictvo.sk\/hu\/virtualis-cim\/#breadcrumb\"},\"inLanguage\":\"hu\",\"potentialAction\":[{\"@type\":\"ReadAction\",\"target\":[\"https:\/\/benefituctovnictvo.sk\/hu\/virtualis-cim\/\"]}]},{\"@type\":\"BreadcrumbList\",\"@id\":\"https:\/\/benefituctovnictvo.sk\/hu\/virtualis-cim\/#breadcrumb\",\"itemListElement\":[{\"@type\":\"ListItem\",\"position\":1,\"name\":\"Domovsk\u00e1 str\u00e1nka\",\"item\":\"https:\/\/benefituctovnictvo.sk\/hu\/\"},{\"@type\":\"ListItem\",\"position\":2,\"name\":\"Virtu\u00e1lis c\u00edm\"}]},{\"@type\":\"WebSite\",\"@id\":\"https:\/\/benefituctovnictvo.sk\/hu\/#website\",\"url\":\"https:\/\/benefituctovnictvo.sk\/hu\/\",\"name\":\"Inter Harmony\",\"description\":\"\u00da\u010dtovn\u00e1 kancel\u00e1ria a poradenstvo\",\"publisher\":{\"@id\":\"https:\/\/benefituctovnictvo.sk\/hu\/#organization\"},\"potentialAction\":[{\"@type\":\"SearchAction\",\"target\":{\"@type\":\"EntryPoint\",\"urlTemplate\":\"https:\/\/benefituctovnictvo.sk\/hu\/?s={search_term_string}\"},\"query-input\":{\"@type\":\"PropertyValueSpecification\",\"valueRequired\":true,\"valueName\":\"search_term_string\"}}],\"inLanguage\":\"hu\"},{\"@type\":\"Organization\",\"@id\":\"https:\/\/benefituctovnictvo.sk\/hu\/#organization\",\"name\":\"Inter Harmony, spol. s r.o.\",\"url\":\"https:\/\/benefituctovnictvo.sk\/hu\/\",\"logo\":{\"@type\":\"ImageObject\",\"inLanguage\":\"hu\",\"@id\":\"https:\/\/benefituctovnictvo.sk\/hu\/#\/schema\/logo\/image\/\",\"url\":\"https:\/\/benefituctovnictvo.sk\/wp-content\/uploads\/2022\/08\/logo.jpg\",\"contentUrl\":\"https:\/\/benefituctovnictvo.sk\/wp-content\/uploads\/2022\/08\/logo.jpg\",\"width\":850,\"height\":850,\"caption\":\"Inter Harmony, spol. s r.o.\"},\"image\":{\"@id\":\"https:\/\/benefituctovnictvo.sk\/hu\/#\/schema\/logo\/image\/\"}}]}<\/script>\r\n<!-- \/ Yoast SEO plugin. -->","yoast_head_json":{"title":"Virtu\u00e1lis c\u00edm - Inter Harmony","description":"U\u0161etrite na n\u00e1kladoch a zalo\u017ete si virtu\u00e1lne s\u00eddlo \u010di virtu\u00e1lny office va\u0161ej spolo\u010dnosti na jednej z na\u0161ich lukrat\u00edvnych adries v Bratislave.","robots":{"index":"index","follow":"follow","max-snippet":"max-snippet:-1","max-image-preview":"max-image-preview:large","max-video-preview":"max-video-preview:-1"},"canonical":"https:\/\/benefituctovnictvo.sk\/hu\/virtualis-cim\/","og_locale":"hu_HU","og_type":"article","og_title":"Virtu\u00e1lis c\u00edm - Inter Harmony","og_description":"U\u0161etrite na n\u00e1kladoch a zalo\u017ete si virtu\u00e1lne s\u00eddlo \u010di virtu\u00e1lny office va\u0161ej spolo\u010dnosti na jednej z na\u0161ich lukrat\u00edvnych adries v Bratislave.","og_url":"https:\/\/benefituctovnictvo.sk\/hu\/virtualis-cim\/","og_site_name":"Inter Harmony","article_modified_time":"2024-10-30T14:04:26+00:00","twitter_card":"summary_large_image","twitter_misc":{"Becs\u00fclt olvas\u00e1si id\u0151":"2 perc"},"schema":{"@context":"https:\/\/schema.org","@graph":[{"@type":"WebPage","@id":"https:\/\/benefituctovnictvo.sk\/hu\/virtualis-cim\/","url":"https:\/\/benefituctovnictvo.sk\/hu\/virtualis-cim\/","name":"Virtu\u00e1lis c\u00edm - Inter Harmony","isPartOf":{"@id":"https:\/\/benefituctovnictvo.sk\/hu\/#website"},"datePublished":"2022-06-23T12:58:39+00:00","dateModified":"2024-10-30T14:04:26+00:00","description":"U\u0161etrite na n\u00e1kladoch a zalo\u017ete si virtu\u00e1lne s\u00eddlo \u010di virtu\u00e1lny office va\u0161ej spolo\u010dnosti na jednej z na\u0161ich lukrat\u00edvnych adries v Bratislave.","breadcrumb":{"@id":"https:\/\/benefituctovnictvo.sk\/hu\/virtualis-cim\/#breadcrumb"},"inLanguage":"hu","potentialAction":[{"@type":"ReadAction","target":["https:\/\/benefituctovnictvo.sk\/hu\/virtualis-cim\/"]}]},{"@type":"BreadcrumbList","@id":"https:\/\/benefituctovnictvo.sk\/hu\/virtualis-cim\/#breadcrumb","itemListElement":[{"@type":"ListItem","position":1,"name":"Domovsk\u00e1 str\u00e1nka","item":"https:\/\/benefituctovnictvo.sk\/hu\/"},{"@type":"ListItem","position":2,"name":"Virtu\u00e1lis c\u00edm"}]},{"@type":"WebSite","@id":"https:\/\/benefituctovnictvo.sk\/hu\/#website","url":"https:\/\/benefituctovnictvo.sk\/hu\/","name":"Inter Harmony","description":"\u00da\u010dtovn\u00e1 kancel\u00e1ria a poradenstvo","publisher":{"@id":"https:\/\/benefituctovnictvo.sk\/hu\/#organization"},"potentialAction":[{"@type":"SearchAction","target":{"@type":"EntryPoint","urlTemplate":"https:\/\/benefituctovnictvo.sk\/hu\/?s={search_term_string}"},"query-input":{"@type":"PropertyValueSpecification","valueRequired":true,"valueName":"search_term_string"}}],"inLanguage":"hu"},{"@type":"Organization","@id":"https:\/\/benefituctovnictvo.sk\/hu\/#organization","name":"Inter Harmony, spol. s r.o.","url":"https:\/\/benefituctovnictvo.sk\/hu\/","logo":{"@type":"ImageObject","inLanguage":"hu","@id":"https:\/\/benefituctovnictvo.sk\/hu\/#\/schema\/logo\/image\/","url":"https:\/\/benefituctovnictvo.sk\/wp-content\/uploads\/2022\/08\/logo.jpg","contentUrl":"https:\/\/benefituctovnictvo.sk\/wp-content\/uploads\/2022\/08\/logo.jpg","width":850,"height":850,"caption":"Inter Harmony, spol. s r.o."},"image":{"@id":"https:\/\/benefituctovnictvo.sk\/hu\/#\/schema\/logo\/image\/"}}]}},"_links":{"self":[{"href":"https:\/\/benefituctovnictvo.sk\/hu\/wp-json\/wp\/v2\/pages\/7277"}],"collection":[{"href":"https:\/\/benefituctovnictvo.sk\/hu\/wp-json\/wp\/v2\/pages"}],"about":[{"href":"https:\/\/benefituctovnictvo.sk\/hu\/wp-json\/wp\/v2\/types\/page"}],"author":[{"embeddable":true,"href":"https:\/\/benefituctovnictvo.sk\/hu\/wp-json\/wp\/v2\/users\/1"}],"replies":[{"embeddable":true,"href":"https:\/\/benefituctovnictvo.sk\/hu\/wp-json\/wp\/v2\/comments?post=7277"}],"version-history":[{"count":2,"href":"https:\/\/benefituctovnictvo.sk\/hu\/wp-json\/wp\/v2\/pages\/7277\/revisions"}],"predecessor-version":[{"id":7396,"href":"https:\/\/benefituctovnictvo.sk\/hu\/wp-json\/wp\/v2\/pages\/7277\/revisions\/7396"}],"wp:attachment":[{"href":"https:\/\/benefituctovnictvo.sk\/hu\/wp-json\/wp\/v2\/media?parent=7277"}],"curies":[{"name":"wp","href":"https:\/\/api.w.org\/{rel}","templated":true}]}}