{"id":7273,"date":"2022-06-23T13:01:30","date_gmt":"2022-06-23T13:01:30","guid":{"rendered":"https:\/\/benefituctovnictvo.sk\/projekty\/"},"modified":"2024-10-30T14:19:05","modified_gmt":"2024-10-30T14:19:05","slug":"projektek","status":"publish","type":"page","link":"https:\/\/benefituctovnictvo.sk\/hu\/projektek\/","title":{"rendered":"Projektek"},"content":{"rendered":"<p>[vc_row full_width=&#8221;stretch_row&#8221; equal_height=&#8221;yes&#8221; css=&#8221;.vc_custom_1656402112204{background-color: #f2f4fa !important;}&#8221;][vc_column][stm_spacing lg_spacing=&#8221;90&#8243; md_spacing=&#8221;80&#8243; sm_spacing=&#8221;70&#8243; xs_spacing=&#8221;60&#8243;][vc_row_inner equal_height=&#8221;yes&#8221; gap=&#8221;20&#8243;][vc_column_inner width=&#8221;1\/2&#8243;][stm_info_box style=&#8221;style_7&#8243; title=&#8221;Projektek&#8221;]V\u00e1llalkoz\u00e1st ind\u00edt, de nem tudja, hol kezdje? Ne menjen neki forr\u00f3 fejjel, hanem mindent gondosan tervezzen meg. Tapasztalt csapatunk \u00f6r\u00f6mmel ad tan\u00e1csot p\u00e9nz\u00fcgyi terv, elemz\u00e9sek, strat\u00e9gi\u00e1k kidolgoz\u00e1s\u00e1ban vagy \u00fczleti hitel megszervez\u00e9s\u00e9ben az \u00fczleti vil\u00e1gba val\u00f3 sikeres bel\u00e9p\u00e9shez.[\/stm_info_box][vc_column_text css=&#8221;.vc_custom_1730297926409{padding-right: 30px !important;padding-bottom: 16px !important;padding-left: 30px !important;background-color: #ffffff !important;}&#8221; el_class=&#8221;twocolumn&#8221;]<strong>A Projektek szolg\u00e1ltat\u00e1s r\u00e9szek\u00e9nt\u00a0<\/strong><\/p>\n<ul>\n<li>a v\u00e1llalat p\u00e9nz\u00fcgyi helyzet\u00e9nek elemz\u00e9se<\/li>\n<li>p\u00e9nz\u00fcgyi terv l\u00e9trehoz\u00e1sa<\/li>\n<li>\u00fczleti tervek k\u00e9sz\u00edt\u00e9se<\/li>\n<li>szak\u00e9rt\u0151i v\u00e9lem\u00e9nyek a k\u00f6zgazdas\u00e1gtan \u00e9s a menedzsment ter\u00fclet\u00e9n<\/li>\n<li>a hitelhez sz\u00fcks\u00e9ges dokumentumok biztos\u00edt\u00e1sa<\/li>\n<li>kifog\u00e1stalan kiszolg\u00e1l\u00e1s \u00e9s szolg\u00e1ltat\u00e1s ny\u00fajt\u00e1sa az \u00fcgyfelek sz\u00e1m\u00e1ra<\/li>\n<li>az \u00fcgyf\u00e9l \u00e9rdekeinek v\u00e9delme a bankokkal szemben<\/li>\n<\/ul>\n<p>[\/vc_column_text][\/vc_column_inner][vc_column_inner width=&#8221;1\/2&#8243; css=&#8221;.vc_custom_1656489539057{background-image: url(https:\/\/benefituctovnictvo.sk\/wp-content\/uploads\/2022\/06\/projekty.jpg?id=7078) !important;background-position: center !important;background-repeat: no-repeat !important;background-size: cover !important;}&#8221;][\/vc_column_inner][\/vc_row_inner][stm_spacing lg_spacing=&#8221;90&#8243; md_spacing=&#8221;80&#8243; sm_spacing=&#8221;70&#8243; xs_spacing=&#8221;60&#8243;][\/vc_column][\/vc_row][vc_row][vc_column][stm_spacing lg_spacing=&#8221;100&#8243; md_spacing=&#8221;80&#8243; sm_spacing=&#8221;70&#8243; xs_spacing=&#8221;60&#8243;][vc_custom_heading text=&#8221;Komplexn\u00e9 projek\u010dn\u00e9 rie\u0161enia&#8221; font_container=&#8221;tag:h2|font_size:20px|text_align:center&#8221; use_theme_fonts=&#8221;yes&#8221;][vc_column_text]<\/p>\n<p style=\"margin-bottom: 18pt; background: white; text-align: center;\"><span lang=\"SK\" style=\"color: #333333;\">Na\u0161im klientom venujeme v\u017edy individu\u00e1lnu starostlivos\u0165 a \u00faprimn\u00fd z\u00e1ujem \u2013 budujeme tak s\u00a0nimi dlhodob\u00e9 priate\u013esk\u00e9 vz\u0165ahy. Zvo\u013ete si komfort najvy\u0161\u0161ej \u00farovne a\u00a0vybavte v\u0161etko na jednom mieste \u2013 s\u00a0na\u0161ou odbornou pomocou. U\u017e nemus\u00edte nav\u0161tevova\u0165 r\u00f4zne \u00farady, rovnako sa nemus\u00edte ob\u00e1va\u0165 o\u00a0vecn\u00fa spr\u00e1vnos\u0165 dokladov \u010di term\u00edny. O\u00a0v\u0161etko sa s\u00a0rados\u0165ou postar\u00e1me my.<\/span><\/p>\n<p style=\"margin: 0cm; background: white; text-align: center;\"><span lang=\"SK\" style=\"color: #333333;\">Na\u0161\u00edm cie\u013eom je poskytn\u00fa\u0165 v\u00e1m pod jednou strechou v\u0161etky komplexn\u00e9 inform\u00e1cie, \u010d\u00edm z\u00edskate \u010das a nemus\u00edte nav\u0161tevova\u0165 r\u00f4zne \u00farady a\u00a0banky.<\/span><\/p>\n<p>[\/vc_column_text][stm_spacing lg_spacing=&#8221;20&#8243; md_spacing=&#8221;15&#8243; sm_spacing=&#8221;10&#8243; xs_spacing=&#8221;10&#8243;][vc_column_text el_class=&#8221;twocolumn&#8221;]<\/p>\n<ul>\n<li>kompletn\u00fd bezplatn\u00fd servis pri vybavovan\u00ed hypotek\u00e1rneho \u00faveru<\/li>\n<li>porovnanie a v\u00fdber najide\u00e1lnej\u0161ej ponuky a banky pre klienta<\/li>\n<li>skompletizovanie potrebn\u00fdch podkladov k podaniu \u017eiadosti<\/li>\n<li>sledovanie schva\u013eovacieho procesu a\u017e po samotn\u00e9 \u010derpanie hypotek\u00e1rneho \u00faveru<\/li>\n<li>poistenie nehnute\u013enosti i poistenie \u00faveru na jednom mieste<\/li>\n<li>spolupracujeme so v\u0161etk\u00fdmi bankami na slovenskom trhu (\u010cSOB, V\u00daB Banka, Slovensk\u00e1 sporite\u013e\u0148a, Tatra Banka, BKS Bank, UniCredit Bank, mBank, Prima Banka, Oberbank)<\/li>\n<\/ul>\n<p>[\/vc_column_text][vc_custom_heading stripe_pos=&#8221;hide&#8221; text=&#8221;TIP PRE PODNIKATE\u013dOV: Rie\u0161ime tie\u017e financovanie developersk\u00fdch aj investi\u010dn\u00fdch z\u00e1merov&#8221; font_container=&#8221;tag:h3|font_size:16px|text_align:center&#8221; use_theme_fonts=&#8221;yes&#8221;][stm_spacing lg_spacing=&#8221;100&#8243; md_spacing=&#8221;80&#8243; sm_spacing=&#8221;70&#8243; xs_spacing=&#8221;60&#8243;][\/vc_column][\/vc_row][vc_row full_width=&#8221;stretch_row&#8221; css=&#8221;.vc_custom_1656412615486{margin-bottom: -60px !important;background-image: url(https:\/\/benefituctovnictvo.sk\/wp-content\/uploads\/2022\/06\/cta.jpg?id=7004) !important;background-position: center !important;background-repeat: no-repeat !important;background-size: cover !important;}&#8221;][vc_column][stm_spacing lg_spacing=&#8221;100&#8243; md_spacing=&#8221;80&#8243; sm_spacing=&#8221;70&#8243; xs_spacing=&#8221;60&#8243;][vc_custom_heading stripe_pos=&#8221;hide&#8221; text=&#8221;Chcem si objedna\u0165 konzult\u00e1ciu&#8221; font_container=&#8221;tag:h2|text_align:center|color:%23ffffff&#8221; use_theme_fonts=&#8221;yes&#8221; el_class=&#8221;hide_indents&#8221; link=&#8221;url:https%3A%2F%2Fbenefituctovnictvo.sk%2Findex.php%2Fcontact-two%2F|title:Kontakt&#8221;][stm_spacing lg_spacing=&#8221;50&#8243; md_spacing=&#8221;40&#8243; sm_spacing=&#8221;30&#8243; xs_spacing=&#8221;30&#8243;][vc_btn title=&#8221;Kontaktujte n\u00e1s&#8221; style=&#8221;flat&#8221; color=&#8221;theme_style_3&#8243; align=&#8221;center&#8221; link=&#8221;url:https%3A%2F%2Fbenefituctovnictvo.sk%2Findex.php%2Fcontact-two%2F|title:Apply%20for%20Services&#8221;][stm_spacing lg_spacing=&#8221;100&#8243; md_spacing=&#8221;80&#8243; sm_spacing=&#8221;70&#8243; xs_spacing=&#8221;60&#8243;][\/vc_column][\/vc_row]<\/p>\n","protected":false},"excerpt":{"rendered":"<p>[vc_row full_width=&#8221;stretch_row&#8221; equal_height=&#8221;yes&#8221; css=&#8221;.vc_custom_1656402112204{background-color: #f2f4fa !important;}&#8221;][vc_column][stm_spacing lg_spacing=&#8221;90&#8243; md_spacing=&#8221;80&#8243; sm_spacing=&#8221;70&#8243; xs_spacing=&#8221;60&#8243;][vc_row_inner equal_height=&#8221;yes&#8221; gap=&#8221;20&#8243;][vc_column_inner width=&#8221;1\/2&#8243;][stm_info_box style=&#8221;style_7&#8243; title=&#8221;Projektek&#8221;]V\u00e1llalkoz\u00e1st ind\u00edt, de nem tudja, hol kezdje? Ne menjen neki forr\u00f3 fejjel, hanem mindent gondosan tervezzen meg. Tapasztalt csapatunk \u00f6r\u00f6mmel ad tan\u00e1csot p\u00e9nz\u00fcgyi terv, elemz\u00e9sek, strat\u00e9gi\u00e1k kidolgoz\u00e1s\u00e1ban vagy \u00fczleti hitel megszervez\u00e9s\u00e9ben az \u00fczleti vil\u00e1gba val\u00f3 sikeres bel\u00e9p\u00e9shez.[\/stm_info_box][vc_column_text css=&#8221;.vc_custom_1730297926409{padding-right: 30px !important;padding-bottom: 16px<\/p>\n","protected":false},"author":1,"featured_media":0,"parent":0,"menu_order":0,"comment_status":"closed","ping_status":"closed","template":"","meta":{"footnotes":""},"class_list":["post-7273","page","type-page","status-publish","hentry"],"yoast_head":"<!-- This site is optimized with the Yoast SEO plugin v23.7 - https:\/\/yoast.com\/wordpress\/plugins\/seo\/ -->\r\n<title>Projektek - Inter Harmony<\/title>\r\n<meta name=\"description\" content=\"Za\u010d\u00ednate s podnikan\u00edm, ale neviete, kde za\u010da\u0165? Nerie\u0161te veci s hor\u00facou hlavou a rad\u0161ej si v\u0161etko d\u00f4kladne napl\u00e1nujte.\u010eal\u0161ie inform\u00e1ci\" \/>\r\n<meta name=\"robots\" content=\"index, follow, max-snippet:-1, max-image-preview:large, max-video-preview:-1\" \/>\r\n<link rel=\"canonical\" href=\"https:\/\/benefituctovnictvo.sk\/hu\/projektek\/\" \/>\r\n<meta property=\"og:locale\" content=\"hu_HU\" \/>\r\n<meta property=\"og:type\" content=\"article\" \/>\r\n<meta property=\"og:title\" content=\"Projektek - Inter Harmony\" \/>\r\n<meta property=\"og:description\" content=\"Za\u010d\u00ednate s podnikan\u00edm, ale neviete, kde za\u010da\u0165? Nerie\u0161te veci s hor\u00facou hlavou a rad\u0161ej si v\u0161etko d\u00f4kladne napl\u00e1nujte.\u010eal\u0161ie inform\u00e1ci\" \/>\r\n<meta property=\"og:url\" content=\"https:\/\/benefituctovnictvo.sk\/hu\/projektek\/\" \/>\r\n<meta property=\"og:site_name\" content=\"Inter Harmony\" \/>\r\n<meta property=\"article:modified_time\" content=\"2024-10-30T14:19:05+00:00\" \/>\r\n<meta name=\"twitter:card\" content=\"summary_large_image\" \/>\r\n<meta name=\"twitter:label1\" content=\"Becs\u00fclt olvas\u00e1si id\u0151\" \/>\n\t<meta name=\"twitter:data1\" content=\"2 perc\" \/>\r\n<script type=\"application\/ld+json\" class=\"yoast-schema-graph\">{\"@context\":\"https:\/\/schema.org\",\"@graph\":[{\"@type\":\"WebPage\",\"@id\":\"https:\/\/benefituctovnictvo.sk\/hu\/projektek\/\",\"url\":\"https:\/\/benefituctovnictvo.sk\/hu\/projektek\/\",\"name\":\"Projektek - Inter Harmony\",\"isPartOf\":{\"@id\":\"https:\/\/benefituctovnictvo.sk\/hu\/#website\"},\"datePublished\":\"2022-06-23T13:01:30+00:00\",\"dateModified\":\"2024-10-30T14:19:05+00:00\",\"description\":\"Za\u010d\u00ednate s podnikan\u00edm, ale neviete, kde za\u010da\u0165? Nerie\u0161te veci s hor\u00facou hlavou a rad\u0161ej si v\u0161etko d\u00f4kladne napl\u00e1nujte.\u010eal\u0161ie inform\u00e1ci\",\"breadcrumb\":{\"@id\":\"https:\/\/benefituctovnictvo.sk\/hu\/projektek\/#breadcrumb\"},\"inLanguage\":\"hu\",\"potentialAction\":[{\"@type\":\"ReadAction\",\"target\":[\"https:\/\/benefituctovnictvo.sk\/hu\/projektek\/\"]}]},{\"@type\":\"BreadcrumbList\",\"@id\":\"https:\/\/benefituctovnictvo.sk\/hu\/projektek\/#breadcrumb\",\"itemListElement\":[{\"@type\":\"ListItem\",\"position\":1,\"name\":\"Domovsk\u00e1 str\u00e1nka\",\"item\":\"https:\/\/benefituctovnictvo.sk\/hu\/\"},{\"@type\":\"ListItem\",\"position\":2,\"name\":\"Projektek\"}]},{\"@type\":\"WebSite\",\"@id\":\"https:\/\/benefituctovnictvo.sk\/hu\/#website\",\"url\":\"https:\/\/benefituctovnictvo.sk\/hu\/\",\"name\":\"Inter Harmony\",\"description\":\"\u00da\u010dtovn\u00e1 kancel\u00e1ria a poradenstvo\",\"publisher\":{\"@id\":\"https:\/\/benefituctovnictvo.sk\/hu\/#organization\"},\"potentialAction\":[{\"@type\":\"SearchAction\",\"target\":{\"@type\":\"EntryPoint\",\"urlTemplate\":\"https:\/\/benefituctovnictvo.sk\/hu\/?s={search_term_string}\"},\"query-input\":{\"@type\":\"PropertyValueSpecification\",\"valueRequired\":true,\"valueName\":\"search_term_string\"}}],\"inLanguage\":\"hu\"},{\"@type\":\"Organization\",\"@id\":\"https:\/\/benefituctovnictvo.sk\/hu\/#organization\",\"name\":\"Inter Harmony, spol. s r.o.\",\"url\":\"https:\/\/benefituctovnictvo.sk\/hu\/\",\"logo\":{\"@type\":\"ImageObject\",\"inLanguage\":\"hu\",\"@id\":\"https:\/\/benefituctovnictvo.sk\/hu\/#\/schema\/logo\/image\/\",\"url\":\"https:\/\/benefituctovnictvo.sk\/wp-content\/uploads\/2022\/08\/logo.jpg\",\"contentUrl\":\"https:\/\/benefituctovnictvo.sk\/wp-content\/uploads\/2022\/08\/logo.jpg\",\"width\":850,\"height\":850,\"caption\":\"Inter Harmony, spol. s r.o.\"},\"image\":{\"@id\":\"https:\/\/benefituctovnictvo.sk\/hu\/#\/schema\/logo\/image\/\"}}]}<\/script>\r\n<!-- \/ Yoast SEO plugin. -->","yoast_head_json":{"title":"Projektek - Inter Harmony","description":"Za\u010d\u00ednate s podnikan\u00edm, ale neviete, kde za\u010da\u0165? Nerie\u0161te veci s hor\u00facou hlavou a rad\u0161ej si v\u0161etko d\u00f4kladne napl\u00e1nujte.\u010eal\u0161ie inform\u00e1ci","robots":{"index":"index","follow":"follow","max-snippet":"max-snippet:-1","max-image-preview":"max-image-preview:large","max-video-preview":"max-video-preview:-1"},"canonical":"https:\/\/benefituctovnictvo.sk\/hu\/projektek\/","og_locale":"hu_HU","og_type":"article","og_title":"Projektek - Inter Harmony","og_description":"Za\u010d\u00ednate s podnikan\u00edm, ale neviete, kde za\u010da\u0165? Nerie\u0161te veci s hor\u00facou hlavou a rad\u0161ej si v\u0161etko d\u00f4kladne napl\u00e1nujte.\u010eal\u0161ie inform\u00e1ci","og_url":"https:\/\/benefituctovnictvo.sk\/hu\/projektek\/","og_site_name":"Inter Harmony","article_modified_time":"2024-10-30T14:19:05+00:00","twitter_card":"summary_large_image","twitter_misc":{"Becs\u00fclt olvas\u00e1si id\u0151":"2 perc"},"schema":{"@context":"https:\/\/schema.org","@graph":[{"@type":"WebPage","@id":"https:\/\/benefituctovnictvo.sk\/hu\/projektek\/","url":"https:\/\/benefituctovnictvo.sk\/hu\/projektek\/","name":"Projektek - Inter Harmony","isPartOf":{"@id":"https:\/\/benefituctovnictvo.sk\/hu\/#website"},"datePublished":"2022-06-23T13:01:30+00:00","dateModified":"2024-10-30T14:19:05+00:00","description":"Za\u010d\u00ednate s podnikan\u00edm, ale neviete, kde za\u010da\u0165? Nerie\u0161te veci s hor\u00facou hlavou a rad\u0161ej si v\u0161etko d\u00f4kladne napl\u00e1nujte.\u010eal\u0161ie inform\u00e1ci","breadcrumb":{"@id":"https:\/\/benefituctovnictvo.sk\/hu\/projektek\/#breadcrumb"},"inLanguage":"hu","potentialAction":[{"@type":"ReadAction","target":["https:\/\/benefituctovnictvo.sk\/hu\/projektek\/"]}]},{"@type":"BreadcrumbList","@id":"https:\/\/benefituctovnictvo.sk\/hu\/projektek\/#breadcrumb","itemListElement":[{"@type":"ListItem","position":1,"name":"Domovsk\u00e1 str\u00e1nka","item":"https:\/\/benefituctovnictvo.sk\/hu\/"},{"@type":"ListItem","position":2,"name":"Projektek"}]},{"@type":"WebSite","@id":"https:\/\/benefituctovnictvo.sk\/hu\/#website","url":"https:\/\/benefituctovnictvo.sk\/hu\/","name":"Inter Harmony","description":"\u00da\u010dtovn\u00e1 kancel\u00e1ria a poradenstvo","publisher":{"@id":"https:\/\/benefituctovnictvo.sk\/hu\/#organization"},"potentialAction":[{"@type":"SearchAction","target":{"@type":"EntryPoint","urlTemplate":"https:\/\/benefituctovnictvo.sk\/hu\/?s={search_term_string}"},"query-input":{"@type":"PropertyValueSpecification","valueRequired":true,"valueName":"search_term_string"}}],"inLanguage":"hu"},{"@type":"Organization","@id":"https:\/\/benefituctovnictvo.sk\/hu\/#organization","name":"Inter Harmony, spol. s r.o.","url":"https:\/\/benefituctovnictvo.sk\/hu\/","logo":{"@type":"ImageObject","inLanguage":"hu","@id":"https:\/\/benefituctovnictvo.sk\/hu\/#\/schema\/logo\/image\/","url":"https:\/\/benefituctovnictvo.sk\/wp-content\/uploads\/2022\/08\/logo.jpg","contentUrl":"https:\/\/benefituctovnictvo.sk\/wp-content\/uploads\/2022\/08\/logo.jpg","width":850,"height":850,"caption":"Inter Harmony, spol. s r.o."},"image":{"@id":"https:\/\/benefituctovnictvo.sk\/hu\/#\/schema\/logo\/image\/"}}]}},"_links":{"self":[{"href":"https:\/\/benefituctovnictvo.sk\/hu\/wp-json\/wp\/v2\/pages\/7273"}],"collection":[{"href":"https:\/\/benefituctovnictvo.sk\/hu\/wp-json\/wp\/v2\/pages"}],"about":[{"href":"https:\/\/benefituctovnictvo.sk\/hu\/wp-json\/wp\/v2\/types\/page"}],"author":[{"embeddable":true,"href":"https:\/\/benefituctovnictvo.sk\/hu\/wp-json\/wp\/v2\/users\/1"}],"replies":[{"embeddable":true,"href":"https:\/\/benefituctovnictvo.sk\/hu\/wp-json\/wp\/v2\/comments?post=7273"}],"version-history":[{"count":2,"href":"https:\/\/benefituctovnictvo.sk\/hu\/wp-json\/wp\/v2\/pages\/7273\/revisions"}],"predecessor-version":[{"id":7400,"href":"https:\/\/benefituctovnictvo.sk\/hu\/wp-json\/wp\/v2\/pages\/7273\/revisions\/7400"}],"wp:attachment":[{"href":"https:\/\/benefituctovnictvo.sk\/hu\/wp-json\/wp\/v2\/media?parent=7273"}],"curies":[{"name":"wp","href":"https:\/\/api.w.org\/{rel}","templated":true}]}}