{"id":7261,"date":"2022-06-27T11:01:53","date_gmt":"2022-06-27T11:01:53","guid":{"rendered":"https:\/\/benefituctovnictvo.sk\/colne-sluzby\/"},"modified":"2024-10-30T14:13:19","modified_gmt":"2024-10-30T14:13:19","slug":"vamugyintezes","status":"publish","type":"page","link":"https:\/\/benefituctovnictvo.sk\/hu\/vamugyintezes\/","title":{"rendered":"V\u00e1m\u00fcgyint\u00e9z\u00e9s"},"content":{"rendered":"<p>[vc_row full_width=&#8221;stretch_row&#8221; equal_height=&#8221;yes&#8221; css=&#8221;.vc_custom_1656402112204{background-color: #f2f4fa !important;}&#8221;][vc_column][stm_spacing lg_spacing=&#8221;90&#8243; md_spacing=&#8221;80&#8243; sm_spacing=&#8221;70&#8243; xs_spacing=&#8221;60&#8243;][vc_row_inner equal_height=&#8221;yes&#8221; gap=&#8221;20&#8243;][vc_column_inner width=&#8221;1\/2&#8243;][stm_info_box style=&#8221;style_7&#8243; title=&#8221;V\u00e1m\u00fcgyint\u00e9z\u00e9s&#8221;]Ne cs\u00fcggedjen a v\u00e9gtelen pap\u00edrmunka \u00e9s az \u00e1rusz\u00e1ll\u00edt\u00e1s b\u00fcrokratikus neh\u00e9zs\u00e9gei miatt. \u00c1tfog\u00f3 v\u00e1mszolg\u00e1ltat\u00e1si csomagunkkal gondoskodunk az import \u00e9s export logisztikai folyamatainak \u00e9s dokument\u00e1ci\u00f3j\u00e1nak kellemetlen kezel\u00e9s\u00e9r\u0151l. Term\u00e9szetesen vannak tolm\u00e1csol\u00e1si, sz\u00e1ll\u00edtm\u00e1nyoz\u00e1si \u00e9s biztos\u00edt\u00e1si szolg\u00e1ltat\u00e1sok, amelyeknek k\u00f6sz\u00f6nhet\u0151en 100% -ban biztos lehet benne, hogy mindent az adott orsz\u00e1gok jogszab\u00e1lyi szabv\u00e1nyainak megfelel\u0151en hajtunk v\u00e9gre, z\u00f6kken\u0151mentesen \u00e9s probl\u00e9mamentesen a v\u00e1mkezel\u00e9s sor\u00e1n. N\u00e1lunk az \u00d6n el\u00e9gedetts\u00e9ge garant\u00e1lt.[\/stm_info_box][\/vc_column_inner][vc_column_inner width=&#8221;1\/2&#8243; css=&#8221;.vc_custom_1656488454506{background-image: url(https:\/\/benefituctovnictvo.sk\/wp-content\/uploads\/2022\/06\/colne-sluzby.jpg?id=7076) !important;background-position: center !important;background-repeat: no-repeat !important;background-size: cover !important;}&#8221;][\/vc_column_inner][\/vc_row_inner][stm_spacing lg_spacing=&#8221;90&#8243; md_spacing=&#8221;80&#8243; sm_spacing=&#8221;70&#8243; xs_spacing=&#8221;60&#8243;][\/vc_column][\/vc_row][vc_row][vc_column][stm_spacing lg_spacing=&#8221;100&#8243; md_spacing=&#8221;80&#8243; sm_spacing=&#8221;70&#8243; xs_spacing=&#8221;60&#8243;][vc_custom_heading text=&#8221;V oblasti coln\u00fdch slu\u017eieb poskytujeme&#8221; font_container=&#8221;tag:h2|font_size:20px|text_align:center&#8221; use_theme_fonts=&#8221;yes&#8221;][stm_spacing lg_spacing=&#8221;20&#8243; md_spacing=&#8221;15&#8243; sm_spacing=&#8221;10&#8243; xs_spacing=&#8221;10&#8243;][vc_column_text el_class=&#8221;twocolumn&#8221;]<\/p>\n<ul>\n<li class=\"p1\">coln\u00e9 slu\u017eby (preclievanie, coln\u00e9 a da\u0148ov\u00e9 zastupite\u013estvo, ru\u010denie coln\u00e9ho dlhu)<\/li>\n<li class=\"p1\">slu\u017eby skladu (skladovanie, nakladanie\/vykladanie)<\/li>\n<li class=\"p1\">tlmo\u010denie, preklady a odborn\u00e1 komunik\u00e1cia v ru\u0161tine<\/li>\n<li class=\"p1\">\u0161pedi\u010dn\u00e9 slu\u017eby<\/li>\n<li class=\"p1\">pois\u0165ovacie slu\u017eby<\/li>\n<li class=\"p1\">ECKD (elektronick\u00e9 coln\u00e9 konanie v dovoze)<\/li>\n<li class=\"p1\">ECKV (elektronick\u00e9 coln\u00e9 konanie vo v\u00fdvoze)<\/li>\n<li class=\"p1\">poskytovanie z\u00e1v\u00e4zku ru\u010dite\u013ea, ru\u010denie za coln\u00e9 dlhy<\/li>\n<li class=\"p1\">kompletn\u00e9 zastupovanie v colnom a spr\u00e1vnom konan\u00ed<\/li>\n<li class=\"p1\">registr\u00e1cie klientov v syst\u00e9me EORI<\/li>\n<li class=\"p1\">vystavovanie n\u00e1kladn\u00fdch listov CMR<\/li>\n<li class=\"p1\">vystavovanie sprievodn\u00fdch osved\u010den\u00ed o p\u00f4vode tovaru EUR1<\/li>\n<li class=\"p1\">vystavovanie Carnet TIR + elektronick\u00e9 podanie a vybavenie na colnom \u00farade<\/li>\n<li class=\"p1\">coln\u00e9 poradenstvo<\/li>\n<\/ul>\n<p>[\/vc_column_text][stm_spacing lg_spacing=&#8221;100&#8243; md_spacing=&#8221;80&#8243; sm_spacing=&#8221;70&#8243; xs_spacing=&#8221;60&#8243;][\/vc_column][\/vc_row][vc_row full_width=&#8221;stretch_row&#8221; css=&#8221;.vc_custom_1656412615486{margin-bottom: -60px !important;background-image: url(https:\/\/benefituctovnictvo.sk\/wp-content\/uploads\/2022\/06\/cta.jpg?id=7004) !important;background-position: center !important;background-repeat: no-repeat !important;background-size: cover !important;}&#8221;][vc_column][stm_spacing lg_spacing=&#8221;100&#8243; md_spacing=&#8221;80&#8243; sm_spacing=&#8221;70&#8243; xs_spacing=&#8221;60&#8243;][vc_custom_heading stripe_pos=&#8221;hide&#8221; text=&#8221;Objedna\u0165 coln\u00e9 slu\u017eby&#8221; font_container=&#8221;tag:h2|text_align:center|color:%23ffffff&#8221; use_theme_fonts=&#8221;yes&#8221; el_class=&#8221;hide_indents&#8221; link=&#8221;url:https%3A%2F%2Fbenefituctovnictvo.sk%2Findex.php%2Fcontact-two%2F|title:Kontakt&#8221;][stm_spacing lg_spacing=&#8221;50&#8243; md_spacing=&#8221;40&#8243; sm_spacing=&#8221;30&#8243; xs_spacing=&#8221;30&#8243;][vc_btn title=&#8221;Kontaktujte n\u00e1s&#8221; style=&#8221;flat&#8221; color=&#8221;theme_style_3&#8243; align=&#8221;center&#8221; link=&#8221;url:https%3A%2F%2Fbenefituctovnictvo.sk%2Findex.php%2Fcontact-two%2F|title:Apply%20for%20Services&#8221;][stm_spacing lg_spacing=&#8221;100&#8243; md_spacing=&#8221;80&#8243; sm_spacing=&#8221;70&#8243; xs_spacing=&#8221;60&#8243;][\/vc_column][\/vc_row]<\/p>\n","protected":false},"excerpt":{"rendered":"<p>[vc_row full_width=&#8221;stretch_row&#8221; equal_height=&#8221;yes&#8221; css=&#8221;.vc_custom_1656402112204{background-color: #f2f4fa !important;}&#8221;][vc_column][stm_spacing lg_spacing=&#8221;90&#8243; md_spacing=&#8221;80&#8243; sm_spacing=&#8221;70&#8243; xs_spacing=&#8221;60&#8243;][vc_row_inner equal_height=&#8221;yes&#8221; gap=&#8221;20&#8243;][vc_column_inner width=&#8221;1\/2&#8243;][stm_info_box style=&#8221;style_7&#8243; title=&#8221;V\u00e1m\u00fcgyint\u00e9z\u00e9s&#8221;]Ne cs\u00fcggedjen a v\u00e9gtelen pap\u00edrmunka \u00e9s az \u00e1rusz\u00e1ll\u00edt\u00e1s b\u00fcrokratikus neh\u00e9zs\u00e9gei miatt. \u00c1tfog\u00f3 v\u00e1mszolg\u00e1ltat\u00e1si csomagunkkal gondoskodunk az import \u00e9s export logisztikai folyamatainak \u00e9s dokument\u00e1ci\u00f3j\u00e1nak kellemetlen kezel\u00e9s\u00e9r\u0151l. Term\u00e9szetesen vannak tolm\u00e1csol\u00e1si, sz\u00e1ll\u00edtm\u00e1nyoz\u00e1si \u00e9s biztos\u00edt\u00e1si szolg\u00e1ltat\u00e1sok, amelyeknek k\u00f6sz\u00f6nhet\u0151en 100% -ban biztos lehet benne, hogy mindent<\/p>\n","protected":false},"author":1,"featured_media":0,"parent":0,"menu_order":0,"comment_status":"closed","ping_status":"closed","template":"","meta":{"footnotes":""},"class_list":["post-7261","page","type-page","status-publish","hentry"],"yoast_head":"<!-- This site is optimized with the Yoast SEO plugin v23.7 - https:\/\/yoast.com\/wordpress\/plugins\/seo\/ -->\r\n<title>V\u00e1m\u00fcgyint\u00e9z\u00e9s - Inter Harmony<\/title>\r\n<meta name=\"description\" content=\"S na\u0161\u00edm komplexn\u00fdm bal\u00ed\u010dkom coln\u00fdch slu\u017eieb za v\u00e1s vybav\u00edme nepr\u00edjemn\u00e9 vybavovanie, rie\u0161enie logistick\u00fdch procesov i dokladovanie.\" \/>\r\n<meta name=\"robots\" content=\"index, follow, max-snippet:-1, max-image-preview:large, max-video-preview:-1\" \/>\r\n<link rel=\"canonical\" href=\"https:\/\/benefituctovnictvo.sk\/hu\/vamugyintezes\/\" \/>\r\n<meta property=\"og:locale\" content=\"hu_HU\" \/>\r\n<meta property=\"og:type\" content=\"article\" \/>\r\n<meta property=\"og:title\" content=\"V\u00e1m\u00fcgyint\u00e9z\u00e9s - Inter Harmony\" \/>\r\n<meta property=\"og:description\" content=\"S na\u0161\u00edm komplexn\u00fdm bal\u00ed\u010dkom coln\u00fdch slu\u017eieb za v\u00e1s vybav\u00edme nepr\u00edjemn\u00e9 vybavovanie, rie\u0161enie logistick\u00fdch procesov i dokladovanie.\" \/>\r\n<meta property=\"og:url\" content=\"https:\/\/benefituctovnictvo.sk\/hu\/vamugyintezes\/\" \/>\r\n<meta property=\"og:site_name\" content=\"Inter Harmony\" \/>\r\n<meta property=\"article:modified_time\" content=\"2024-10-30T14:13:19+00:00\" \/>\r\n<meta name=\"twitter:card\" content=\"summary_large_image\" \/>\r\n<meta name=\"twitter:label1\" content=\"Becs\u00fclt olvas\u00e1si id\u0151\" \/>\n\t<meta name=\"twitter:data1\" content=\"2 perc\" \/>\r\n<script type=\"application\/ld+json\" class=\"yoast-schema-graph\">{\"@context\":\"https:\/\/schema.org\",\"@graph\":[{\"@type\":\"WebPage\",\"@id\":\"https:\/\/benefituctovnictvo.sk\/hu\/vamugyintezes\/\",\"url\":\"https:\/\/benefituctovnictvo.sk\/hu\/vamugyintezes\/\",\"name\":\"V\u00e1m\u00fcgyint\u00e9z\u00e9s - Inter Harmony\",\"isPartOf\":{\"@id\":\"https:\/\/benefituctovnictvo.sk\/hu\/#website\"},\"datePublished\":\"2022-06-27T11:01:53+00:00\",\"dateModified\":\"2024-10-30T14:13:19+00:00\",\"description\":\"S na\u0161\u00edm komplexn\u00fdm bal\u00ed\u010dkom coln\u00fdch slu\u017eieb za v\u00e1s vybav\u00edme nepr\u00edjemn\u00e9 vybavovanie, rie\u0161enie logistick\u00fdch procesov i dokladovanie.\",\"breadcrumb\":{\"@id\":\"https:\/\/benefituctovnictvo.sk\/hu\/vamugyintezes\/#breadcrumb\"},\"inLanguage\":\"hu\",\"potentialAction\":[{\"@type\":\"ReadAction\",\"target\":[\"https:\/\/benefituctovnictvo.sk\/hu\/vamugyintezes\/\"]}]},{\"@type\":\"BreadcrumbList\",\"@id\":\"https:\/\/benefituctovnictvo.sk\/hu\/vamugyintezes\/#breadcrumb\",\"itemListElement\":[{\"@type\":\"ListItem\",\"position\":1,\"name\":\"Domovsk\u00e1 str\u00e1nka\",\"item\":\"https:\/\/benefituctovnictvo.sk\/hu\/\"},{\"@type\":\"ListItem\",\"position\":2,\"name\":\"V\u00e1m\u00fcgyint\u00e9z\u00e9s\"}]},{\"@type\":\"WebSite\",\"@id\":\"https:\/\/benefituctovnictvo.sk\/hu\/#website\",\"url\":\"https:\/\/benefituctovnictvo.sk\/hu\/\",\"name\":\"Inter Harmony\",\"description\":\"\u00da\u010dtovn\u00e1 kancel\u00e1ria a poradenstvo\",\"publisher\":{\"@id\":\"https:\/\/benefituctovnictvo.sk\/hu\/#organization\"},\"potentialAction\":[{\"@type\":\"SearchAction\",\"target\":{\"@type\":\"EntryPoint\",\"urlTemplate\":\"https:\/\/benefituctovnictvo.sk\/hu\/?s={search_term_string}\"},\"query-input\":{\"@type\":\"PropertyValueSpecification\",\"valueRequired\":true,\"valueName\":\"search_term_string\"}}],\"inLanguage\":\"hu\"},{\"@type\":\"Organization\",\"@id\":\"https:\/\/benefituctovnictvo.sk\/hu\/#organization\",\"name\":\"Inter Harmony, spol. s r.o.\",\"url\":\"https:\/\/benefituctovnictvo.sk\/hu\/\",\"logo\":{\"@type\":\"ImageObject\",\"inLanguage\":\"hu\",\"@id\":\"https:\/\/benefituctovnictvo.sk\/hu\/#\/schema\/logo\/image\/\",\"url\":\"https:\/\/benefituctovnictvo.sk\/wp-content\/uploads\/2022\/08\/logo.jpg\",\"contentUrl\":\"https:\/\/benefituctovnictvo.sk\/wp-content\/uploads\/2022\/08\/logo.jpg\",\"width\":850,\"height\":850,\"caption\":\"Inter Harmony, spol. s r.o.\"},\"image\":{\"@id\":\"https:\/\/benefituctovnictvo.sk\/hu\/#\/schema\/logo\/image\/\"}}]}<\/script>\r\n<!-- \/ Yoast SEO plugin. -->","yoast_head_json":{"title":"V\u00e1m\u00fcgyint\u00e9z\u00e9s - Inter Harmony","description":"S na\u0161\u00edm komplexn\u00fdm bal\u00ed\u010dkom coln\u00fdch slu\u017eieb za v\u00e1s vybav\u00edme nepr\u00edjemn\u00e9 vybavovanie, rie\u0161enie logistick\u00fdch procesov i dokladovanie.","robots":{"index":"index","follow":"follow","max-snippet":"max-snippet:-1","max-image-preview":"max-image-preview:large","max-video-preview":"max-video-preview:-1"},"canonical":"https:\/\/benefituctovnictvo.sk\/hu\/vamugyintezes\/","og_locale":"hu_HU","og_type":"article","og_title":"V\u00e1m\u00fcgyint\u00e9z\u00e9s - Inter Harmony","og_description":"S na\u0161\u00edm komplexn\u00fdm bal\u00ed\u010dkom coln\u00fdch slu\u017eieb za v\u00e1s vybav\u00edme nepr\u00edjemn\u00e9 vybavovanie, rie\u0161enie logistick\u00fdch procesov i dokladovanie.","og_url":"https:\/\/benefituctovnictvo.sk\/hu\/vamugyintezes\/","og_site_name":"Inter Harmony","article_modified_time":"2024-10-30T14:13:19+00:00","twitter_card":"summary_large_image","twitter_misc":{"Becs\u00fclt olvas\u00e1si id\u0151":"2 perc"},"schema":{"@context":"https:\/\/schema.org","@graph":[{"@type":"WebPage","@id":"https:\/\/benefituctovnictvo.sk\/hu\/vamugyintezes\/","url":"https:\/\/benefituctovnictvo.sk\/hu\/vamugyintezes\/","name":"V\u00e1m\u00fcgyint\u00e9z\u00e9s - Inter Harmony","isPartOf":{"@id":"https:\/\/benefituctovnictvo.sk\/hu\/#website"},"datePublished":"2022-06-27T11:01:53+00:00","dateModified":"2024-10-30T14:13:19+00:00","description":"S na\u0161\u00edm komplexn\u00fdm bal\u00ed\u010dkom coln\u00fdch slu\u017eieb za v\u00e1s vybav\u00edme nepr\u00edjemn\u00e9 vybavovanie, rie\u0161enie logistick\u00fdch procesov i dokladovanie.","breadcrumb":{"@id":"https:\/\/benefituctovnictvo.sk\/hu\/vamugyintezes\/#breadcrumb"},"inLanguage":"hu","potentialAction":[{"@type":"ReadAction","target":["https:\/\/benefituctovnictvo.sk\/hu\/vamugyintezes\/"]}]},{"@type":"BreadcrumbList","@id":"https:\/\/benefituctovnictvo.sk\/hu\/vamugyintezes\/#breadcrumb","itemListElement":[{"@type":"ListItem","position":1,"name":"Domovsk\u00e1 str\u00e1nka","item":"https:\/\/benefituctovnictvo.sk\/hu\/"},{"@type":"ListItem","position":2,"name":"V\u00e1m\u00fcgyint\u00e9z\u00e9s"}]},{"@type":"WebSite","@id":"https:\/\/benefituctovnictvo.sk\/hu\/#website","url":"https:\/\/benefituctovnictvo.sk\/hu\/","name":"Inter Harmony","description":"\u00da\u010dtovn\u00e1 kancel\u00e1ria a poradenstvo","publisher":{"@id":"https:\/\/benefituctovnictvo.sk\/hu\/#organization"},"potentialAction":[{"@type":"SearchAction","target":{"@type":"EntryPoint","urlTemplate":"https:\/\/benefituctovnictvo.sk\/hu\/?s={search_term_string}"},"query-input":{"@type":"PropertyValueSpecification","valueRequired":true,"valueName":"search_term_string"}}],"inLanguage":"hu"},{"@type":"Organization","@id":"https:\/\/benefituctovnictvo.sk\/hu\/#organization","name":"Inter Harmony, spol. s r.o.","url":"https:\/\/benefituctovnictvo.sk\/hu\/","logo":{"@type":"ImageObject","inLanguage":"hu","@id":"https:\/\/benefituctovnictvo.sk\/hu\/#\/schema\/logo\/image\/","url":"https:\/\/benefituctovnictvo.sk\/wp-content\/uploads\/2022\/08\/logo.jpg","contentUrl":"https:\/\/benefituctovnictvo.sk\/wp-content\/uploads\/2022\/08\/logo.jpg","width":850,"height":850,"caption":"Inter Harmony, spol. s r.o."},"image":{"@id":"https:\/\/benefituctovnictvo.sk\/hu\/#\/schema\/logo\/image\/"}}]}},"_links":{"self":[{"href":"https:\/\/benefituctovnictvo.sk\/hu\/wp-json\/wp\/v2\/pages\/7261"}],"collection":[{"href":"https:\/\/benefituctovnictvo.sk\/hu\/wp-json\/wp\/v2\/pages"}],"about":[{"href":"https:\/\/benefituctovnictvo.sk\/hu\/wp-json\/wp\/v2\/types\/page"}],"author":[{"embeddable":true,"href":"https:\/\/benefituctovnictvo.sk\/hu\/wp-json\/wp\/v2\/users\/1"}],"replies":[{"embeddable":true,"href":"https:\/\/benefituctovnictvo.sk\/hu\/wp-json\/wp\/v2\/comments?post=7261"}],"version-history":[{"count":2,"href":"https:\/\/benefituctovnictvo.sk\/hu\/wp-json\/wp\/v2\/pages\/7261\/revisions"}],"predecessor-version":[{"id":7398,"href":"https:\/\/benefituctovnictvo.sk\/hu\/wp-json\/wp\/v2\/pages\/7261\/revisions\/7398"}],"wp:attachment":[{"href":"https:\/\/benefituctovnictvo.sk\/hu\/wp-json\/wp\/v2\/media?parent=7261"}],"curies":[{"name":"wp","href":"https:\/\/api.w.org\/{rel}","templated":true}]}}