{"id":7275,"date":"2022-06-23T12:58:39","date_gmt":"2022-06-23T12:58:39","guid":{"rendered":"https:\/\/benefituctovnictvo.sk\/virtualna-adresa\/"},"modified":"2024-10-31T12:09:39","modified_gmt":"2024-10-31T12:09:39","slug":"virtual-address","status":"publish","type":"page","link":"https:\/\/benefituctovnictvo.sk\/en\/virtual-address\/","title":{"rendered":"Virtual address"},"content":{"rendered":"<p>[vc_row full_width=&#8221;stretch_row&#8221; equal_height=&#8221;yes&#8221; css=&#8221;.vc_custom_1656402112204{background-color: #f2f4fa !important;}&#8221;][vc_column][stm_spacing lg_spacing=&#8221;90&#8243; md_spacing=&#8221;80&#8243; sm_spacing=&#8221;70&#8243; xs_spacing=&#8221;60&#8243;][vc_row_inner equal_height=&#8221;yes&#8221; gap=&#8221;20&#8243;][vc_column_inner width=&#8221;1\/2&#8243;][stm_info_box style=&#8221;style_7&#8243; title=&#8221;Virtual address&#8221;]Save on costs and set up a virtual headquarters or virtual office for your company at our lucrative address in Dunajsk\u00e1 Streda. This renting method is especially advantageous in cases where you do not need to pay for large amounts of office space, you do not have any employees in one specific location, but you receive physical correspondence, and it is simply necessary to have a branch in the city for your business activities.<\/p>\n<p>A virtual headquarters brings numerous benefits, such as saving money on receiving and recording postage and packages or scanning mail and receiving electronic notifications for a greater overview. It is also listed as an official physical address in the Business or Trade Register or other registers for the correct and proper registration of your company&#8217;s registered office, which is an act required by law.[\/stm_info_box][\/vc_column_inner][vc_column_inner width=&#8221;1\/2&#8243; css=&#8221;.vc_custom_1656414385324{background-image: url(https:\/\/benefituctovnictvo.sk\/wp-content\/uploads\/2022\/06\/virtualna-adresa.jpg?id=6971) !important;background-position: center !important;background-repeat: no-repeat !important;background-size: cover !important;}&#8221;][\/vc_column_inner][\/vc_row_inner][stm_spacing lg_spacing=&#8221;90&#8243; md_spacing=&#8221;80&#8243; sm_spacing=&#8221;70&#8243; xs_spacing=&#8221;60&#8243;][\/vc_column][\/vc_row][vc_row][vc_column][stm_spacing lg_spacing=&#8221;100&#8243; md_spacing=&#8221;80&#8243; sm_spacing=&#8221;70&#8243; xs_spacing=&#8221;60&#8243;][vc_custom_heading text=&#8221;V r\u00e1mci slu\u017eby virtu\u00e1lneho s\u00eddla poskytujeme&#8221; font_container=&#8221;tag:h2|font_size:20px|text_align:center&#8221; use_theme_fonts=&#8221;yes&#8221;][stm_spacing lg_spacing=&#8221;20&#8243; md_spacing=&#8221;15&#8243; sm_spacing=&#8221;10&#8243; xs_spacing=&#8221;10&#8243;][vc_row_inner][vc_column_inner width=&#8221;1\/3&#8243;][vc_column_text]<\/p>\n<ul>\n<li style=\"text-align: left;\">pren\u00e1jom virtu\u00e1lneho s\u00eddla firmy<\/li>\n<\/ul>\n<p>[\/vc_column_text][\/vc_column_inner][vc_column_inner width=&#8221;1\/3&#8243;][vc_column_text]<\/p>\n<ul>\n<li>vedenie po\u0161tovej knihy v\u00a0elektronickej forme s\u00a0online pr\u00edstupom<\/li>\n<\/ul>\n<p>[\/vc_column_text][\/vc_column_inner][vc_column_inner width=&#8221;1\/3&#8243;][vc_column_text]<\/p>\n<ul>\n<li>skenovanie prijatej po\u0161ty<\/li>\n<\/ul>\n<p>[\/vc_column_text][\/vc_column_inner][\/vc_row_inner][stm_spacing lg_spacing=&#8221;100&#8243; md_spacing=&#8221;80&#8243; sm_spacing=&#8221;70&#8243; xs_spacing=&#8221;60&#8243;][\/vc_column][\/vc_row][vc_row full_width=&#8221;stretch_row&#8221; css=&#8221;.vc_custom_1656412615486{margin-bottom: -60px !important;background-image: url(https:\/\/benefituctovnictvo.sk\/wp-content\/uploads\/2022\/06\/cta.jpg?id=7004) !important;background-position: center !important;background-repeat: no-repeat !important;background-size: cover !important;}&#8221;][vc_column][stm_spacing lg_spacing=&#8221;100&#8243; md_spacing=&#8221;80&#8243; sm_spacing=&#8221;70&#8243; xs_spacing=&#8221;60&#8243;][vc_custom_heading stripe_pos=&#8221;hide&#8221; text=&#8221;Potrebujem virtu\u00e1lnu adresu&#8221; font_container=&#8221;tag:h2|text_align:center|color:%23ffffff&#8221; use_theme_fonts=&#8221;yes&#8221; el_class=&#8221;hide_indents&#8221; link=&#8221;url:https%3A%2F%2Fbenefituctovnictvo.sk%2Findex.php%2Fcontact-two%2F|title:Kontakt&#8221;][stm_spacing lg_spacing=&#8221;50&#8243; md_spacing=&#8221;40&#8243; sm_spacing=&#8221;30&#8243; xs_spacing=&#8221;30&#8243;][vc_btn title=&#8221;Kontaktujte n\u00e1s&#8221; style=&#8221;flat&#8221; color=&#8221;theme_style_3&#8243; align=&#8221;center&#8221; link=&#8221;url:https%3A%2F%2Fbenefituctovnictvo.sk%2Fkontakt%2F|title:Kontaktujte%20n%C3%A1s&#8221;][stm_spacing lg_spacing=&#8221;100&#8243; md_spacing=&#8221;80&#8243; sm_spacing=&#8221;70&#8243; xs_spacing=&#8221;60&#8243;][\/vc_column][\/vc_row]<\/p>\n","protected":false},"excerpt":{"rendered":"<p>[vc_row full_width=&#8221;stretch_row&#8221; equal_height=&#8221;yes&#8221; css=&#8221;.vc_custom_1656402112204{background-color: #f2f4fa !important;}&#8221;][vc_column][stm_spacing lg_spacing=&#8221;90&#8243; md_spacing=&#8221;80&#8243; sm_spacing=&#8221;70&#8243; xs_spacing=&#8221;60&#8243;][vc_row_inner equal_height=&#8221;yes&#8221; gap=&#8221;20&#8243;][vc_column_inner width=&#8221;1\/2&#8243;][stm_info_box style=&#8221;style_7&#8243; title=&#8221;Virtual address&#8221;]Save on costs and set up a virtual headquarters or virtual office for your company at our lucrative address in Dunajsk\u00e1 Streda. This renting method is especially advantageous in cases where you do not need to pay for large amounts<\/p>\n","protected":false},"author":1,"featured_media":0,"parent":0,"menu_order":0,"comment_status":"closed","ping_status":"closed","template":"","meta":{"footnotes":""},"class_list":["post-7275","page","type-page","status-publish","hentry"],"yoast_head":"<!-- This site is optimized with the Yoast SEO plugin v23.7 - https:\/\/yoast.com\/wordpress\/plugins\/seo\/ -->\r\n<title>Virtual address - Inter Harmony<\/title>\r\n<meta name=\"description\" content=\"U\u0161etrite na n\u00e1kladoch a zalo\u017ete si virtu\u00e1lne s\u00eddlo \u010di virtu\u00e1lny office va\u0161ej spolo\u010dnosti na jednej z na\u0161ich lukrat\u00edvnych adries v Bratislave.\" \/>\r\n<meta name=\"robots\" content=\"index, follow, max-snippet:-1, max-image-preview:large, max-video-preview:-1\" \/>\r\n<link rel=\"canonical\" href=\"https:\/\/benefituctovnictvo.sk\/en\/virtual-address\/\" \/>\r\n<meta property=\"og:locale\" content=\"en_US\" \/>\r\n<meta property=\"og:type\" content=\"article\" \/>\r\n<meta property=\"og:title\" content=\"Virtual address - Inter Harmony\" \/>\r\n<meta property=\"og:description\" content=\"U\u0161etrite na n\u00e1kladoch a zalo\u017ete si virtu\u00e1lne s\u00eddlo \u010di virtu\u00e1lny office va\u0161ej spolo\u010dnosti na jednej z na\u0161ich lukrat\u00edvnych adries v Bratislave.\" \/>\r\n<meta property=\"og:url\" content=\"https:\/\/benefituctovnictvo.sk\/en\/virtual-address\/\" \/>\r\n<meta property=\"og:site_name\" content=\"Inter Harmony\" \/>\r\n<meta property=\"article:modified_time\" content=\"2024-10-31T12:09:39+00:00\" \/>\r\n<meta name=\"twitter:card\" content=\"summary_large_image\" \/>\r\n<meta name=\"twitter:label1\" content=\"Est. reading time\" \/>\n\t<meta name=\"twitter:data1\" content=\"2 minutes\" \/>\r\n<script type=\"application\/ld+json\" class=\"yoast-schema-graph\">{\"@context\":\"https:\/\/schema.org\",\"@graph\":[{\"@type\":\"WebPage\",\"@id\":\"https:\/\/benefituctovnictvo.sk\/en\/virtual-address\/\",\"url\":\"https:\/\/benefituctovnictvo.sk\/en\/virtual-address\/\",\"name\":\"Virtual address - Inter Harmony\",\"isPartOf\":{\"@id\":\"https:\/\/benefituctovnictvo.sk\/en\/#website\"},\"datePublished\":\"2022-06-23T12:58:39+00:00\",\"dateModified\":\"2024-10-31T12:09:39+00:00\",\"description\":\"U\u0161etrite na n\u00e1kladoch a zalo\u017ete si virtu\u00e1lne s\u00eddlo \u010di virtu\u00e1lny office va\u0161ej spolo\u010dnosti na jednej z na\u0161ich lukrat\u00edvnych adries v Bratislave.\",\"breadcrumb\":{\"@id\":\"https:\/\/benefituctovnictvo.sk\/en\/virtual-address\/#breadcrumb\"},\"inLanguage\":\"en-US\",\"potentialAction\":[{\"@type\":\"ReadAction\",\"target\":[\"https:\/\/benefituctovnictvo.sk\/en\/virtual-address\/\"]}]},{\"@type\":\"BreadcrumbList\",\"@id\":\"https:\/\/benefituctovnictvo.sk\/en\/virtual-address\/#breadcrumb\",\"itemListElement\":[{\"@type\":\"ListItem\",\"position\":1,\"name\":\"Domovsk\u00e1 str\u00e1nka\",\"item\":\"https:\/\/benefituctovnictvo.sk\/en\/\"},{\"@type\":\"ListItem\",\"position\":2,\"name\":\"Virtual address\"}]},{\"@type\":\"WebSite\",\"@id\":\"https:\/\/benefituctovnictvo.sk\/en\/#website\",\"url\":\"https:\/\/benefituctovnictvo.sk\/en\/\",\"name\":\"Inter Harmony\",\"description\":\"\u00da\u010dtovn\u00e1 kancel\u00e1ria a poradenstvo\",\"publisher\":{\"@id\":\"https:\/\/benefituctovnictvo.sk\/en\/#organization\"},\"potentialAction\":[{\"@type\":\"SearchAction\",\"target\":{\"@type\":\"EntryPoint\",\"urlTemplate\":\"https:\/\/benefituctovnictvo.sk\/en\/?s={search_term_string}\"},\"query-input\":{\"@type\":\"PropertyValueSpecification\",\"valueRequired\":true,\"valueName\":\"search_term_string\"}}],\"inLanguage\":\"en-US\"},{\"@type\":\"Organization\",\"@id\":\"https:\/\/benefituctovnictvo.sk\/en\/#organization\",\"name\":\"Inter Harmony, spol. s r.o.\",\"url\":\"https:\/\/benefituctovnictvo.sk\/en\/\",\"logo\":{\"@type\":\"ImageObject\",\"inLanguage\":\"en-US\",\"@id\":\"https:\/\/benefituctovnictvo.sk\/en\/#\/schema\/logo\/image\/\",\"url\":\"https:\/\/benefituctovnictvo.sk\/wp-content\/uploads\/2022\/08\/logo.jpg\",\"contentUrl\":\"https:\/\/benefituctovnictvo.sk\/wp-content\/uploads\/2022\/08\/logo.jpg\",\"width\":850,\"height\":850,\"caption\":\"Inter Harmony, spol. s r.o.\"},\"image\":{\"@id\":\"https:\/\/benefituctovnictvo.sk\/en\/#\/schema\/logo\/image\/\"}}]}<\/script>\r\n<!-- \/ Yoast SEO plugin. -->","yoast_head_json":{"title":"Virtual address - Inter Harmony","description":"U\u0161etrite na n\u00e1kladoch a zalo\u017ete si virtu\u00e1lne s\u00eddlo \u010di virtu\u00e1lny office va\u0161ej spolo\u010dnosti na jednej z na\u0161ich lukrat\u00edvnych adries v Bratislave.","robots":{"index":"index","follow":"follow","max-snippet":"max-snippet:-1","max-image-preview":"max-image-preview:large","max-video-preview":"max-video-preview:-1"},"canonical":"https:\/\/benefituctovnictvo.sk\/en\/virtual-address\/","og_locale":"en_US","og_type":"article","og_title":"Virtual address - Inter Harmony","og_description":"U\u0161etrite na n\u00e1kladoch a zalo\u017ete si virtu\u00e1lne s\u00eddlo \u010di virtu\u00e1lny office va\u0161ej spolo\u010dnosti na jednej z na\u0161ich lukrat\u00edvnych adries v Bratislave.","og_url":"https:\/\/benefituctovnictvo.sk\/en\/virtual-address\/","og_site_name":"Inter Harmony","article_modified_time":"2024-10-31T12:09:39+00:00","twitter_card":"summary_large_image","twitter_misc":{"Est. reading time":"2 minutes"},"schema":{"@context":"https:\/\/schema.org","@graph":[{"@type":"WebPage","@id":"https:\/\/benefituctovnictvo.sk\/en\/virtual-address\/","url":"https:\/\/benefituctovnictvo.sk\/en\/virtual-address\/","name":"Virtual address - Inter Harmony","isPartOf":{"@id":"https:\/\/benefituctovnictvo.sk\/en\/#website"},"datePublished":"2022-06-23T12:58:39+00:00","dateModified":"2024-10-31T12:09:39+00:00","description":"U\u0161etrite na n\u00e1kladoch a zalo\u017ete si virtu\u00e1lne s\u00eddlo \u010di virtu\u00e1lny office va\u0161ej spolo\u010dnosti na jednej z na\u0161ich lukrat\u00edvnych adries v Bratislave.","breadcrumb":{"@id":"https:\/\/benefituctovnictvo.sk\/en\/virtual-address\/#breadcrumb"},"inLanguage":"en-US","potentialAction":[{"@type":"ReadAction","target":["https:\/\/benefituctovnictvo.sk\/en\/virtual-address\/"]}]},{"@type":"BreadcrumbList","@id":"https:\/\/benefituctovnictvo.sk\/en\/virtual-address\/#breadcrumb","itemListElement":[{"@type":"ListItem","position":1,"name":"Domovsk\u00e1 str\u00e1nka","item":"https:\/\/benefituctovnictvo.sk\/en\/"},{"@type":"ListItem","position":2,"name":"Virtual address"}]},{"@type":"WebSite","@id":"https:\/\/benefituctovnictvo.sk\/en\/#website","url":"https:\/\/benefituctovnictvo.sk\/en\/","name":"Inter Harmony","description":"\u00da\u010dtovn\u00e1 kancel\u00e1ria a poradenstvo","publisher":{"@id":"https:\/\/benefituctovnictvo.sk\/en\/#organization"},"potentialAction":[{"@type":"SearchAction","target":{"@type":"EntryPoint","urlTemplate":"https:\/\/benefituctovnictvo.sk\/en\/?s={search_term_string}"},"query-input":{"@type":"PropertyValueSpecification","valueRequired":true,"valueName":"search_term_string"}}],"inLanguage":"en-US"},{"@type":"Organization","@id":"https:\/\/benefituctovnictvo.sk\/en\/#organization","name":"Inter Harmony, spol. s r.o.","url":"https:\/\/benefituctovnictvo.sk\/en\/","logo":{"@type":"ImageObject","inLanguage":"en-US","@id":"https:\/\/benefituctovnictvo.sk\/en\/#\/schema\/logo\/image\/","url":"https:\/\/benefituctovnictvo.sk\/wp-content\/uploads\/2022\/08\/logo.jpg","contentUrl":"https:\/\/benefituctovnictvo.sk\/wp-content\/uploads\/2022\/08\/logo.jpg","width":850,"height":850,"caption":"Inter Harmony, spol. s r.o."},"image":{"@id":"https:\/\/benefituctovnictvo.sk\/en\/#\/schema\/logo\/image\/"}}]}},"_links":{"self":[{"href":"https:\/\/benefituctovnictvo.sk\/en\/wp-json\/wp\/v2\/pages\/7275"}],"collection":[{"href":"https:\/\/benefituctovnictvo.sk\/en\/wp-json\/wp\/v2\/pages"}],"about":[{"href":"https:\/\/benefituctovnictvo.sk\/en\/wp-json\/wp\/v2\/types\/page"}],"author":[{"embeddable":true,"href":"https:\/\/benefituctovnictvo.sk\/en\/wp-json\/wp\/v2\/users\/1"}],"replies":[{"embeddable":true,"href":"https:\/\/benefituctovnictvo.sk\/en\/wp-json\/wp\/v2\/comments?post=7275"}],"version-history":[{"count":2,"href":"https:\/\/benefituctovnictvo.sk\/en\/wp-json\/wp\/v2\/pages\/7275\/revisions"}],"predecessor-version":[{"id":7416,"href":"https:\/\/benefituctovnictvo.sk\/en\/wp-json\/wp\/v2\/pages\/7275\/revisions\/7416"}],"wp:attachment":[{"href":"https:\/\/benefituctovnictvo.sk\/en\/wp-json\/wp\/v2\/media?parent=7275"}],"curies":[{"name":"wp","href":"https:\/\/api.w.org\/{rel}","templated":true}]}}