{"id":7269,"date":"2022-06-23T13:01:30","date_gmt":"2022-06-23T13:01:30","guid":{"rendered":"https:\/\/benefituctovnictvo.sk\/projekty\/"},"modified":"2024-10-31T12:15:47","modified_gmt":"2024-10-31T12:15:47","slug":"projects","status":"publish","type":"page","link":"https:\/\/benefituctovnictvo.sk\/en\/projects\/","title":{"rendered":"Projects"},"content":{"rendered":"<p>[vc_row full_width=&#8221;stretch_row&#8221; equal_height=&#8221;yes&#8221; css=&#8221;.vc_custom_1656402112204{background-color: #f2f4fa !important;}&#8221;][vc_column][stm_spacing lg_spacing=&#8221;90&#8243; md_spacing=&#8221;80&#8243; sm_spacing=&#8221;70&#8243; xs_spacing=&#8221;60&#8243;][vc_row_inner equal_height=&#8221;yes&#8221; gap=&#8221;20&#8243;][vc_column_inner width=&#8221;1\/2&#8243;][stm_info_box style=&#8221;style_7&#8243; title=&#8221;Projects&#8221;]Are you starting a business but need help knowing where to begin? Rather than getting frustrated with the process details, let us carefully plan everything for you. Our experienced team will be happy to advise you on creating a financial plan, analyzing strategies, and arranging a business loan for your successful entry into the world of business.[\/stm_info_box][vc_column_text css=&#8221;.vc_custom_1730376931128{padding-right: 30px !important;padding-bottom: 16px !important;padding-left: 30px !important;background-color: #ffffff !important;}&#8221; el_class=&#8221;twocolumn&#8221;]<strong>As part of the Project Services, we provide\u00a0 \u00a0<\/strong><\/p>\n<ul>\n<li>Analysis of the financial condition of the company<\/li>\n<li>Creation of a financial plan<\/li>\n<li>Creation of business plans<\/li>\n<li>Expert opinions in the field of economics and management<\/li>\n<li>Securing the necessary documents for the loan<\/li>\n<li>Care and provision of impeccable service to clients<\/li>\n<li>Defending the client&#8217;s interests against banks<\/li>\n<\/ul>\n<p>[\/vc_column_text][\/vc_column_inner][vc_column_inner width=&#8221;1\/2&#8243; css=&#8221;.vc_custom_1656489539057{background-image: url(https:\/\/benefituctovnictvo.sk\/wp-content\/uploads\/2022\/06\/projekty.jpg?id=7078) !important;background-position: center !important;background-repeat: no-repeat !important;background-size: cover !important;}&#8221;][\/vc_column_inner][\/vc_row_inner][stm_spacing lg_spacing=&#8221;90&#8243; md_spacing=&#8221;80&#8243; sm_spacing=&#8221;70&#8243; xs_spacing=&#8221;60&#8243;][\/vc_column][\/vc_row][vc_row][vc_column][stm_spacing lg_spacing=&#8221;100&#8243; md_spacing=&#8221;80&#8243; sm_spacing=&#8221;70&#8243; xs_spacing=&#8221;60&#8243;][vc_custom_heading text=&#8221;Komplexn\u00e9 projek\u010dn\u00e9 rie\u0161enia&#8221; font_container=&#8221;tag:h2|font_size:20px|text_align:center&#8221; use_theme_fonts=&#8221;yes&#8221;][vc_column_text]<\/p>\n<p style=\"margin-bottom: 18pt; background: white; text-align: center;\"><span lang=\"SK\" style=\"color: #333333;\">Na\u0161im klientom venujeme v\u017edy individu\u00e1lnu starostlivos\u0165 a \u00faprimn\u00fd z\u00e1ujem \u2013 budujeme tak s\u00a0nimi dlhodob\u00e9 priate\u013esk\u00e9 vz\u0165ahy. Zvo\u013ete si komfort najvy\u0161\u0161ej \u00farovne a\u00a0vybavte v\u0161etko na jednom mieste \u2013 s\u00a0na\u0161ou odbornou pomocou. U\u017e nemus\u00edte nav\u0161tevova\u0165 r\u00f4zne \u00farady, rovnako sa nemus\u00edte ob\u00e1va\u0165 o\u00a0vecn\u00fa spr\u00e1vnos\u0165 dokladov \u010di term\u00edny. O\u00a0v\u0161etko sa s\u00a0rados\u0165ou postar\u00e1me my.<\/span><\/p>\n<p style=\"margin: 0cm; background: white; text-align: center;\"><span lang=\"SK\" style=\"color: #333333;\">Na\u0161\u00edm cie\u013eom je poskytn\u00fa\u0165 v\u00e1m pod jednou strechou v\u0161etky komplexn\u00e9 inform\u00e1cie, \u010d\u00edm z\u00edskate \u010das a nemus\u00edte nav\u0161tevova\u0165 r\u00f4zne \u00farady a\u00a0banky.<\/span><\/p>\n<p>[\/vc_column_text][stm_spacing lg_spacing=&#8221;20&#8243; md_spacing=&#8221;15&#8243; sm_spacing=&#8221;10&#8243; xs_spacing=&#8221;10&#8243;][vc_column_text el_class=&#8221;twocolumn&#8221;]<\/p>\n<ul>\n<li>kompletn\u00fd bezplatn\u00fd servis pri vybavovan\u00ed hypotek\u00e1rneho \u00faveru<\/li>\n<li>porovnanie a v\u00fdber najide\u00e1lnej\u0161ej ponuky a banky pre klienta<\/li>\n<li>skompletizovanie potrebn\u00fdch podkladov k podaniu \u017eiadosti<\/li>\n<li>sledovanie schva\u013eovacieho procesu a\u017e po samotn\u00e9 \u010derpanie hypotek\u00e1rneho \u00faveru<\/li>\n<li>poistenie nehnute\u013enosti i poistenie \u00faveru na jednom mieste<\/li>\n<li>spolupracujeme so v\u0161etk\u00fdmi bankami na slovenskom trhu (\u010cSOB, V\u00daB Banka, Slovensk\u00e1 sporite\u013e\u0148a, Tatra Banka, BKS Bank, UniCredit Bank, mBank, Prima Banka, Oberbank)<\/li>\n<\/ul>\n<p>[\/vc_column_text][vc_custom_heading stripe_pos=&#8221;hide&#8221; text=&#8221;TIP PRE PODNIKATE\u013dOV: Rie\u0161ime tie\u017e financovanie developersk\u00fdch aj investi\u010dn\u00fdch z\u00e1merov&#8221; font_container=&#8221;tag:h3|font_size:16px|text_align:center&#8221; use_theme_fonts=&#8221;yes&#8221;][stm_spacing lg_spacing=&#8221;100&#8243; md_spacing=&#8221;80&#8243; sm_spacing=&#8221;70&#8243; xs_spacing=&#8221;60&#8243;][\/vc_column][\/vc_row][vc_row full_width=&#8221;stretch_row&#8221; css=&#8221;.vc_custom_1656412615486{margin-bottom: -60px !important;background-image: url(https:\/\/benefituctovnictvo.sk\/wp-content\/uploads\/2022\/06\/cta.jpg?id=7004) !important;background-position: center !important;background-repeat: no-repeat !important;background-size: cover !important;}&#8221;][vc_column][stm_spacing lg_spacing=&#8221;100&#8243; md_spacing=&#8221;80&#8243; sm_spacing=&#8221;70&#8243; xs_spacing=&#8221;60&#8243;][vc_custom_heading stripe_pos=&#8221;hide&#8221; text=&#8221;Chcem si objedna\u0165 konzult\u00e1ciu&#8221; font_container=&#8221;tag:h2|text_align:center|color:%23ffffff&#8221; use_theme_fonts=&#8221;yes&#8221; el_class=&#8221;hide_indents&#8221; link=&#8221;url:https%3A%2F%2Fbenefituctovnictvo.sk%2Findex.php%2Fcontact-two%2F|title:Kontakt&#8221;][stm_spacing lg_spacing=&#8221;50&#8243; md_spacing=&#8221;40&#8243; sm_spacing=&#8221;30&#8243; xs_spacing=&#8221;30&#8243;][vc_btn title=&#8221;Kontaktujte n\u00e1s&#8221; style=&#8221;flat&#8221; color=&#8221;theme_style_3&#8243; align=&#8221;center&#8221; link=&#8221;url:https%3A%2F%2Fbenefituctovnictvo.sk%2Findex.php%2Fcontact-two%2F|title:Apply%20for%20Services&#8221;][stm_spacing lg_spacing=&#8221;100&#8243; md_spacing=&#8221;80&#8243; sm_spacing=&#8221;70&#8243; xs_spacing=&#8221;60&#8243;][\/vc_column][\/vc_row]<\/p>\n","protected":false},"excerpt":{"rendered":"<p>[vc_row full_width=&#8221;stretch_row&#8221; equal_height=&#8221;yes&#8221; css=&#8221;.vc_custom_1656402112204{background-color: #f2f4fa !important;}&#8221;][vc_column][stm_spacing lg_spacing=&#8221;90&#8243; md_spacing=&#8221;80&#8243; sm_spacing=&#8221;70&#8243; xs_spacing=&#8221;60&#8243;][vc_row_inner equal_height=&#8221;yes&#8221; gap=&#8221;20&#8243;][vc_column_inner width=&#8221;1\/2&#8243;][stm_info_box style=&#8221;style_7&#8243; title=&#8221;Projects&#8221;]Are you starting a business but need help knowing where to begin? Rather than getting frustrated with the process details, let us carefully plan everything for you. Our experienced team will be happy to advise you on creating a financial plan,<\/p>\n","protected":false},"author":1,"featured_media":0,"parent":0,"menu_order":0,"comment_status":"closed","ping_status":"closed","template":"","meta":{"footnotes":""},"class_list":["post-7269","page","type-page","status-publish","hentry"],"yoast_head":"<!-- This site is optimized with the Yoast SEO plugin v23.7 - https:\/\/yoast.com\/wordpress\/plugins\/seo\/ -->\r\n<title>Projects - Inter Harmony<\/title>\r\n<meta name=\"description\" content=\"Za\u010d\u00ednate s podnikan\u00edm, ale neviete, kde za\u010da\u0165? Nerie\u0161te veci s hor\u00facou hlavou a rad\u0161ej si v\u0161etko d\u00f4kladne napl\u00e1nujte.\u010eal\u0161ie inform\u00e1ci\" \/>\r\n<meta name=\"robots\" content=\"index, follow, max-snippet:-1, max-image-preview:large, max-video-preview:-1\" \/>\r\n<link rel=\"canonical\" href=\"https:\/\/benefituctovnictvo.sk\/en\/projects\/\" \/>\r\n<meta property=\"og:locale\" content=\"en_US\" \/>\r\n<meta property=\"og:type\" content=\"article\" \/>\r\n<meta property=\"og:title\" content=\"Projects - Inter Harmony\" \/>\r\n<meta property=\"og:description\" content=\"Za\u010d\u00ednate s podnikan\u00edm, ale neviete, kde za\u010da\u0165? Nerie\u0161te veci s hor\u00facou hlavou a rad\u0161ej si v\u0161etko d\u00f4kladne napl\u00e1nujte.\u010eal\u0161ie inform\u00e1ci\" \/>\r\n<meta property=\"og:url\" content=\"https:\/\/benefituctovnictvo.sk\/en\/projects\/\" \/>\r\n<meta property=\"og:site_name\" content=\"Inter Harmony\" \/>\r\n<meta property=\"article:modified_time\" content=\"2024-10-31T12:15:47+00:00\" \/>\r\n<meta name=\"twitter:card\" content=\"summary_large_image\" \/>\r\n<meta name=\"twitter:label1\" content=\"Est. reading time\" \/>\n\t<meta name=\"twitter:data1\" content=\"2 minutes\" \/>\r\n<script type=\"application\/ld+json\" class=\"yoast-schema-graph\">{\"@context\":\"https:\/\/schema.org\",\"@graph\":[{\"@type\":\"WebPage\",\"@id\":\"https:\/\/benefituctovnictvo.sk\/en\/projects\/\",\"url\":\"https:\/\/benefituctovnictvo.sk\/en\/projects\/\",\"name\":\"Projects - Inter Harmony\",\"isPartOf\":{\"@id\":\"https:\/\/benefituctovnictvo.sk\/en\/#website\"},\"datePublished\":\"2022-06-23T13:01:30+00:00\",\"dateModified\":\"2024-10-31T12:15:47+00:00\",\"description\":\"Za\u010d\u00ednate s podnikan\u00edm, ale neviete, kde za\u010da\u0165? Nerie\u0161te veci s hor\u00facou hlavou a rad\u0161ej si v\u0161etko d\u00f4kladne napl\u00e1nujte.\u010eal\u0161ie inform\u00e1ci\",\"breadcrumb\":{\"@id\":\"https:\/\/benefituctovnictvo.sk\/en\/projects\/#breadcrumb\"},\"inLanguage\":\"en-US\",\"potentialAction\":[{\"@type\":\"ReadAction\",\"target\":[\"https:\/\/benefituctovnictvo.sk\/en\/projects\/\"]}]},{\"@type\":\"BreadcrumbList\",\"@id\":\"https:\/\/benefituctovnictvo.sk\/en\/projects\/#breadcrumb\",\"itemListElement\":[{\"@type\":\"ListItem\",\"position\":1,\"name\":\"Domovsk\u00e1 str\u00e1nka\",\"item\":\"https:\/\/benefituctovnictvo.sk\/en\/\"},{\"@type\":\"ListItem\",\"position\":2,\"name\":\"Projects\"}]},{\"@type\":\"WebSite\",\"@id\":\"https:\/\/benefituctovnictvo.sk\/en\/#website\",\"url\":\"https:\/\/benefituctovnictvo.sk\/en\/\",\"name\":\"Inter Harmony\",\"description\":\"\u00da\u010dtovn\u00e1 kancel\u00e1ria a poradenstvo\",\"publisher\":{\"@id\":\"https:\/\/benefituctovnictvo.sk\/en\/#organization\"},\"potentialAction\":[{\"@type\":\"SearchAction\",\"target\":{\"@type\":\"EntryPoint\",\"urlTemplate\":\"https:\/\/benefituctovnictvo.sk\/en\/?s={search_term_string}\"},\"query-input\":{\"@type\":\"PropertyValueSpecification\",\"valueRequired\":true,\"valueName\":\"search_term_string\"}}],\"inLanguage\":\"en-US\"},{\"@type\":\"Organization\",\"@id\":\"https:\/\/benefituctovnictvo.sk\/en\/#organization\",\"name\":\"Inter Harmony, spol. s r.o.\",\"url\":\"https:\/\/benefituctovnictvo.sk\/en\/\",\"logo\":{\"@type\":\"ImageObject\",\"inLanguage\":\"en-US\",\"@id\":\"https:\/\/benefituctovnictvo.sk\/en\/#\/schema\/logo\/image\/\",\"url\":\"https:\/\/benefituctovnictvo.sk\/wp-content\/uploads\/2022\/08\/logo.jpg\",\"contentUrl\":\"https:\/\/benefituctovnictvo.sk\/wp-content\/uploads\/2022\/08\/logo.jpg\",\"width\":850,\"height\":850,\"caption\":\"Inter Harmony, spol. s r.o.\"},\"image\":{\"@id\":\"https:\/\/benefituctovnictvo.sk\/en\/#\/schema\/logo\/image\/\"}}]}<\/script>\r\n<!-- \/ Yoast SEO plugin. -->","yoast_head_json":{"title":"Projects - Inter Harmony","description":"Za\u010d\u00ednate s podnikan\u00edm, ale neviete, kde za\u010da\u0165? Nerie\u0161te veci s hor\u00facou hlavou a rad\u0161ej si v\u0161etko d\u00f4kladne napl\u00e1nujte.\u010eal\u0161ie inform\u00e1ci","robots":{"index":"index","follow":"follow","max-snippet":"max-snippet:-1","max-image-preview":"max-image-preview:large","max-video-preview":"max-video-preview:-1"},"canonical":"https:\/\/benefituctovnictvo.sk\/en\/projects\/","og_locale":"en_US","og_type":"article","og_title":"Projects - Inter Harmony","og_description":"Za\u010d\u00ednate s podnikan\u00edm, ale neviete, kde za\u010da\u0165? Nerie\u0161te veci s hor\u00facou hlavou a rad\u0161ej si v\u0161etko d\u00f4kladne napl\u00e1nujte.\u010eal\u0161ie inform\u00e1ci","og_url":"https:\/\/benefituctovnictvo.sk\/en\/projects\/","og_site_name":"Inter Harmony","article_modified_time":"2024-10-31T12:15:47+00:00","twitter_card":"summary_large_image","twitter_misc":{"Est. reading time":"2 minutes"},"schema":{"@context":"https:\/\/schema.org","@graph":[{"@type":"WebPage","@id":"https:\/\/benefituctovnictvo.sk\/en\/projects\/","url":"https:\/\/benefituctovnictvo.sk\/en\/projects\/","name":"Projects - Inter Harmony","isPartOf":{"@id":"https:\/\/benefituctovnictvo.sk\/en\/#website"},"datePublished":"2022-06-23T13:01:30+00:00","dateModified":"2024-10-31T12:15:47+00:00","description":"Za\u010d\u00ednate s podnikan\u00edm, ale neviete, kde za\u010da\u0165? Nerie\u0161te veci s hor\u00facou hlavou a rad\u0161ej si v\u0161etko d\u00f4kladne napl\u00e1nujte.\u010eal\u0161ie inform\u00e1ci","breadcrumb":{"@id":"https:\/\/benefituctovnictvo.sk\/en\/projects\/#breadcrumb"},"inLanguage":"en-US","potentialAction":[{"@type":"ReadAction","target":["https:\/\/benefituctovnictvo.sk\/en\/projects\/"]}]},{"@type":"BreadcrumbList","@id":"https:\/\/benefituctovnictvo.sk\/en\/projects\/#breadcrumb","itemListElement":[{"@type":"ListItem","position":1,"name":"Domovsk\u00e1 str\u00e1nka","item":"https:\/\/benefituctovnictvo.sk\/en\/"},{"@type":"ListItem","position":2,"name":"Projects"}]},{"@type":"WebSite","@id":"https:\/\/benefituctovnictvo.sk\/en\/#website","url":"https:\/\/benefituctovnictvo.sk\/en\/","name":"Inter Harmony","description":"\u00da\u010dtovn\u00e1 kancel\u00e1ria a poradenstvo","publisher":{"@id":"https:\/\/benefituctovnictvo.sk\/en\/#organization"},"potentialAction":[{"@type":"SearchAction","target":{"@type":"EntryPoint","urlTemplate":"https:\/\/benefituctovnictvo.sk\/en\/?s={search_term_string}"},"query-input":{"@type":"PropertyValueSpecification","valueRequired":true,"valueName":"search_term_string"}}],"inLanguage":"en-US"},{"@type":"Organization","@id":"https:\/\/benefituctovnictvo.sk\/en\/#organization","name":"Inter Harmony, spol. s r.o.","url":"https:\/\/benefituctovnictvo.sk\/en\/","logo":{"@type":"ImageObject","inLanguage":"en-US","@id":"https:\/\/benefituctovnictvo.sk\/en\/#\/schema\/logo\/image\/","url":"https:\/\/benefituctovnictvo.sk\/wp-content\/uploads\/2022\/08\/logo.jpg","contentUrl":"https:\/\/benefituctovnictvo.sk\/wp-content\/uploads\/2022\/08\/logo.jpg","width":850,"height":850,"caption":"Inter Harmony, spol. s r.o."},"image":{"@id":"https:\/\/benefituctovnictvo.sk\/en\/#\/schema\/logo\/image\/"}}]}},"_links":{"self":[{"href":"https:\/\/benefituctovnictvo.sk\/en\/wp-json\/wp\/v2\/pages\/7269"}],"collection":[{"href":"https:\/\/benefituctovnictvo.sk\/en\/wp-json\/wp\/v2\/pages"}],"about":[{"href":"https:\/\/benefituctovnictvo.sk\/en\/wp-json\/wp\/v2\/types\/page"}],"author":[{"embeddable":true,"href":"https:\/\/benefituctovnictvo.sk\/en\/wp-json\/wp\/v2\/users\/1"}],"replies":[{"embeddable":true,"href":"https:\/\/benefituctovnictvo.sk\/en\/wp-json\/wp\/v2\/comments?post=7269"}],"version-history":[{"count":2,"href":"https:\/\/benefituctovnictvo.sk\/en\/wp-json\/wp\/v2\/pages\/7269\/revisions"}],"predecessor-version":[{"id":7421,"href":"https:\/\/benefituctovnictvo.sk\/en\/wp-json\/wp\/v2\/pages\/7269\/revisions\/7421"}],"wp:attachment":[{"href":"https:\/\/benefituctovnictvo.sk\/en\/wp-json\/wp\/v2\/media?parent=7269"}],"curies":[{"name":"wp","href":"https:\/\/api.w.org\/{rel}","templated":true}]}}