{"id":7257,"date":"2022-06-27T11:01:53","date_gmt":"2022-06-27T11:01:53","guid":{"rendered":"https:\/\/benefituctovnictvo.sk\/colne-sluzby\/"},"modified":"2024-10-31T12:13:47","modified_gmt":"2024-10-31T12:13:47","slug":"customs-services","status":"publish","type":"page","link":"https:\/\/benefituctovnictvo.sk\/en\/customs-services\/","title":{"rendered":"Customs services"},"content":{"rendered":"<p>[vc_row full_width=&#8221;stretch_row&#8221; equal_height=&#8221;yes&#8221; css=&#8221;.vc_custom_1656402112204{background-color: #f2f4fa !important;}&#8221;][vc_column][stm_spacing lg_spacing=&#8221;90&#8243; md_spacing=&#8221;80&#8243; sm_spacing=&#8221;70&#8243; xs_spacing=&#8221;60&#8243;][vc_row_inner equal_height=&#8221;yes&#8221; gap=&#8221;20&#8243;][vc_column_inner width=&#8221;1\/2&#8243;][stm_info_box style=&#8221;style_7&#8243; title=&#8221;Customs services&#8221;]Do not be discouraged by endless paperwork and bureaucratic difficulties in transporting goods. With our comprehensive package of customs services, we will handle the unpleasant logistics process and documentation for import and export. Of course, we provide interpretation, forwarding, and insurance services, leaving you 100% sure that everything will be carried out in accordance with the legislative standards of the given country, smoothly and without problems during customs clearance. With us, your satisfaction is guaranteed.[\/stm_info_box][\/vc_column_inner][vc_column_inner width=&#8221;1\/2&#8243; css=&#8221;.vc_custom_1656488454506{background-image: url(https:\/\/benefituctovnictvo.sk\/wp-content\/uploads\/2022\/06\/colne-sluzby.jpg?id=7076) !important;background-position: center !important;background-repeat: no-repeat !important;background-size: cover !important;}&#8221;][\/vc_column_inner][\/vc_row_inner][stm_spacing lg_spacing=&#8221;90&#8243; md_spacing=&#8221;80&#8243; sm_spacing=&#8221;70&#8243; xs_spacing=&#8221;60&#8243;][\/vc_column][\/vc_row][vc_row][vc_column][stm_spacing lg_spacing=&#8221;100&#8243; md_spacing=&#8221;80&#8243; sm_spacing=&#8221;70&#8243; xs_spacing=&#8221;60&#8243;][vc_custom_heading text=&#8221;V oblasti coln\u00fdch slu\u017eieb poskytujeme&#8221; font_container=&#8221;tag:h2|font_size:20px|text_align:center&#8221; use_theme_fonts=&#8221;yes&#8221;][stm_spacing lg_spacing=&#8221;20&#8243; md_spacing=&#8221;15&#8243; sm_spacing=&#8221;10&#8243; xs_spacing=&#8221;10&#8243;][vc_column_text el_class=&#8221;twocolumn&#8221;]<\/p>\n<ul>\n<li class=\"p1\">coln\u00e9 slu\u017eby (preclievanie, coln\u00e9 a da\u0148ov\u00e9 zastupite\u013estvo, ru\u010denie coln\u00e9ho dlhu)<\/li>\n<li class=\"p1\">slu\u017eby skladu (skladovanie, nakladanie\/vykladanie)<\/li>\n<li class=\"p1\">tlmo\u010denie, preklady a odborn\u00e1 komunik\u00e1cia v ru\u0161tine<\/li>\n<li class=\"p1\">\u0161pedi\u010dn\u00e9 slu\u017eby<\/li>\n<li class=\"p1\">pois\u0165ovacie slu\u017eby<\/li>\n<li class=\"p1\">ECKD (elektronick\u00e9 coln\u00e9 konanie v dovoze)<\/li>\n<li class=\"p1\">ECKV (elektronick\u00e9 coln\u00e9 konanie vo v\u00fdvoze)<\/li>\n<li class=\"p1\">poskytovanie z\u00e1v\u00e4zku ru\u010dite\u013ea, ru\u010denie za coln\u00e9 dlhy<\/li>\n<li class=\"p1\">kompletn\u00e9 zastupovanie v colnom a spr\u00e1vnom konan\u00ed<\/li>\n<li class=\"p1\">registr\u00e1cie klientov v syst\u00e9me EORI<\/li>\n<li class=\"p1\">vystavovanie n\u00e1kladn\u00fdch listov CMR<\/li>\n<li class=\"p1\">vystavovanie sprievodn\u00fdch osved\u010den\u00ed o p\u00f4vode tovaru EUR1<\/li>\n<li class=\"p1\">vystavovanie Carnet TIR + elektronick\u00e9 podanie a vybavenie na colnom \u00farade<\/li>\n<li class=\"p1\">coln\u00e9 poradenstvo<\/li>\n<\/ul>\n<p>[\/vc_column_text][stm_spacing lg_spacing=&#8221;100&#8243; md_spacing=&#8221;80&#8243; sm_spacing=&#8221;70&#8243; xs_spacing=&#8221;60&#8243;][\/vc_column][\/vc_row][vc_row full_width=&#8221;stretch_row&#8221; css=&#8221;.vc_custom_1656412615486{margin-bottom: -60px !important;background-image: url(https:\/\/benefituctovnictvo.sk\/wp-content\/uploads\/2022\/06\/cta.jpg?id=7004) !important;background-position: center !important;background-repeat: no-repeat !important;background-size: cover !important;}&#8221;][vc_column][stm_spacing lg_spacing=&#8221;100&#8243; md_spacing=&#8221;80&#8243; sm_spacing=&#8221;70&#8243; xs_spacing=&#8221;60&#8243;][vc_custom_heading stripe_pos=&#8221;hide&#8221; text=&#8221;Objedna\u0165 coln\u00e9 slu\u017eby&#8221; font_container=&#8221;tag:h2|text_align:center|color:%23ffffff&#8221; use_theme_fonts=&#8221;yes&#8221; el_class=&#8221;hide_indents&#8221; link=&#8221;url:https%3A%2F%2Fbenefituctovnictvo.sk%2Findex.php%2Fcontact-two%2F|title:Kontakt&#8221;][stm_spacing lg_spacing=&#8221;50&#8243; md_spacing=&#8221;40&#8243; sm_spacing=&#8221;30&#8243; xs_spacing=&#8221;30&#8243;][vc_btn title=&#8221;Kontaktujte n\u00e1s&#8221; style=&#8221;flat&#8221; color=&#8221;theme_style_3&#8243; align=&#8221;center&#8221; link=&#8221;url:https%3A%2F%2Fbenefituctovnictvo.sk%2Findex.php%2Fcontact-two%2F|title:Apply%20for%20Services&#8221;][stm_spacing lg_spacing=&#8221;100&#8243; md_spacing=&#8221;80&#8243; sm_spacing=&#8221;70&#8243; xs_spacing=&#8221;60&#8243;][\/vc_column][\/vc_row]<\/p>\n","protected":false},"excerpt":{"rendered":"<p>[vc_row full_width=&#8221;stretch_row&#8221; equal_height=&#8221;yes&#8221; css=&#8221;.vc_custom_1656402112204{background-color: #f2f4fa !important;}&#8221;][vc_column][stm_spacing lg_spacing=&#8221;90&#8243; md_spacing=&#8221;80&#8243; sm_spacing=&#8221;70&#8243; xs_spacing=&#8221;60&#8243;][vc_row_inner equal_height=&#8221;yes&#8221; gap=&#8221;20&#8243;][vc_column_inner width=&#8221;1\/2&#8243;][stm_info_box style=&#8221;style_7&#8243; title=&#8221;Customs services&#8221;]Do not be discouraged by endless paperwork and bureaucratic difficulties in transporting goods. With our comprehensive package of customs services, we will handle the unpleasant logistics process and documentation for import and export. Of course, we provide interpretation, forwarding, and<\/p>\n","protected":false},"author":1,"featured_media":0,"parent":0,"menu_order":0,"comment_status":"closed","ping_status":"closed","template":"","meta":{"footnotes":""},"class_list":["post-7257","page","type-page","status-publish","hentry"],"yoast_head":"<!-- This site is optimized with the Yoast SEO plugin v23.7 - https:\/\/yoast.com\/wordpress\/plugins\/seo\/ -->\r\n<title>Customs services - Inter Harmony<\/title>\r\n<meta name=\"description\" content=\"S na\u0161\u00edm komplexn\u00fdm bal\u00ed\u010dkom coln\u00fdch slu\u017eieb za v\u00e1s vybav\u00edme nepr\u00edjemn\u00e9 vybavovanie, rie\u0161enie logistick\u00fdch procesov i dokladovanie.\" \/>\r\n<meta name=\"robots\" content=\"index, follow, max-snippet:-1, max-image-preview:large, max-video-preview:-1\" \/>\r\n<link rel=\"canonical\" href=\"https:\/\/benefituctovnictvo.sk\/en\/customs-services\/\" \/>\r\n<meta property=\"og:locale\" content=\"en_US\" \/>\r\n<meta property=\"og:type\" content=\"article\" \/>\r\n<meta property=\"og:title\" content=\"Customs services - Inter Harmony\" \/>\r\n<meta property=\"og:description\" content=\"S na\u0161\u00edm komplexn\u00fdm bal\u00ed\u010dkom coln\u00fdch slu\u017eieb za v\u00e1s vybav\u00edme nepr\u00edjemn\u00e9 vybavovanie, rie\u0161enie logistick\u00fdch procesov i dokladovanie.\" \/>\r\n<meta property=\"og:url\" content=\"https:\/\/benefituctovnictvo.sk\/en\/customs-services\/\" \/>\r\n<meta property=\"og:site_name\" content=\"Inter Harmony\" \/>\r\n<meta property=\"article:modified_time\" content=\"2024-10-31T12:13:47+00:00\" \/>\r\n<meta name=\"twitter:card\" content=\"summary_large_image\" \/>\r\n<meta name=\"twitter:label1\" content=\"Est. reading time\" \/>\n\t<meta name=\"twitter:data1\" content=\"2 minutes\" \/>\r\n<script type=\"application\/ld+json\" class=\"yoast-schema-graph\">{\"@context\":\"https:\/\/schema.org\",\"@graph\":[{\"@type\":\"WebPage\",\"@id\":\"https:\/\/benefituctovnictvo.sk\/en\/customs-services\/\",\"url\":\"https:\/\/benefituctovnictvo.sk\/en\/customs-services\/\",\"name\":\"Customs services - Inter Harmony\",\"isPartOf\":{\"@id\":\"https:\/\/benefituctovnictvo.sk\/en\/#website\"},\"datePublished\":\"2022-06-27T11:01:53+00:00\",\"dateModified\":\"2024-10-31T12:13:47+00:00\",\"description\":\"S na\u0161\u00edm komplexn\u00fdm bal\u00ed\u010dkom coln\u00fdch slu\u017eieb za v\u00e1s vybav\u00edme nepr\u00edjemn\u00e9 vybavovanie, rie\u0161enie logistick\u00fdch procesov i dokladovanie.\",\"breadcrumb\":{\"@id\":\"https:\/\/benefituctovnictvo.sk\/en\/customs-services\/#breadcrumb\"},\"inLanguage\":\"en-US\",\"potentialAction\":[{\"@type\":\"ReadAction\",\"target\":[\"https:\/\/benefituctovnictvo.sk\/en\/customs-services\/\"]}]},{\"@type\":\"BreadcrumbList\",\"@id\":\"https:\/\/benefituctovnictvo.sk\/en\/customs-services\/#breadcrumb\",\"itemListElement\":[{\"@type\":\"ListItem\",\"position\":1,\"name\":\"Domovsk\u00e1 str\u00e1nka\",\"item\":\"https:\/\/benefituctovnictvo.sk\/en\/\"},{\"@type\":\"ListItem\",\"position\":2,\"name\":\"Customs services\"}]},{\"@type\":\"WebSite\",\"@id\":\"https:\/\/benefituctovnictvo.sk\/en\/#website\",\"url\":\"https:\/\/benefituctovnictvo.sk\/en\/\",\"name\":\"Inter Harmony\",\"description\":\"\u00da\u010dtovn\u00e1 kancel\u00e1ria a poradenstvo\",\"publisher\":{\"@id\":\"https:\/\/benefituctovnictvo.sk\/en\/#organization\"},\"potentialAction\":[{\"@type\":\"SearchAction\",\"target\":{\"@type\":\"EntryPoint\",\"urlTemplate\":\"https:\/\/benefituctovnictvo.sk\/en\/?s={search_term_string}\"},\"query-input\":{\"@type\":\"PropertyValueSpecification\",\"valueRequired\":true,\"valueName\":\"search_term_string\"}}],\"inLanguage\":\"en-US\"},{\"@type\":\"Organization\",\"@id\":\"https:\/\/benefituctovnictvo.sk\/en\/#organization\",\"name\":\"Inter Harmony, spol. s r.o.\",\"url\":\"https:\/\/benefituctovnictvo.sk\/en\/\",\"logo\":{\"@type\":\"ImageObject\",\"inLanguage\":\"en-US\",\"@id\":\"https:\/\/benefituctovnictvo.sk\/en\/#\/schema\/logo\/image\/\",\"url\":\"https:\/\/benefituctovnictvo.sk\/wp-content\/uploads\/2022\/08\/logo.jpg\",\"contentUrl\":\"https:\/\/benefituctovnictvo.sk\/wp-content\/uploads\/2022\/08\/logo.jpg\",\"width\":850,\"height\":850,\"caption\":\"Inter Harmony, spol. s r.o.\"},\"image\":{\"@id\":\"https:\/\/benefituctovnictvo.sk\/en\/#\/schema\/logo\/image\/\"}}]}<\/script>\r\n<!-- \/ Yoast SEO plugin. -->","yoast_head_json":{"title":"Customs services - Inter Harmony","description":"S na\u0161\u00edm komplexn\u00fdm bal\u00ed\u010dkom coln\u00fdch slu\u017eieb za v\u00e1s vybav\u00edme nepr\u00edjemn\u00e9 vybavovanie, rie\u0161enie logistick\u00fdch procesov i dokladovanie.","robots":{"index":"index","follow":"follow","max-snippet":"max-snippet:-1","max-image-preview":"max-image-preview:large","max-video-preview":"max-video-preview:-1"},"canonical":"https:\/\/benefituctovnictvo.sk\/en\/customs-services\/","og_locale":"en_US","og_type":"article","og_title":"Customs services - Inter Harmony","og_description":"S na\u0161\u00edm komplexn\u00fdm bal\u00ed\u010dkom coln\u00fdch slu\u017eieb za v\u00e1s vybav\u00edme nepr\u00edjemn\u00e9 vybavovanie, rie\u0161enie logistick\u00fdch procesov i dokladovanie.","og_url":"https:\/\/benefituctovnictvo.sk\/en\/customs-services\/","og_site_name":"Inter Harmony","article_modified_time":"2024-10-31T12:13:47+00:00","twitter_card":"summary_large_image","twitter_misc":{"Est. reading time":"2 minutes"},"schema":{"@context":"https:\/\/schema.org","@graph":[{"@type":"WebPage","@id":"https:\/\/benefituctovnictvo.sk\/en\/customs-services\/","url":"https:\/\/benefituctovnictvo.sk\/en\/customs-services\/","name":"Customs services - Inter Harmony","isPartOf":{"@id":"https:\/\/benefituctovnictvo.sk\/en\/#website"},"datePublished":"2022-06-27T11:01:53+00:00","dateModified":"2024-10-31T12:13:47+00:00","description":"S na\u0161\u00edm komplexn\u00fdm bal\u00ed\u010dkom coln\u00fdch slu\u017eieb za v\u00e1s vybav\u00edme nepr\u00edjemn\u00e9 vybavovanie, rie\u0161enie logistick\u00fdch procesov i dokladovanie.","breadcrumb":{"@id":"https:\/\/benefituctovnictvo.sk\/en\/customs-services\/#breadcrumb"},"inLanguage":"en-US","potentialAction":[{"@type":"ReadAction","target":["https:\/\/benefituctovnictvo.sk\/en\/customs-services\/"]}]},{"@type":"BreadcrumbList","@id":"https:\/\/benefituctovnictvo.sk\/en\/customs-services\/#breadcrumb","itemListElement":[{"@type":"ListItem","position":1,"name":"Domovsk\u00e1 str\u00e1nka","item":"https:\/\/benefituctovnictvo.sk\/en\/"},{"@type":"ListItem","position":2,"name":"Customs services"}]},{"@type":"WebSite","@id":"https:\/\/benefituctovnictvo.sk\/en\/#website","url":"https:\/\/benefituctovnictvo.sk\/en\/","name":"Inter Harmony","description":"\u00da\u010dtovn\u00e1 kancel\u00e1ria a poradenstvo","publisher":{"@id":"https:\/\/benefituctovnictvo.sk\/en\/#organization"},"potentialAction":[{"@type":"SearchAction","target":{"@type":"EntryPoint","urlTemplate":"https:\/\/benefituctovnictvo.sk\/en\/?s={search_term_string}"},"query-input":{"@type":"PropertyValueSpecification","valueRequired":true,"valueName":"search_term_string"}}],"inLanguage":"en-US"},{"@type":"Organization","@id":"https:\/\/benefituctovnictvo.sk\/en\/#organization","name":"Inter Harmony, spol. s r.o.","url":"https:\/\/benefituctovnictvo.sk\/en\/","logo":{"@type":"ImageObject","inLanguage":"en-US","@id":"https:\/\/benefituctovnictvo.sk\/en\/#\/schema\/logo\/image\/","url":"https:\/\/benefituctovnictvo.sk\/wp-content\/uploads\/2022\/08\/logo.jpg","contentUrl":"https:\/\/benefituctovnictvo.sk\/wp-content\/uploads\/2022\/08\/logo.jpg","width":850,"height":850,"caption":"Inter Harmony, spol. s r.o."},"image":{"@id":"https:\/\/benefituctovnictvo.sk\/en\/#\/schema\/logo\/image\/"}}]}},"_links":{"self":[{"href":"https:\/\/benefituctovnictvo.sk\/en\/wp-json\/wp\/v2\/pages\/7257"}],"collection":[{"href":"https:\/\/benefituctovnictvo.sk\/en\/wp-json\/wp\/v2\/pages"}],"about":[{"href":"https:\/\/benefituctovnictvo.sk\/en\/wp-json\/wp\/v2\/types\/page"}],"author":[{"embeddable":true,"href":"https:\/\/benefituctovnictvo.sk\/en\/wp-json\/wp\/v2\/users\/1"}],"replies":[{"embeddable":true,"href":"https:\/\/benefituctovnictvo.sk\/en\/wp-json\/wp\/v2\/comments?post=7257"}],"version-history":[{"count":1,"href":"https:\/\/benefituctovnictvo.sk\/en\/wp-json\/wp\/v2\/pages\/7257\/revisions"}],"predecessor-version":[{"id":7419,"href":"https:\/\/benefituctovnictvo.sk\/en\/wp-json\/wp\/v2\/pages\/7257\/revisions\/7419"}],"wp:attachment":[{"href":"https:\/\/benefituctovnictvo.sk\/en\/wp-json\/wp\/v2\/media?parent=7257"}],"curies":[{"name":"wp","href":"https:\/\/api.w.org\/{rel}","templated":true}]}}