{"id":7381,"date":"2022-06-14T08:46:08","date_gmt":"2022-06-14T08:46:08","guid":{"rendered":"https:\/\/benefituctovnictvo.sk\/zasady-ochrany-osobnych-udajov\/"},"modified":"2022-06-14T08:46:08","modified_gmt":"2022-06-14T08:46:08","slug":"zasady-ochrany-osobnych-udajov","status":"publish","type":"page","link":"https:\/\/benefituctovnictvo.sk\/de\/zasady-ochrany-osobnych-udajov\/","title":{"rendered":"Z\u00e1sady ochrany osobn\u00fdch \u00fadajov"},"content":{"rendered":"<p>[vc_row][vc_column][stm_spacing lg_spacing=&#8221;90&#8243; md_spacing=&#8221;80&#8243; sm_spacing=&#8221;70&#8243; xs_spacing=&#8221;60&#8243;][vc_column_text]<\/p>\n<h2>Ochrana osobn\u00fdch \u00fadajov<\/h2>\n<p>Sna\u017e\u00edme sa o ich maxim\u00e1lnu ochranu a zabezpe\u010denie, preto v\u0161etky osobn\u00e9 d\u00e1ta, ktor\u00e9 z\u00edskame po\u010das va\u0161ej n\u00e1v\u0161tevy webu <strong>www.<\/strong><strong>benefituctovnictvo.sk<\/strong> spracov\u00e1vame v s\u00falade so Z\u00e1konom o ochrane osobn\u00fdch \u00fadajov \u010d. 122\/2013 Z.z. V r\u00e1mci na\u0161ej firmy maj\u00fa pr\u00edstup k Va\u0161im osobn\u00fdm \u00fadajom len tie osoby, ktor\u00e9 ich sprac\u00favaj\u00fa za \u00fa\u010delom plnenia na\u0161ich povinnost\u00ed vypl\u00fdvaj\u00facich n\u00e1m z\u00a0Va\u0161ej objedn\u00e1vky t.j. zo zmluvn\u00e9ho vz\u0165ahu s\u00a0Vami, napr. oddelenie predaja, klientsk\u00e1 podpora. <strong>\u0160ifrovanie SSL a zabezpe\u010denie va\u0161ich osobn\u00fdch \u00fadajov<\/strong> K zaisteniu v\u00e4\u010d\u0161ieho bezpe\u010dia a zamedzeniu pr\u00edstupu tret\u00edch os\u00f4b k va\u0161im osobn\u00fdm \u00fadajom, pou\u017e\u00edvame k\u00f3dovanie. Protokol SSL (Secure Socket Layer) pren\u00e1\u0161a z\u00edskan\u00e9 osobn\u00e9 \u00fadaje v \u0161ifrovanej forme a z\u00e1rove\u0148 overuje ich autenticitu, aby sme predch\u00e1dzali ne\u017eelan\u00e9mu zneu\u017e\u00edvaniu d\u00e1t tret\u00edmi osobami. \u0160ifrovanie pomocou protokolu SSL \u013eahko identifikujete v stavovom riadku v\u00e1\u0161ho prehliada\u010da, kde sa objavuje vo forme ikony zavret\u00e9ho z\u00e1mku a pr\u00edslu\u0161n\u00e1 webov\u00e1 adresa za\u010d\u00edna skratkou https. <strong>Kontaktn\u00fd a rezerva\u010dn\u00fd formul\u00e1r<\/strong> Kontaktova\u0165 na\u0161u spolo\u010dnos\u0165\u00a0 m\u00f4\u017eete pomocou kontaktn\u00e9ho a rezerva\u010dn\u00e9ho formul\u00e1ra uveden\u00e9ho na na\u0161ej webovej str\u00e1nke v \u010dasti kontakt. Va\u0161e osobn\u00e9 \u00fadaje uklad\u00e1me a vyu\u017e\u00edvame len za \u00fa\u010delom op\u00e4tovn\u00e9ho nadviazania kontaktu. Osobn\u00e9 \u00fadaje, ktor\u00e9 z\u00edskavame prostredn\u00edctvom kontaktn\u00e9ho formul\u00e1ra s\u00fa: meno, priezvisko a e-mail.<\/p>\n<h2>S\u00fabory cookie<\/h2>\n<p>S cie\u013eom zabezpe\u010di\u0165 riadne fungovanie tejto webovej lokality uklad\u00e1me niekedy na va\u0161om zariaden\u00ed mal\u00e9 d\u00e1tov\u00e9 s\u00fabory, tzv. cookie. Je to be\u017en\u00e1 prax v\u00e4\u010d\u0161iny ve\u013ek\u00fdch webov\u00fdch lokal\u00edt.<\/p>\n<p><strong>\u010co s\u00fa s\u00fabory cookie?<\/strong> S\u00fabor cookie je mal\u00fd textov\u00fd s\u00fabor, ktor\u00fd webov\u00e1 lokalita uklad\u00e1 vo va\u0161om po\u010d\u00edta\u010di alebo mobilnom zariaden\u00ed pri jej prehliadan\u00ed. V\u010faka tomuto s\u00faboru si webov\u00e1 lokalita na ur\u010dit\u00fd \u010das uchov\u00e1va inform\u00e1cie o va\u0161ich krokoch a preferenci\u00e1ch (ako s\u00fa prihlasovacie meno, jazyk, ve\u013ekos\u0165 p\u00edsma a in\u00e9 nastavenia zobrazovania), tak\u017ee ich pri \u010fal\u0161ej n\u00e1v\u0161teve lokality alebo prehliadan\u00ed jej jednotliv\u00fdch str\u00e1nok nemus\u00edte op\u00e4tovne uv\u00e1dza\u0165.<\/p>\n<p><strong>Ako pou\u017e\u00edvame s\u00fabory cookie?<\/strong> Rad na\u0161ich str\u00e1nok pou\u017e\u00edva s\u00fabory cookie, aby sme uchovali:<\/p>\n<ul>\n<li>va\u0161e preferencie zobrazenia, napr\u00edklad nastavenia kontrastu farieb alebo ve\u013ekosti p\u00edsma;<\/li>\n<li>skuto\u010dnos\u0165, \u017ee ste u\u017e odpovedali na prieskum zobrazuj\u00faci sa v samostatnom okne (pop-up), prostredn\u00edctvom ktor\u00e9ho m\u00f4\u017eete vyjadri\u0165 svoj n\u00e1zor na obsah str\u00e1nky (nebude sa op\u00e4tovne zobrazova\u0165);<\/li>\n<li>skuto\u010dnos\u0165, \u010di ste s\u00fahlasili (alebo nes\u00fahlasili) s t\u00fdm, aby sme vyu\u017e\u00edvali s\u00fabory cookie na tejto webovej lokalite.<\/li>\n<li>Rovnako niektor\u00e9 vide\u00e1, ktor\u00e9 s\u00fa s\u00fa\u010das\u0165ou na\u0161ich str\u00e1nok, pou\u017e\u00edvaj\u00fa s\u00fabory cookie na anonymn\u00fd zber \u0161tatistick\u00fdch \u00fadajov o tom, ako ste sa tam dostali a ktor\u00e9 videoklipy ste si pozreli.<\/li>\n<\/ul>\n<p>S\u00fabory cookies uklad\u00e1 aj\u00a0<a href=\"https:\/\/ec.europa.eu\/info\/privacy-policy\/europa-analytics_sk\">Europa Analytics<\/a>\u00a0\u2013 slu\u017eba Eur\u00f3pskej komisie, ktor\u00e1 meria efektivitu a \u00fa\u010dinnos\u0165 webov\u00fdch str\u00e1nok na port\u00e1li EUROPA. Povolenie pou\u017eitia s\u00faborov cookie nie je nevyhnutne potrebn\u00e9 na spr\u00e1vne fungovanie webovej lokality, ale poskytne v\u00e1m to lep\u0161\u00ed pou\u017e\u00edvate\u013esk\u00fd komfort pri pr\u00e1ci s \u0148ou. S\u00fabory cookie m\u00f4\u017eete vymaza\u0165 alebo zablokova\u0165. V takomto pr\u00edpade sa v\u0161ak m\u00f4\u017ee sta\u0165, \u017ee ur\u010dit\u00e9 funkcionality webovej lokality nebud\u00fa fungova\u0165 tak, ako by mali. Inform\u00e1cie ukladan\u00e9 v s\u00faboroch cookie\u00a0sa nepou\u017eij\u00fa na va\u0161u osobn\u00fa identifik\u00e1ciu\u00a0a \u0161trukt\u00fara \u00fadajov je plne pod na\u0161ou kontrolou. S\u00fabory cookie sa nepou\u017e\u00edvaj\u00fa na in\u00e9 \u00fa\u010dely ako tie, ktor\u00e9 s\u00fa uveden\u00e9 v tomto texte. <strong>Ako kontrolova\u0165 s\u00fabory cookie<\/strong> S\u00fabory cookie m\u00f4\u017eete\u00a0<strong>kontrolova\u0165 a\/alebo zmaza\u0165<\/strong>\u00a0pod\u013ea uv\u00e1\u017eenia \u2013 podrobnosti si pozrite na str\u00e1nke\u00a0aboutcookies.org. M\u00f4\u017eete vymaza\u0165 v\u0161etky s\u00fabory cookie ulo\u017een\u00e9 vo svojom po\u010d\u00edta\u010di a v\u00e4\u010d\u0161inu prehliada\u010dov m\u00f4\u017eete nastavi\u0165 tak, aby ste im znemo\u017enili ich ukladanie. V takomto pr\u00edpade v\u0161ak pravdepodobne budete musie\u0165 pri ka\u017edej n\u00e1v\u0161teve webovej lokality manu\u00e1lne upravova\u0165 niektor\u00e9 nastavenia a niektor\u00e9 slu\u017eby a funkcie nebud\u00fa fungova\u0165.[\/vc_column_text][\/vc_column][\/vc_row]<\/p>\n","protected":false},"excerpt":{"rendered":"<p>[vc_row][vc_column][stm_spacing lg_spacing=&#8221;90&#8243; md_spacing=&#8221;80&#8243; sm_spacing=&#8221;70&#8243; xs_spacing=&#8221;60&#8243;][vc_column_text] Ochrana osobn\u00fdch \u00fadajov Sna\u017e\u00edme sa o ich maxim\u00e1lnu ochranu a zabezpe\u010denie, preto v\u0161etky osobn\u00e9 d\u00e1ta, ktor\u00e9 z\u00edskame po\u010das va\u0161ej n\u00e1v\u0161tevy webu www.benefituctovnictvo.sk spracov\u00e1vame v s\u00falade so Z\u00e1konom o ochrane osobn\u00fdch \u00fadajov \u010d. 122\/2013 Z.z. V r\u00e1mci na\u0161ej firmy maj\u00fa pr\u00edstup k Va\u0161im osobn\u00fdm \u00fadajom len tie osoby, ktor\u00e9 ich sprac\u00favaj\u00fa<\/p>\n","protected":false},"author":1,"featured_media":0,"parent":0,"menu_order":0,"comment_status":"closed","ping_status":"open","template":"","meta":{"footnotes":""},"class_list":["post-7381","page","type-page","status-publish","hentry"],"yoast_head":"<!-- This site is optimized with the Yoast SEO plugin v23.7 - https:\/\/yoast.com\/wordpress\/plugins\/seo\/ -->\r\n<title>Z\u00e1sady ochrany osobn\u00fdch \u00fadajov - Inter Harmony<\/title>\r\n<meta name=\"robots\" content=\"index, follow, max-snippet:-1, max-image-preview:large, max-video-preview:-1\" \/>\r\n<link rel=\"canonical\" href=\"https:\/\/benefituctovnictvo.sk\/de\/zasady-ochrany-osobnych-udajov\/\" \/>\r\n<meta property=\"og:locale\" content=\"de_DE\" \/>\r\n<meta property=\"og:type\" content=\"article\" \/>\r\n<meta property=\"og:title\" content=\"Z\u00e1sady ochrany osobn\u00fdch \u00fadajov - Inter Harmony\" \/>\r\n<meta property=\"og:description\" content=\"[vc_row][vc_column][stm_spacing lg_spacing=&#8221;90&#8243; md_spacing=&#8221;80&#8243; sm_spacing=&#8221;70&#8243; xs_spacing=&#8221;60&#8243;][vc_column_text] Ochrana osobn\u00fdch \u00fadajov Sna\u017e\u00edme sa o ich maxim\u00e1lnu ochranu a zabezpe\u010denie, preto v\u0161etky osobn\u00e9 d\u00e1ta, ktor\u00e9 z\u00edskame po\u010das va\u0161ej n\u00e1v\u0161tevy webu www.benefituctovnictvo.sk spracov\u00e1vame v s\u00falade so Z\u00e1konom o ochrane osobn\u00fdch \u00fadajov \u010d. 122\/2013 Z.z. V r\u00e1mci na\u0161ej firmy maj\u00fa pr\u00edstup k Va\u0161im osobn\u00fdm \u00fadajom len tie osoby, ktor\u00e9 ich sprac\u00favaj\u00fa\" \/>\r\n<meta property=\"og:url\" content=\"https:\/\/benefituctovnictvo.sk\/de\/zasady-ochrany-osobnych-udajov\/\" \/>\r\n<meta property=\"og:site_name\" content=\"Inter Harmony\" \/>\r\n<meta name=\"twitter:card\" content=\"summary_large_image\" \/>\r\n<meta name=\"twitter:label1\" content=\"Gesch\u00e4tzte Lesezeit\" \/>\n\t<meta name=\"twitter:data1\" content=\"4\u00a0Minuten\" \/>\r\n<script type=\"application\/ld+json\" class=\"yoast-schema-graph\">{\"@context\":\"https:\/\/schema.org\",\"@graph\":[{\"@type\":\"WebPage\",\"@id\":\"https:\/\/benefituctovnictvo.sk\/de\/zasady-ochrany-osobnych-udajov\/\",\"url\":\"https:\/\/benefituctovnictvo.sk\/de\/zasady-ochrany-osobnych-udajov\/\",\"name\":\"Z\u00e1sady ochrany osobn\u00fdch \u00fadajov - Inter Harmony\",\"isPartOf\":{\"@id\":\"https:\/\/benefituctovnictvo.sk\/de\/#website\"},\"datePublished\":\"2022-06-14T08:46:08+00:00\",\"dateModified\":\"2022-06-14T08:46:08+00:00\",\"breadcrumb\":{\"@id\":\"https:\/\/benefituctovnictvo.sk\/de\/zasady-ochrany-osobnych-udajov\/#breadcrumb\"},\"inLanguage\":\"de\",\"potentialAction\":[{\"@type\":\"ReadAction\",\"target\":[\"https:\/\/benefituctovnictvo.sk\/de\/zasady-ochrany-osobnych-udajov\/\"]}]},{\"@type\":\"BreadcrumbList\",\"@id\":\"https:\/\/benefituctovnictvo.sk\/de\/zasady-ochrany-osobnych-udajov\/#breadcrumb\",\"itemListElement\":[{\"@type\":\"ListItem\",\"position\":1,\"name\":\"Domovsk\u00e1 str\u00e1nka\",\"item\":\"https:\/\/benefituctovnictvo.sk\/de\/\"},{\"@type\":\"ListItem\",\"position\":2,\"name\":\"Z\u00e1sady ochrany osobn\u00fdch \u00fadajov\"}]},{\"@type\":\"WebSite\",\"@id\":\"https:\/\/benefituctovnictvo.sk\/de\/#website\",\"url\":\"https:\/\/benefituctovnictvo.sk\/de\/\",\"name\":\"Inter Harmony\",\"description\":\"\u00da\u010dtovn\u00e1 kancel\u00e1ria a poradenstvo\",\"publisher\":{\"@id\":\"https:\/\/benefituctovnictvo.sk\/de\/#organization\"},\"potentialAction\":[{\"@type\":\"SearchAction\",\"target\":{\"@type\":\"EntryPoint\",\"urlTemplate\":\"https:\/\/benefituctovnictvo.sk\/de\/?s={search_term_string}\"},\"query-input\":{\"@type\":\"PropertyValueSpecification\",\"valueRequired\":true,\"valueName\":\"search_term_string\"}}],\"inLanguage\":\"de\"},{\"@type\":\"Organization\",\"@id\":\"https:\/\/benefituctovnictvo.sk\/de\/#organization\",\"name\":\"Inter Harmony, spol. s r.o.\",\"url\":\"https:\/\/benefituctovnictvo.sk\/de\/\",\"logo\":{\"@type\":\"ImageObject\",\"inLanguage\":\"de\",\"@id\":\"https:\/\/benefituctovnictvo.sk\/de\/#\/schema\/logo\/image\/\",\"url\":\"https:\/\/benefituctovnictvo.sk\/wp-content\/uploads\/2022\/08\/logo.jpg\",\"contentUrl\":\"https:\/\/benefituctovnictvo.sk\/wp-content\/uploads\/2022\/08\/logo.jpg\",\"width\":850,\"height\":850,\"caption\":\"Inter Harmony, spol. s r.o.\"},\"image\":{\"@id\":\"https:\/\/benefituctovnictvo.sk\/de\/#\/schema\/logo\/image\/\"}}]}<\/script>\r\n<!-- \/ Yoast SEO plugin. -->","yoast_head_json":{"title":"Z\u00e1sady ochrany osobn\u00fdch \u00fadajov - Inter Harmony","robots":{"index":"index","follow":"follow","max-snippet":"max-snippet:-1","max-image-preview":"max-image-preview:large","max-video-preview":"max-video-preview:-1"},"canonical":"https:\/\/benefituctovnictvo.sk\/de\/zasady-ochrany-osobnych-udajov\/","og_locale":"de_DE","og_type":"article","og_title":"Z\u00e1sady ochrany osobn\u00fdch \u00fadajov - Inter Harmony","og_description":"[vc_row][vc_column][stm_spacing lg_spacing=&#8221;90&#8243; md_spacing=&#8221;80&#8243; sm_spacing=&#8221;70&#8243; xs_spacing=&#8221;60&#8243;][vc_column_text] Ochrana osobn\u00fdch \u00fadajov Sna\u017e\u00edme sa o ich maxim\u00e1lnu ochranu a zabezpe\u010denie, preto v\u0161etky osobn\u00e9 d\u00e1ta, ktor\u00e9 z\u00edskame po\u010das va\u0161ej n\u00e1v\u0161tevy webu www.benefituctovnictvo.sk spracov\u00e1vame v s\u00falade so Z\u00e1konom o ochrane osobn\u00fdch \u00fadajov \u010d. 122\/2013 Z.z. V r\u00e1mci na\u0161ej firmy maj\u00fa pr\u00edstup k Va\u0161im osobn\u00fdm \u00fadajom len tie osoby, ktor\u00e9 ich sprac\u00favaj\u00fa","og_url":"https:\/\/benefituctovnictvo.sk\/de\/zasady-ochrany-osobnych-udajov\/","og_site_name":"Inter Harmony","twitter_card":"summary_large_image","twitter_misc":{"Gesch\u00e4tzte Lesezeit":"4\u00a0Minuten"},"schema":{"@context":"https:\/\/schema.org","@graph":[{"@type":"WebPage","@id":"https:\/\/benefituctovnictvo.sk\/de\/zasady-ochrany-osobnych-udajov\/","url":"https:\/\/benefituctovnictvo.sk\/de\/zasady-ochrany-osobnych-udajov\/","name":"Z\u00e1sady ochrany osobn\u00fdch \u00fadajov - Inter Harmony","isPartOf":{"@id":"https:\/\/benefituctovnictvo.sk\/de\/#website"},"datePublished":"2022-06-14T08:46:08+00:00","dateModified":"2022-06-14T08:46:08+00:00","breadcrumb":{"@id":"https:\/\/benefituctovnictvo.sk\/de\/zasady-ochrany-osobnych-udajov\/#breadcrumb"},"inLanguage":"de","potentialAction":[{"@type":"ReadAction","target":["https:\/\/benefituctovnictvo.sk\/de\/zasady-ochrany-osobnych-udajov\/"]}]},{"@type":"BreadcrumbList","@id":"https:\/\/benefituctovnictvo.sk\/de\/zasady-ochrany-osobnych-udajov\/#breadcrumb","itemListElement":[{"@type":"ListItem","position":1,"name":"Domovsk\u00e1 str\u00e1nka","item":"https:\/\/benefituctovnictvo.sk\/de\/"},{"@type":"ListItem","position":2,"name":"Z\u00e1sady ochrany osobn\u00fdch \u00fadajov"}]},{"@type":"WebSite","@id":"https:\/\/benefituctovnictvo.sk\/de\/#website","url":"https:\/\/benefituctovnictvo.sk\/de\/","name":"Inter Harmony","description":"\u00da\u010dtovn\u00e1 kancel\u00e1ria a poradenstvo","publisher":{"@id":"https:\/\/benefituctovnictvo.sk\/de\/#organization"},"potentialAction":[{"@type":"SearchAction","target":{"@type":"EntryPoint","urlTemplate":"https:\/\/benefituctovnictvo.sk\/de\/?s={search_term_string}"},"query-input":{"@type":"PropertyValueSpecification","valueRequired":true,"valueName":"search_term_string"}}],"inLanguage":"de"},{"@type":"Organization","@id":"https:\/\/benefituctovnictvo.sk\/de\/#organization","name":"Inter Harmony, spol. s r.o.","url":"https:\/\/benefituctovnictvo.sk\/de\/","logo":{"@type":"ImageObject","inLanguage":"de","@id":"https:\/\/benefituctovnictvo.sk\/de\/#\/schema\/logo\/image\/","url":"https:\/\/benefituctovnictvo.sk\/wp-content\/uploads\/2022\/08\/logo.jpg","contentUrl":"https:\/\/benefituctovnictvo.sk\/wp-content\/uploads\/2022\/08\/logo.jpg","width":850,"height":850,"caption":"Inter Harmony, spol. s r.o."},"image":{"@id":"https:\/\/benefituctovnictvo.sk\/de\/#\/schema\/logo\/image\/"}}]}},"_links":{"self":[{"href":"https:\/\/benefituctovnictvo.sk\/de\/wp-json\/wp\/v2\/pages\/7381"}],"collection":[{"href":"https:\/\/benefituctovnictvo.sk\/de\/wp-json\/wp\/v2\/pages"}],"about":[{"href":"https:\/\/benefituctovnictvo.sk\/de\/wp-json\/wp\/v2\/types\/page"}],"author":[{"embeddable":true,"href":"https:\/\/benefituctovnictvo.sk\/de\/wp-json\/wp\/v2\/users\/1"}],"replies":[{"embeddable":true,"href":"https:\/\/benefituctovnictvo.sk\/de\/wp-json\/wp\/v2\/comments?post=7381"}],"version-history":[{"count":0,"href":"https:\/\/benefituctovnictvo.sk\/de\/wp-json\/wp\/v2\/pages\/7381\/revisions"}],"wp:attachment":[{"href":"https:\/\/benefituctovnictvo.sk\/de\/wp-json\/wp\/v2\/media?parent=7381"}],"curies":[{"name":"wp","href":"https:\/\/api.w.org\/{rel}","templated":true}]}}