{"id":7276,"date":"2022-06-23T12:58:39","date_gmt":"2022-06-23T12:58:39","guid":{"rendered":"https:\/\/benefituctovnictvo.sk\/virtualna-adresa\/"},"modified":"2024-10-31T12:37:00","modified_gmt":"2024-10-31T12:37:00","slug":"virtuelle-adresse","status":"publish","type":"page","link":"https:\/\/benefituctovnictvo.sk\/de\/virtuelle-adresse\/","title":{"rendered":"Virtuelle Adresse"},"content":{"rendered":"<p>[vc_row full_width=&#8221;stretch_row&#8221; equal_height=&#8221;yes&#8221; css=&#8221;.vc_custom_1656402112204{background-color: #f2f4fa !important;}&#8221;][vc_column][stm_spacing lg_spacing=&#8221;90&#8243; md_spacing=&#8221;80&#8243; sm_spacing=&#8221;70&#8243; xs_spacing=&#8221;60&#8243;][vc_row_inner equal_height=&#8221;yes&#8221; gap=&#8221;20&#8243;][vc_column_inner width=&#8221;1\/2&#8243;][stm_info_box style=&#8221;style_7&#8243; title=&#8221;Virtuelle Adresse&#8221;]Sparen Sie Kosten und richten Sie einen virtuellen Hauptsitz oder ein virtuelles B\u00fcro Ihres Unternehmens an unserer Adresse in Dunajsk\u00e1 Streda ein. Diese Art der Vermietung ist besonders vorteilhaft, wenn Sie keine hohen Ausgaben f\u00fcr gro\u00dfe B\u00fcrofl\u00e4chen haben m\u00f6chten, keine Mitarbeiter am gew\u00e4hlten Standort besch\u00e4ftigen, aber dennoch physische Korrespondenz empfangen m\u00fcssen und es notwendig ist, eine Filiale in der Stadt f\u00fcr Ihre Gesch\u00e4ftsaktivit\u00e4ten zu unterhalten.<\/p>\n<p>Die virtuelle Zentrale bietet zahlreiche Vorteile \u2013 von Kosteneinsparungen \u00fcber den Empfang und die Erfassung von Postsendungen und Paketen bis hin zu einer besseren \u00dcbersicht und dem elektronischen Versand von Briefen. Zudem dient sie als offizielle physische Adresse im Handelsregister oder in anderen Registern, was f\u00fcr die korrekte und ordnungsgem\u00e4\u00dfe Registrierung des eingetragenen Sitzes Ihres Unternehmens erforderlich ist.[\/stm_info_box][\/vc_column_inner][vc_column_inner width=&#8221;1\/2&#8243; css=&#8221;.vc_custom_1656414385324{background-image: url(https:\/\/benefituctovnictvo.sk\/wp-content\/uploads\/2022\/06\/virtualna-adresa.jpg?id=6971) !important;background-position: center !important;background-repeat: no-repeat !important;background-size: cover !important;}&#8221;][\/vc_column_inner][\/vc_row_inner][stm_spacing lg_spacing=&#8221;90&#8243; md_spacing=&#8221;80&#8243; sm_spacing=&#8221;70&#8243; xs_spacing=&#8221;60&#8243;][\/vc_column][\/vc_row][vc_row][vc_column][stm_spacing lg_spacing=&#8221;100&#8243; md_spacing=&#8221;80&#8243; sm_spacing=&#8221;70&#8243; xs_spacing=&#8221;60&#8243;][vc_custom_heading text=&#8221;V r\u00e1mci slu\u017eby virtu\u00e1lneho s\u00eddla poskytujeme&#8221; font_container=&#8221;tag:h2|font_size:20px|text_align:center&#8221; use_theme_fonts=&#8221;yes&#8221;][stm_spacing lg_spacing=&#8221;20&#8243; md_spacing=&#8221;15&#8243; sm_spacing=&#8221;10&#8243; xs_spacing=&#8221;10&#8243;][vc_row_inner][vc_column_inner width=&#8221;1\/3&#8243;][vc_column_text]<\/p>\n<ul>\n<li style=\"text-align: left;\">pren\u00e1jom virtu\u00e1lneho s\u00eddla firmy<\/li>\n<\/ul>\n<p>[\/vc_column_text][\/vc_column_inner][vc_column_inner width=&#8221;1\/3&#8243;][vc_column_text]<\/p>\n<ul>\n<li>vedenie po\u0161tovej knihy v\u00a0elektronickej forme s\u00a0online pr\u00edstupom<\/li>\n<\/ul>\n<p>[\/vc_column_text][\/vc_column_inner][vc_column_inner width=&#8221;1\/3&#8243;][vc_column_text]<\/p>\n<ul>\n<li>skenovanie prijatej po\u0161ty<\/li>\n<\/ul>\n<p>[\/vc_column_text][\/vc_column_inner][\/vc_row_inner][stm_spacing lg_spacing=&#8221;100&#8243; md_spacing=&#8221;80&#8243; sm_spacing=&#8221;70&#8243; xs_spacing=&#8221;60&#8243;][\/vc_column][\/vc_row][vc_row full_width=&#8221;stretch_row&#8221; css=&#8221;.vc_custom_1656412615486{margin-bottom: -60px !important;background-image: url(https:\/\/benefituctovnictvo.sk\/wp-content\/uploads\/2022\/06\/cta.jpg?id=7004) !important;background-position: center !important;background-repeat: no-repeat !important;background-size: cover !important;}&#8221;][vc_column][stm_spacing lg_spacing=&#8221;100&#8243; md_spacing=&#8221;80&#8243; sm_spacing=&#8221;70&#8243; xs_spacing=&#8221;60&#8243;][vc_custom_heading stripe_pos=&#8221;hide&#8221; text=&#8221;Potrebujem virtu\u00e1lnu adresu&#8221; font_container=&#8221;tag:h2|text_align:center|color:%23ffffff&#8221; use_theme_fonts=&#8221;yes&#8221; el_class=&#8221;hide_indents&#8221; link=&#8221;url:https%3A%2F%2Fbenefituctovnictvo.sk%2Findex.php%2Fcontact-two%2F|title:Kontakt&#8221;][stm_spacing lg_spacing=&#8221;50&#8243; md_spacing=&#8221;40&#8243; sm_spacing=&#8221;30&#8243; xs_spacing=&#8221;30&#8243;][vc_btn title=&#8221;Kontaktujte n\u00e1s&#8221; style=&#8221;flat&#8221; color=&#8221;theme_style_3&#8243; align=&#8221;center&#8221; link=&#8221;url:https%3A%2F%2Fbenefituctovnictvo.sk%2Fkontakt%2F|title:Kontaktujte%20n%C3%A1s&#8221;][stm_spacing lg_spacing=&#8221;100&#8243; md_spacing=&#8221;80&#8243; sm_spacing=&#8221;70&#8243; xs_spacing=&#8221;60&#8243;][\/vc_column][\/vc_row]<\/p>\n","protected":false},"excerpt":{"rendered":"<p>[vc_row full_width=&#8221;stretch_row&#8221; equal_height=&#8221;yes&#8221; css=&#8221;.vc_custom_1656402112204{background-color: #f2f4fa !important;}&#8221;][vc_column][stm_spacing lg_spacing=&#8221;90&#8243; md_spacing=&#8221;80&#8243; sm_spacing=&#8221;70&#8243; xs_spacing=&#8221;60&#8243;][vc_row_inner equal_height=&#8221;yes&#8221; gap=&#8221;20&#8243;][vc_column_inner width=&#8221;1\/2&#8243;][stm_info_box style=&#8221;style_7&#8243; title=&#8221;Virtuelle Adresse&#8221;]Sparen Sie Kosten und richten Sie einen virtuellen Hauptsitz oder ein virtuelles B\u00fcro Ihres Unternehmens an unserer Adresse in Dunajsk\u00e1 Streda ein. Diese Art der Vermietung ist besonders vorteilhaft, wenn Sie keine hohen Ausgaben f\u00fcr gro\u00dfe B\u00fcrofl\u00e4chen haben m\u00f6chten, keine<\/p>\n","protected":false},"author":1,"featured_media":0,"parent":0,"menu_order":0,"comment_status":"closed","ping_status":"closed","template":"","meta":{"footnotes":""},"class_list":["post-7276","page","type-page","status-publish","hentry"],"yoast_head":"<!-- This site is optimized with the Yoast SEO plugin v23.7 - https:\/\/yoast.com\/wordpress\/plugins\/seo\/ -->\r\n<title>Virtuelle Adresse - Inter Harmony<\/title>\r\n<meta name=\"description\" content=\"U\u0161etrite na n\u00e1kladoch a zalo\u017ete si virtu\u00e1lne s\u00eddlo \u010di virtu\u00e1lny office va\u0161ej spolo\u010dnosti na jednej z na\u0161ich lukrat\u00edvnych adries v Bratislave.\" \/>\r\n<meta name=\"robots\" content=\"index, follow, max-snippet:-1, max-image-preview:large, max-video-preview:-1\" \/>\r\n<link rel=\"canonical\" href=\"https:\/\/benefituctovnictvo.sk\/de\/virtuelle-adresse\/\" \/>\r\n<meta property=\"og:locale\" content=\"de_DE\" \/>\r\n<meta property=\"og:type\" content=\"article\" \/>\r\n<meta property=\"og:title\" content=\"Virtuelle Adresse - Inter Harmony\" \/>\r\n<meta property=\"og:description\" content=\"U\u0161etrite na n\u00e1kladoch a zalo\u017ete si virtu\u00e1lne s\u00eddlo \u010di virtu\u00e1lny office va\u0161ej spolo\u010dnosti na jednej z na\u0161ich lukrat\u00edvnych adries v Bratislave.\" \/>\r\n<meta property=\"og:url\" content=\"https:\/\/benefituctovnictvo.sk\/de\/virtuelle-adresse\/\" \/>\r\n<meta property=\"og:site_name\" content=\"Inter Harmony\" \/>\r\n<meta property=\"article:modified_time\" content=\"2024-10-31T12:37:00+00:00\" \/>\r\n<meta name=\"twitter:card\" content=\"summary_large_image\" \/>\r\n<meta name=\"twitter:label1\" content=\"Gesch\u00e4tzte Lesezeit\" \/>\n\t<meta name=\"twitter:data1\" content=\"2\u00a0Minuten\" \/>\r\n<script type=\"application\/ld+json\" class=\"yoast-schema-graph\">{\"@context\":\"https:\/\/schema.org\",\"@graph\":[{\"@type\":\"WebPage\",\"@id\":\"https:\/\/benefituctovnictvo.sk\/de\/virtuelle-adresse\/\",\"url\":\"https:\/\/benefituctovnictvo.sk\/de\/virtuelle-adresse\/\",\"name\":\"Virtuelle Adresse - Inter Harmony\",\"isPartOf\":{\"@id\":\"https:\/\/benefituctovnictvo.sk\/de\/#website\"},\"datePublished\":\"2022-06-23T12:58:39+00:00\",\"dateModified\":\"2024-10-31T12:37:00+00:00\",\"description\":\"U\u0161etrite na n\u00e1kladoch a zalo\u017ete si virtu\u00e1lne s\u00eddlo \u010di virtu\u00e1lny office va\u0161ej spolo\u010dnosti na jednej z na\u0161ich lukrat\u00edvnych adries v Bratislave.\",\"breadcrumb\":{\"@id\":\"https:\/\/benefituctovnictvo.sk\/de\/virtuelle-adresse\/#breadcrumb\"},\"inLanguage\":\"de\",\"potentialAction\":[{\"@type\":\"ReadAction\",\"target\":[\"https:\/\/benefituctovnictvo.sk\/de\/virtuelle-adresse\/\"]}]},{\"@type\":\"BreadcrumbList\",\"@id\":\"https:\/\/benefituctovnictvo.sk\/de\/virtuelle-adresse\/#breadcrumb\",\"itemListElement\":[{\"@type\":\"ListItem\",\"position\":1,\"name\":\"Domovsk\u00e1 str\u00e1nka\",\"item\":\"https:\/\/benefituctovnictvo.sk\/de\/\"},{\"@type\":\"ListItem\",\"position\":2,\"name\":\"Virtuelle Adresse\"}]},{\"@type\":\"WebSite\",\"@id\":\"https:\/\/benefituctovnictvo.sk\/de\/#website\",\"url\":\"https:\/\/benefituctovnictvo.sk\/de\/\",\"name\":\"Inter Harmony\",\"description\":\"\u00da\u010dtovn\u00e1 kancel\u00e1ria a poradenstvo\",\"publisher\":{\"@id\":\"https:\/\/benefituctovnictvo.sk\/de\/#organization\"},\"potentialAction\":[{\"@type\":\"SearchAction\",\"target\":{\"@type\":\"EntryPoint\",\"urlTemplate\":\"https:\/\/benefituctovnictvo.sk\/de\/?s={search_term_string}\"},\"query-input\":{\"@type\":\"PropertyValueSpecification\",\"valueRequired\":true,\"valueName\":\"search_term_string\"}}],\"inLanguage\":\"de\"},{\"@type\":\"Organization\",\"@id\":\"https:\/\/benefituctovnictvo.sk\/de\/#organization\",\"name\":\"Inter Harmony, spol. s r.o.\",\"url\":\"https:\/\/benefituctovnictvo.sk\/de\/\",\"logo\":{\"@type\":\"ImageObject\",\"inLanguage\":\"de\",\"@id\":\"https:\/\/benefituctovnictvo.sk\/de\/#\/schema\/logo\/image\/\",\"url\":\"https:\/\/benefituctovnictvo.sk\/wp-content\/uploads\/2022\/08\/logo.jpg\",\"contentUrl\":\"https:\/\/benefituctovnictvo.sk\/wp-content\/uploads\/2022\/08\/logo.jpg\",\"width\":850,\"height\":850,\"caption\":\"Inter Harmony, spol. s r.o.\"},\"image\":{\"@id\":\"https:\/\/benefituctovnictvo.sk\/de\/#\/schema\/logo\/image\/\"}}]}<\/script>\r\n<!-- \/ Yoast SEO plugin. -->","yoast_head_json":{"title":"Virtuelle Adresse - Inter Harmony","description":"U\u0161etrite na n\u00e1kladoch a zalo\u017ete si virtu\u00e1lne s\u00eddlo \u010di virtu\u00e1lny office va\u0161ej spolo\u010dnosti na jednej z na\u0161ich lukrat\u00edvnych adries v Bratislave.","robots":{"index":"index","follow":"follow","max-snippet":"max-snippet:-1","max-image-preview":"max-image-preview:large","max-video-preview":"max-video-preview:-1"},"canonical":"https:\/\/benefituctovnictvo.sk\/de\/virtuelle-adresse\/","og_locale":"de_DE","og_type":"article","og_title":"Virtuelle Adresse - Inter Harmony","og_description":"U\u0161etrite na n\u00e1kladoch a zalo\u017ete si virtu\u00e1lne s\u00eddlo \u010di virtu\u00e1lny office va\u0161ej spolo\u010dnosti na jednej z na\u0161ich lukrat\u00edvnych adries v Bratislave.","og_url":"https:\/\/benefituctovnictvo.sk\/de\/virtuelle-adresse\/","og_site_name":"Inter Harmony","article_modified_time":"2024-10-31T12:37:00+00:00","twitter_card":"summary_large_image","twitter_misc":{"Gesch\u00e4tzte Lesezeit":"2\u00a0Minuten"},"schema":{"@context":"https:\/\/schema.org","@graph":[{"@type":"WebPage","@id":"https:\/\/benefituctovnictvo.sk\/de\/virtuelle-adresse\/","url":"https:\/\/benefituctovnictvo.sk\/de\/virtuelle-adresse\/","name":"Virtuelle Adresse - Inter Harmony","isPartOf":{"@id":"https:\/\/benefituctovnictvo.sk\/de\/#website"},"datePublished":"2022-06-23T12:58:39+00:00","dateModified":"2024-10-31T12:37:00+00:00","description":"U\u0161etrite na n\u00e1kladoch a zalo\u017ete si virtu\u00e1lne s\u00eddlo \u010di virtu\u00e1lny office va\u0161ej spolo\u010dnosti na jednej z na\u0161ich lukrat\u00edvnych adries v Bratislave.","breadcrumb":{"@id":"https:\/\/benefituctovnictvo.sk\/de\/virtuelle-adresse\/#breadcrumb"},"inLanguage":"de","potentialAction":[{"@type":"ReadAction","target":["https:\/\/benefituctovnictvo.sk\/de\/virtuelle-adresse\/"]}]},{"@type":"BreadcrumbList","@id":"https:\/\/benefituctovnictvo.sk\/de\/virtuelle-adresse\/#breadcrumb","itemListElement":[{"@type":"ListItem","position":1,"name":"Domovsk\u00e1 str\u00e1nka","item":"https:\/\/benefituctovnictvo.sk\/de\/"},{"@type":"ListItem","position":2,"name":"Virtuelle Adresse"}]},{"@type":"WebSite","@id":"https:\/\/benefituctovnictvo.sk\/de\/#website","url":"https:\/\/benefituctovnictvo.sk\/de\/","name":"Inter Harmony","description":"\u00da\u010dtovn\u00e1 kancel\u00e1ria a poradenstvo","publisher":{"@id":"https:\/\/benefituctovnictvo.sk\/de\/#organization"},"potentialAction":[{"@type":"SearchAction","target":{"@type":"EntryPoint","urlTemplate":"https:\/\/benefituctovnictvo.sk\/de\/?s={search_term_string}"},"query-input":{"@type":"PropertyValueSpecification","valueRequired":true,"valueName":"search_term_string"}}],"inLanguage":"de"},{"@type":"Organization","@id":"https:\/\/benefituctovnictvo.sk\/de\/#organization","name":"Inter Harmony, spol. s r.o.","url":"https:\/\/benefituctovnictvo.sk\/de\/","logo":{"@type":"ImageObject","inLanguage":"de","@id":"https:\/\/benefituctovnictvo.sk\/de\/#\/schema\/logo\/image\/","url":"https:\/\/benefituctovnictvo.sk\/wp-content\/uploads\/2022\/08\/logo.jpg","contentUrl":"https:\/\/benefituctovnictvo.sk\/wp-content\/uploads\/2022\/08\/logo.jpg","width":850,"height":850,"caption":"Inter Harmony, spol. s r.o."},"image":{"@id":"https:\/\/benefituctovnictvo.sk\/de\/#\/schema\/logo\/image\/"}}]}},"_links":{"self":[{"href":"https:\/\/benefituctovnictvo.sk\/de\/wp-json\/wp\/v2\/pages\/7276"}],"collection":[{"href":"https:\/\/benefituctovnictvo.sk\/de\/wp-json\/wp\/v2\/pages"}],"about":[{"href":"https:\/\/benefituctovnictvo.sk\/de\/wp-json\/wp\/v2\/types\/page"}],"author":[{"embeddable":true,"href":"https:\/\/benefituctovnictvo.sk\/de\/wp-json\/wp\/v2\/users\/1"}],"replies":[{"embeddable":true,"href":"https:\/\/benefituctovnictvo.sk\/de\/wp-json\/wp\/v2\/comments?post=7276"}],"version-history":[{"count":1,"href":"https:\/\/benefituctovnictvo.sk\/de\/wp-json\/wp\/v2\/pages\/7276\/revisions"}],"predecessor-version":[{"id":7428,"href":"https:\/\/benefituctovnictvo.sk\/de\/wp-json\/wp\/v2\/pages\/7276\/revisions\/7428"}],"wp:attachment":[{"href":"https:\/\/benefituctovnictvo.sk\/de\/wp-json\/wp\/v2\/media?parent=7276"}],"curies":[{"name":"wp","href":"https:\/\/api.w.org\/{rel}","templated":true}]}}