{"id":7265,"date":"2022-06-27T10:58:12","date_gmt":"2022-06-27T10:58:12","guid":{"rendered":"https:\/\/benefituctovnictvo.sk\/pravne-sluzby\/"},"modified":"2024-10-31T12:40:23","modified_gmt":"2024-10-31T12:40:23","slug":"juristische-dienstleistungen","status":"publish","type":"page","link":"https:\/\/benefituctovnictvo.sk\/de\/juristische-dienstleistungen\/","title":{"rendered":"Juristische Dienstleistungen"},"content":{"rendered":"<p>[vc_row full_width=&#8221;stretch_row&#8221; equal_height=&#8221;yes&#8221; css=&#8221;.vc_custom_1656402112204{background-color: #f2f4fa !important;}&#8221;][vc_column][stm_spacing lg_spacing=&#8221;90&#8243; md_spacing=&#8221;80&#8243; sm_spacing=&#8221;70&#8243; xs_spacing=&#8221;60&#8243;][vc_row_inner equal_height=&#8221;yes&#8221; gap=&#8221;20&#8243;][vc_column_inner width=&#8221;1\/2&#8243;][stm_info_box style=&#8221;style_7&#8243; title=&#8221;Juristische Dienstleistungen &#8220;]Ein guter Anwalt ist im wahrsten Sinne des Wortes unbezahlbar, denn man wei\u00df nie, wann man seine Unterst\u00fctzung ben\u00f6tigt. Unser Unternehmen bietet eine umfangreiche Palette von Rechtsdienstleistungen an, die sowohl von Unternehmern als auch von Privatpersonen in verschiedenen Lebenssituationen, wie Scheidungs- oder Erbschaftsverfahren, Zivilstreitigkeiten oder Gerichtsverhandlungen, in Anspruch genommen werden k\u00f6nnen. Sie k\u00f6nnen sich darauf verlassen, dass unsere Rechtsanw\u00e4lte alles in ihrer Macht Stehende tun werden, um Sie zu unterst\u00fctzen und f\u00fcr Ihre Rechte zu k\u00e4mpfen.[\/stm_info_box][\/vc_column_inner][vc_column_inner width=&#8221;1\/2&#8243; css=&#8221;.vc_custom_1656416449426{background-image: url(https:\/\/benefituctovnictvo.sk\/wp-content\/uploads\/2022\/06\/pravne-sluzby.jpg?id=6970) !important;background-position: center !important;background-repeat: no-repeat !important;background-size: cover !important;}&#8221;][\/vc_column_inner][\/vc_row_inner][stm_spacing lg_spacing=&#8221;90&#8243; md_spacing=&#8221;80&#8243; sm_spacing=&#8221;70&#8243; xs_spacing=&#8221;60&#8243;][\/vc_column][\/vc_row][vc_row][vc_column][stm_spacing lg_spacing=&#8221;100&#8243; md_spacing=&#8221;80&#8243; sm_spacing=&#8221;70&#8243; xs_spacing=&#8221;60&#8243;][vc_custom_heading text=&#8221;Poskytujeme nasledovn\u00e9 pr\u00e1vne slu\u017eby&#8221; font_container=&#8221;tag:h2|font_size:20px|text_align:center&#8221; use_theme_fonts=&#8221;yes&#8221;][stm_spacing lg_spacing=&#8221;20&#8243; md_spacing=&#8221;15&#8243; sm_spacing=&#8221;10&#8243; xs_spacing=&#8221;10&#8243;][vc_row_inner el_class=&#8221;twocolumn&#8221;][vc_column_inner][vc_column_text]<\/p>\n<ul>\n<li class=\"black\"><span lang=\"SK\" style=\"color: #333333;\">pr\u00e1vne slu\u017eby v oblasti obchodn\u00e9ho, ob\u010dianskeho, spr\u00e1vneho a pracovn\u00e9ho pr\u00e1va<\/span><\/li>\n<li class=\"black\"><span lang=\"SK\" style=\"color: #333333;\">zalo\u017eenie spolo\u010dnosti<br \/>\n<\/span><\/li>\n<li class=\"black\"><span lang=\"SK\" style=\"color: #333333;\">zakladenie dc\u00e9rskych spolo\u010dnost\u00ed<br \/>\n<\/span><\/li>\n<li class=\"black\"><span lang=\"SK\" style=\"color: #333333;\">virtu\u00e1lne adresy pre spolo\u010dnosti<br \/>\n<\/span><\/li>\n<li class=\"black\"><span lang=\"SK\" style=\"color: #333333;\">pr\u00e1vne poradenstvo pri zalo\u017een\u00ed, zmen\u00e1ch a z\u00e1niku obchodn\u00fdch spolo\u010dnost\u00ed<br \/>\n<\/span><\/li>\n<li class=\"black\"><span lang=\"SK\" style=\"color: #333333;\">komplexn\u00e9 pr\u00e1vne poradenstvo pri dispoz\u00edcii so v\u0161etk\u00fdmi druhmi nehnute\u013enost\u00ed<br \/>\n<\/span><\/li>\n<li class=\"black\"><span lang=\"SK\" style=\"color: #333333;\">investi\u010dn\u00e9 zastupovanie<\/span><\/li>\n<li class=\"black\"><span lang=\"SK\" style=\"color: #333333;\">zastupovanie klientov v spr\u00e1vnych konaniach v\u0161etk\u00fdch stup\u0148ov<\/span><\/li>\n<li class=\"black\"><span lang=\"SK\" style=\"color: #333333;\">pr\u00e1vne poradenstvo pri \u00faprave nehnute\u013enost\u00ed<br \/>\n<\/span><\/li>\n<li class=\"black\"><span lang=\"SK\" style=\"color: #333333;\">f\u00fazie a akviz\u00edcie<\/span><\/li>\n<li class=\"black\"><span lang=\"SK\" style=\"color: #333333;\">vym\u00e1hanie poh\u013ead\u00e1vok<\/span><\/li>\n<li class=\"black\"><span lang=\"SK\" style=\"color: #333333;\">konkurzn\u00e9 pr\u00e1vo<\/span><\/li>\n<li class=\"black\"><span lang=\"SK\" style=\"color: #333333;\">telekomunik\u00e1cie, internet, m\u00e9di\u00e1 a du\u0161evn\u00e9 vlastn\u00edctvo<\/span><\/li>\n<li class=\"black\"><span lang=\"SK\" style=\"color: #333333;\">vym\u00e1hanie n\u00e1hrad \u0161k\u00f4d<\/span><\/li>\n<li class=\"black\"><span lang=\"SK\" style=\"color: #333333;\">mimos\u00fadne dohody<\/span><\/li>\n<li class=\"black\"><span lang=\"SK\" style=\"color: #333333;\">s\u00fadne spory, rozhodcovsk\u00e9 a in\u00e9 konania<\/span><\/li>\n<\/ul>\n<p>[\/vc_column_text][\/vc_column_inner][\/vc_row_inner][stm_spacing lg_spacing=&#8221;100&#8243; md_spacing=&#8221;80&#8243; sm_spacing=&#8221;70&#8243; xs_spacing=&#8221;60&#8243;][\/vc_column][\/vc_row][vc_row full_width=&#8221;stretch_row&#8221; equal_height=&#8221;yes&#8221; css=&#8221;.vc_custom_1656402112204{background-color: #f2f4fa !important;}&#8221;][vc_column][stm_spacing lg_spacing=&#8221;90&#8243; md_spacing=&#8221;80&#8243; sm_spacing=&#8221;70&#8243; xs_spacing=&#8221;60&#8243;][vc_row_inner equal_height=&#8221;yes&#8221; gap=&#8221;20&#8243;][vc_column_inner width=&#8221;1\/2&#8243;][stm_info_box style=&#8221;style_7&#8243; title=&#8221;Ob\u010dianske pr\u00e1vo&#8221;]N\u00e1\u0161 najzn\u00e1mej\u0161\u00ed k\u00f3dex ohrani\u010d\u00ed\u00a0\u00fastavou a eur\u00f3pskymi\u00a0listinami garantovan\u00e9 pr\u00e1va a slobody, cez in\u0161tit\u00faty na ochranu s\u00fakromno-pr\u00e1vnych z\u00e1ujmov ob\u010danov aj spotrebite\u013eov. Hmotnopr\u00e1vne aspekty ob\u010dianskeho pr\u00e1va poskytuj\u00fa dostato\u010dn\u00fa ochranu v rie\u0161en\u00ed vecno-pr\u00e1vnych aj z\u00e1v\u00e4zkovo-pr\u00e1vnych z\u00e1ujmov na\u0161ich klientov, pri ktor\u00fdch cie\u013eoch advok\u00e1t, ktor\u00fd sa vyzn\u00e1 v ustanoveniach Ob\u010dianskeho z\u00e1konn\u00edka, v\u00e1m poskytne poradenstvo prostredn\u00edctvom kvalitn\u00e9ho zastupovania.[\/stm_info_box][\/vc_column_inner][vc_column_inner width=&#8221;1\/2&#8243;][stm_info_box style=&#8221;style_7&#8243; title=&#8221;Rodinn\u00e9 pr\u00e1vo&#8221;]\u0160pecifick\u00fd Z\u00e1kon o rodine ur\u010duje pravidl\u00e1 spolu\u017eitia man\u017eelov, ale aj jednotliv\u00fdch dom\u00e1cnost\u00ed, pri\u010dom v\u017edy sleduje z\u00e1ujem malolet\u00fdch det\u00ed. V tejto oblasti ob\u010dianskeho pr\u00e1va pri paragrafoch zohr\u00e1va v\u00fdznamn\u00fa \u00falohu medzi\u013eudsk\u00fd faktor v r\u00e1mci rodiny, ke\u010f pomocou advok\u00e1ta m\u00f4\u017eete z\u00edska\u0165 kvalitn\u00fa ochranu va\u0161ich rodi\u010dovsk\u00fdch pr\u00e1v, \u010di u\u017e v rozvodovom konan\u00ed, \u00fapravy pr\u00e1v a povinnost\u00ed k malolet\u00fdm, ur\u010denia otcovstva aj osvojenia.[\/stm_info_box][\/vc_column_inner][\/vc_row_inner][vc_row_inner equal_height=&#8221;yes&#8221; gap=&#8221;20&#8243;][vc_column_inner width=&#8221;1\/2&#8243;][stm_info_box style=&#8221;style_7&#8243; title=&#8221;Spr\u00e1vne pr\u00e1vo&#8221;]Nechajte si poradi\u0165 advok\u00e1tom v tejto najdynamickej\u0161ie rozv\u00edjaj\u00facej sa oblasti administrat\u00edvnych konan\u00ed, ktor\u00e1 ovplyv\u0148uje v\u00e1\u0161 ka\u017edodenn\u00fd \u017eivot mnoh\u00fdmi procesn\u00fdmi postupmi cez obrovsk\u00e9 mno\u017estvo pr\u00e1vnych predpisov, kde v\u00e1m advok\u00e1t privedie sledovan\u00fd v\u00fdsledok e\u0161te predt\u00fdm, ako sa dostav\u00edte pred spr\u00e1vny s\u00fad.[\/stm_info_box][\/vc_column_inner][vc_column_inner width=&#8221;1\/2&#8243; css=&#8221;.vc_custom_1656416028718{background-position: center !important;background-repeat: no-repeat !important;background-size: cover !important;}&#8221;][stm_info_box style=&#8221;style_7&#8243; title=&#8221;Obchodn\u00e9 pr\u00e1vo&#8221;]N\u00e1\u0161 obchodn\u00fd k\u00f3dex ur\u010duje korpor\u00e1tne pravidl\u00e1 jednotliv\u00fdch obchodn\u00fdch spolo\u010dnost\u00ed aj dru\u017estiev, d\u00e1va pr\u00e1vny r\u00e1mec pri vzniku, ka\u017edodennom fungovan\u00ed, aj v leg\u00e1lnom z\u00e1niku podnikate\u013esk\u00fdch subjektov, pri ktor\u00fdch \u00fakonoch je d\u00f4le\u017eit\u00e9 ma\u0165 kvalitn\u00e9 poradenstvo a zastupovanie pred obchodn\u00fdmi s\u00fadmi advok\u00e1tom. V\u00fdznamn\u00e1 \u010das\u0165 Obchodn\u00e9ho z\u00e1konn\u00edka sa venuje jednotliv\u00fdm z\u00e1v\u00e4zkovo-pr\u00e1vnym\u00a0vz\u0165ahom, kde jednotliv\u00fdm stran\u00e1m advok\u00e1t zabezpe\u010d\u00ed prijate\u013en\u00e9 z\u00e1ruky premietnut\u00e9 do zml\u00fav.<\/p>\n<p>[\/stm_info_box][\/vc_column_inner][\/vc_row_inner][vc_row_inner equal_height=&#8221;yes&#8221; gap=&#8221;20&#8243;][vc_column_inner width=&#8221;1\/2&#8243;][stm_info_box style=&#8221;style_7&#8243; title=&#8221;Dane&#8221;]Vyznajte sa v da\u0148ovom poriadku pomocou advok\u00e1ta, ktor\u00fd v\u00e1s m\u00f4\u017ee zastupova\u0165 u\u017e po\u010das da\u0148ovej kontroly, kde predklad\u00e1te rozhoduj\u00face skuto\u010dnosti maj\u00face vplyv na pr\u00edpadn\u00e9 vyrubovacie konanie uskuto\u010dnen\u00e9 spr\u00e1vcom dane. Rozhodnutie spr\u00e1vcu dane nemus\u00ed by\u0165 z\u00e1vere\u010dn\u00fdm \u00fakonom \u0161t\u00e1tu, pri zv\u00e1\u017een\u00ed d\u00f4kaznej situ\u00e1cie ste opr\u00e1vnen\u00fd obr\u00e1ti\u0165 sa riadnym opravn\u00fdm prostriedkom na Finan\u010dn\u00e9 riadite\u013estvo SR a da\u0148ov\u00fa vec dotiahnu\u0165 a\u017e pred sen\u00e1t spr\u00e1vneho s\u00fadu, kde v tejto \u0161pecifickej oblasti pr\u00e1va ur\u010dite potrebujete kvalifikovan\u00e9 zast\u00fapenie advok\u00e1tom.[\/stm_info_box][\/vc_column_inner][vc_column_inner width=&#8221;1\/2&#8243; css=&#8221;.vc_custom_1656416028718{background-position: center !important;background-repeat: no-repeat !important;background-size: cover !important;}&#8221;][vc_single_image image=&#8221;7084&#8243; img_size=&#8221;full&#8221; alignment=&#8221;center&#8221;][\/vc_column_inner][\/vc_row_inner][stm_spacing lg_spacing=&#8221;90&#8243; md_spacing=&#8221;80&#8243; sm_spacing=&#8221;70&#8243; xs_spacing=&#8221;60&#8243;][\/vc_column][\/vc_row][vc_row full_width=&#8221;stretch_row&#8221; css=&#8221;.vc_custom_1656412615486{margin-bottom: -60px !important;background-image: url(https:\/\/benefituctovnictvo.sk\/wp-content\/uploads\/2022\/06\/cta.jpg?id=7004) !important;background-position: center !important;background-repeat: no-repeat !important;background-size: cover !important;}&#8221;][vc_column][stm_spacing lg_spacing=&#8221;100&#8243; md_spacing=&#8221;80&#8243; sm_spacing=&#8221;70&#8243; xs_spacing=&#8221;60&#8243;][vc_custom_heading stripe_pos=&#8221;hide&#8221; text=&#8221;Z\u00edskajte pr\u00e1vne poradenstvo&#8221; font_container=&#8221;tag:h2|text_align:center|color:%23ffffff&#8221; use_theme_fonts=&#8221;yes&#8221; el_class=&#8221;hide_indents&#8221; link=&#8221;url:https%3A%2F%2Fbenefituctovnictvo.sk%2Findex.php%2Fcontact-two%2F|title:Kontakt&#8221;][stm_spacing lg_spacing=&#8221;50&#8243; md_spacing=&#8221;40&#8243; sm_spacing=&#8221;30&#8243; xs_spacing=&#8221;30&#8243;][vc_btn title=&#8221;Kontaktujte n\u00e1s&#8221; style=&#8221;flat&#8221; color=&#8221;theme_style_3&#8243; align=&#8221;center&#8221; link=&#8221;url:https%3A%2F%2Fbenefituctovnictvo.sk%2Findex.php%2Fcontact-two%2F|title:Apply%20for%20Services&#8221;][stm_spacing lg_spacing=&#8221;100&#8243; md_spacing=&#8221;80&#8243; sm_spacing=&#8221;70&#8243; xs_spacing=&#8221;60&#8243;][\/vc_column][\/vc_row]<\/p>\n","protected":false},"excerpt":{"rendered":"<p>[vc_row full_width=&#8221;stretch_row&#8221; equal_height=&#8221;yes&#8221; css=&#8221;.vc_custom_1656402112204{background-color: #f2f4fa !important;}&#8221;][vc_column][stm_spacing lg_spacing=&#8221;90&#8243; md_spacing=&#8221;80&#8243; sm_spacing=&#8221;70&#8243; xs_spacing=&#8221;60&#8243;][vc_row_inner equal_height=&#8221;yes&#8221; gap=&#8221;20&#8243;][vc_column_inner width=&#8221;1\/2&#8243;][stm_info_box style=&#8221;style_7&#8243; title=&#8221;Juristische Dienstleistungen &#8220;]Ein guter Anwalt ist im wahrsten Sinne des Wortes unbezahlbar, denn man wei\u00df nie, wann man seine Unterst\u00fctzung ben\u00f6tigt. Unser Unternehmen bietet eine umfangreiche Palette von Rechtsdienstleistungen an, die sowohl von Unternehmern als auch von Privatpersonen in verschiedenen Lebenssituationen,<\/p>\n","protected":false},"author":1,"featured_media":0,"parent":0,"menu_order":0,"comment_status":"closed","ping_status":"closed","template":"","meta":{"footnotes":""},"class_list":["post-7265","page","type-page","status-publish","hentry"],"yoast_head":"<!-- This site is optimized with the Yoast SEO plugin v23.7 - https:\/\/yoast.com\/wordpress\/plugins\/seo\/ -->\r\n<title>Juristische Dienstleistungen - Inter Harmony<\/title>\r\n<meta name=\"description\" content=\"Na\u0161a spolo\u010dnos\u0165 sa zameriava na \u0161irok\u00e9 spektrum pr\u00e1vnych slu\u017eieb, ktor\u00e9 m\u00f4\u017eu vyu\u017ei\u0165 nielen podnikatelia, ale aj fyzick\u00e9 osoby.\" \/>\r\n<meta name=\"robots\" content=\"index, follow, max-snippet:-1, max-image-preview:large, max-video-preview:-1\" \/>\r\n<link rel=\"canonical\" href=\"https:\/\/benefituctovnictvo.sk\/de\/juristische-dienstleistungen\/\" \/>\r\n<meta property=\"og:locale\" content=\"de_DE\" \/>\r\n<meta property=\"og:type\" content=\"article\" \/>\r\n<meta property=\"og:title\" content=\"Juristische Dienstleistungen - Inter Harmony\" \/>\r\n<meta property=\"og:description\" content=\"Na\u0161a spolo\u010dnos\u0165 sa zameriava na \u0161irok\u00e9 spektrum pr\u00e1vnych slu\u017eieb, ktor\u00e9 m\u00f4\u017eu vyu\u017ei\u0165 nielen podnikatelia, ale aj fyzick\u00e9 osoby.\" \/>\r\n<meta property=\"og:url\" content=\"https:\/\/benefituctovnictvo.sk\/de\/juristische-dienstleistungen\/\" \/>\r\n<meta property=\"og:site_name\" content=\"Inter Harmony\" \/>\r\n<meta property=\"article:modified_time\" content=\"2024-10-31T12:40:23+00:00\" \/>\r\n<meta name=\"twitter:card\" content=\"summary_large_image\" \/>\r\n<meta name=\"twitter:label1\" content=\"Gesch\u00e4tzte Lesezeit\" \/>\n\t<meta name=\"twitter:data1\" content=\"4\u00a0Minuten\" \/>\r\n<script type=\"application\/ld+json\" class=\"yoast-schema-graph\">{\"@context\":\"https:\/\/schema.org\",\"@graph\":[{\"@type\":\"WebPage\",\"@id\":\"https:\/\/benefituctovnictvo.sk\/de\/juristische-dienstleistungen\/\",\"url\":\"https:\/\/benefituctovnictvo.sk\/de\/juristische-dienstleistungen\/\",\"name\":\"Juristische Dienstleistungen - Inter Harmony\",\"isPartOf\":{\"@id\":\"https:\/\/benefituctovnictvo.sk\/de\/#website\"},\"datePublished\":\"2022-06-27T10:58:12+00:00\",\"dateModified\":\"2024-10-31T12:40:23+00:00\",\"description\":\"Na\u0161a spolo\u010dnos\u0165 sa zameriava na \u0161irok\u00e9 spektrum pr\u00e1vnych slu\u017eieb, ktor\u00e9 m\u00f4\u017eu vyu\u017ei\u0165 nielen podnikatelia, ale aj fyzick\u00e9 osoby.\",\"breadcrumb\":{\"@id\":\"https:\/\/benefituctovnictvo.sk\/de\/juristische-dienstleistungen\/#breadcrumb\"},\"inLanguage\":\"de\",\"potentialAction\":[{\"@type\":\"ReadAction\",\"target\":[\"https:\/\/benefituctovnictvo.sk\/de\/juristische-dienstleistungen\/\"]}]},{\"@type\":\"BreadcrumbList\",\"@id\":\"https:\/\/benefituctovnictvo.sk\/de\/juristische-dienstleistungen\/#breadcrumb\",\"itemListElement\":[{\"@type\":\"ListItem\",\"position\":1,\"name\":\"Domovsk\u00e1 str\u00e1nka\",\"item\":\"https:\/\/benefituctovnictvo.sk\/de\/\"},{\"@type\":\"ListItem\",\"position\":2,\"name\":\"Juristische Dienstleistungen\"}]},{\"@type\":\"WebSite\",\"@id\":\"https:\/\/benefituctovnictvo.sk\/de\/#website\",\"url\":\"https:\/\/benefituctovnictvo.sk\/de\/\",\"name\":\"Inter Harmony\",\"description\":\"\u00da\u010dtovn\u00e1 kancel\u00e1ria a poradenstvo\",\"publisher\":{\"@id\":\"https:\/\/benefituctovnictvo.sk\/de\/#organization\"},\"potentialAction\":[{\"@type\":\"SearchAction\",\"target\":{\"@type\":\"EntryPoint\",\"urlTemplate\":\"https:\/\/benefituctovnictvo.sk\/de\/?s={search_term_string}\"},\"query-input\":{\"@type\":\"PropertyValueSpecification\",\"valueRequired\":true,\"valueName\":\"search_term_string\"}}],\"inLanguage\":\"de\"},{\"@type\":\"Organization\",\"@id\":\"https:\/\/benefituctovnictvo.sk\/de\/#organization\",\"name\":\"Inter Harmony, spol. s r.o.\",\"url\":\"https:\/\/benefituctovnictvo.sk\/de\/\",\"logo\":{\"@type\":\"ImageObject\",\"inLanguage\":\"de\",\"@id\":\"https:\/\/benefituctovnictvo.sk\/de\/#\/schema\/logo\/image\/\",\"url\":\"https:\/\/benefituctovnictvo.sk\/wp-content\/uploads\/2022\/08\/logo.jpg\",\"contentUrl\":\"https:\/\/benefituctovnictvo.sk\/wp-content\/uploads\/2022\/08\/logo.jpg\",\"width\":850,\"height\":850,\"caption\":\"Inter Harmony, spol. s r.o.\"},\"image\":{\"@id\":\"https:\/\/benefituctovnictvo.sk\/de\/#\/schema\/logo\/image\/\"}}]}<\/script>\r\n<!-- \/ Yoast SEO plugin. -->","yoast_head_json":{"title":"Juristische Dienstleistungen - Inter Harmony","description":"Na\u0161a spolo\u010dnos\u0165 sa zameriava na \u0161irok\u00e9 spektrum pr\u00e1vnych slu\u017eieb, ktor\u00e9 m\u00f4\u017eu vyu\u017ei\u0165 nielen podnikatelia, ale aj fyzick\u00e9 osoby.","robots":{"index":"index","follow":"follow","max-snippet":"max-snippet:-1","max-image-preview":"max-image-preview:large","max-video-preview":"max-video-preview:-1"},"canonical":"https:\/\/benefituctovnictvo.sk\/de\/juristische-dienstleistungen\/","og_locale":"de_DE","og_type":"article","og_title":"Juristische Dienstleistungen - Inter Harmony","og_description":"Na\u0161a spolo\u010dnos\u0165 sa zameriava na \u0161irok\u00e9 spektrum pr\u00e1vnych slu\u017eieb, ktor\u00e9 m\u00f4\u017eu vyu\u017ei\u0165 nielen podnikatelia, ale aj fyzick\u00e9 osoby.","og_url":"https:\/\/benefituctovnictvo.sk\/de\/juristische-dienstleistungen\/","og_site_name":"Inter Harmony","article_modified_time":"2024-10-31T12:40:23+00:00","twitter_card":"summary_large_image","twitter_misc":{"Gesch\u00e4tzte Lesezeit":"4\u00a0Minuten"},"schema":{"@context":"https:\/\/schema.org","@graph":[{"@type":"WebPage","@id":"https:\/\/benefituctovnictvo.sk\/de\/juristische-dienstleistungen\/","url":"https:\/\/benefituctovnictvo.sk\/de\/juristische-dienstleistungen\/","name":"Juristische Dienstleistungen - Inter Harmony","isPartOf":{"@id":"https:\/\/benefituctovnictvo.sk\/de\/#website"},"datePublished":"2022-06-27T10:58:12+00:00","dateModified":"2024-10-31T12:40:23+00:00","description":"Na\u0161a spolo\u010dnos\u0165 sa zameriava na \u0161irok\u00e9 spektrum pr\u00e1vnych slu\u017eieb, ktor\u00e9 m\u00f4\u017eu vyu\u017ei\u0165 nielen podnikatelia, ale aj fyzick\u00e9 osoby.","breadcrumb":{"@id":"https:\/\/benefituctovnictvo.sk\/de\/juristische-dienstleistungen\/#breadcrumb"},"inLanguage":"de","potentialAction":[{"@type":"ReadAction","target":["https:\/\/benefituctovnictvo.sk\/de\/juristische-dienstleistungen\/"]}]},{"@type":"BreadcrumbList","@id":"https:\/\/benefituctovnictvo.sk\/de\/juristische-dienstleistungen\/#breadcrumb","itemListElement":[{"@type":"ListItem","position":1,"name":"Domovsk\u00e1 str\u00e1nka","item":"https:\/\/benefituctovnictvo.sk\/de\/"},{"@type":"ListItem","position":2,"name":"Juristische Dienstleistungen"}]},{"@type":"WebSite","@id":"https:\/\/benefituctovnictvo.sk\/de\/#website","url":"https:\/\/benefituctovnictvo.sk\/de\/","name":"Inter Harmony","description":"\u00da\u010dtovn\u00e1 kancel\u00e1ria a poradenstvo","publisher":{"@id":"https:\/\/benefituctovnictvo.sk\/de\/#organization"},"potentialAction":[{"@type":"SearchAction","target":{"@type":"EntryPoint","urlTemplate":"https:\/\/benefituctovnictvo.sk\/de\/?s={search_term_string}"},"query-input":{"@type":"PropertyValueSpecification","valueRequired":true,"valueName":"search_term_string"}}],"inLanguage":"de"},{"@type":"Organization","@id":"https:\/\/benefituctovnictvo.sk\/de\/#organization","name":"Inter Harmony, spol. s r.o.","url":"https:\/\/benefituctovnictvo.sk\/de\/","logo":{"@type":"ImageObject","inLanguage":"de","@id":"https:\/\/benefituctovnictvo.sk\/de\/#\/schema\/logo\/image\/","url":"https:\/\/benefituctovnictvo.sk\/wp-content\/uploads\/2022\/08\/logo.jpg","contentUrl":"https:\/\/benefituctovnictvo.sk\/wp-content\/uploads\/2022\/08\/logo.jpg","width":850,"height":850,"caption":"Inter Harmony, spol. s r.o."},"image":{"@id":"https:\/\/benefituctovnictvo.sk\/de\/#\/schema\/logo\/image\/"}}]}},"_links":{"self":[{"href":"https:\/\/benefituctovnictvo.sk\/de\/wp-json\/wp\/v2\/pages\/7265"}],"collection":[{"href":"https:\/\/benefituctovnictvo.sk\/de\/wp-json\/wp\/v2\/pages"}],"about":[{"href":"https:\/\/benefituctovnictvo.sk\/de\/wp-json\/wp\/v2\/types\/page"}],"author":[{"embeddable":true,"href":"https:\/\/benefituctovnictvo.sk\/de\/wp-json\/wp\/v2\/users\/1"}],"replies":[{"embeddable":true,"href":"https:\/\/benefituctovnictvo.sk\/de\/wp-json\/wp\/v2\/comments?post=7265"}],"version-history":[{"count":2,"href":"https:\/\/benefituctovnictvo.sk\/de\/wp-json\/wp\/v2\/pages\/7265\/revisions"}],"predecessor-version":[{"id":7430,"href":"https:\/\/benefituctovnictvo.sk\/de\/wp-json\/wp\/v2\/pages\/7265\/revisions\/7430"}],"wp:attachment":[{"href":"https:\/\/benefituctovnictvo.sk\/de\/wp-json\/wp\/v2\/media?parent=7265"}],"curies":[{"name":"wp","href":"https:\/\/api.w.org\/{rel}","templated":true}]}}